{"id":100876,"date":"2024-05-23T10:09:45","date_gmt":"2024-05-23T08:09:45","guid":{"rendered":"https:\/\/letrame.com\/catalogo\/producto\/no-llegare-a-la-hora-de-la-cena\/"},"modified":"2024-05-23T11:24:44","modified_gmt":"2024-05-23T09:24:44","slug":"no-llegare-a-la-hora-de-la-cena","status":"publish","type":"product","link":"https:\/\/letrame.com\/catalogo\/producto\/no-llegare-a-la-hora-de-la-cena\/","title":{"rendered":"No llegar\u00e9 a la hora de la cena"},"content":{"rendered":"<p>ISBN:\u00a0978-84-1068-083-8<br \/>\nT\u00edtulo:\u2028No llegar\u00e9 a la hora de la cena<br \/>\nFecha:\u20282024<br \/>\nP\u00e1ginas:\u00a0404<br \/>\nSINOPSIS<br \/>\nNo llegar\u00e9 a la hora de la cena es la historia de Camila y Juliana, dos hermanas que, por sus decisiones y carencias, se encuentran viviendo en ciudades diferentes y que desde el dolor de la separaci\u00f3n nos narran sus vivencias en el marco del paro nacional que se vivi\u00f3 en Colombia durante el a\u00f1o 2021.<br \/>\nEl universo de las hermanas est\u00e1 conformado por sus grandes referentes: \u00c1ngela, su madre, y Socorro, su abuela, as\u00ed como tambi\u00e9n por dos fantasmas: V\u00edctor y Marcos, dos presencias que, aunque lejanas, configuran los conflictos internos y externos que atraviesan estas cuatro mujeres.<br \/>\nLas protagonistas pondr\u00e1n a prueba el v\u00ednculo simbi\u00f3tico que las ha unido durante toda su vida, mientras intentan sobrevivir a la brutalidad policial que se vive en las calles.<\/p>\n","protected":false},"excerpt":{"rendered":"<p>ISBN:\u00a0978-84-1068-083-8<\/p>\n<p>SINOPSIS<br \/>\nNo llegar\u00e9 a la hora de la cena es la historia de Camila y Juliana, dos hermanas que, por sus decisiones y carencias, se encuentran viviendo en ciudades diferentes y que desde el dolor de la separaci\u00f3n nos narran sus vivencias en el marco del paro nacional que se vivi\u00f3 en Colombia durante el a\u00f1o 2021.<br \/>\nEl universo de las hermanas est\u00e1 conformado por sus grandes referentes: \u00c1ngela, su madre, y Socorro, su abuela, as\u00ed como tambi\u00e9n por dos fantasmas: V\u00edctor y Marcos, dos presencias que, aunque lejanas, configuran los conflictos internos y externos que atraviesan estas cuatro mujeres.<br \/>\nLas protagonistas pondr\u00e1n a prueba el v\u00ednculo simbi\u00f3tico que las ha unido durante toda su vida, mientras intentan sobrevivir a la brutalidad policial que se vive en las calles.<\/p>\n","protected":false},"featured_media":100877,"comment_status":"closed","ping_status":"closed","template":"","meta":{"_acf_changed":false},"libro":[],"product_brand":[],"product_cat":[47],"product_tag":[],"class_list":{"0":"post-100876","1":"product","2":"type-product","3":"status-publish","4":"has-post-thumbnail","6":"product_cat-ciencia-ficcion-misterio","8":"first","9":"instock","10":"product-type-simple"},"acf":{"autor":[100670],"enlace_de_compra":"https:\/\/www.casadellibro.com\/libro-no-llegare-a-la-hora-de-la-cena\/9788410680838\/15964188"},"yoast_head":"<!-- This site is optimized with the Yoast SEO plugin v27.4 - https:\/\/yoast.com\/product\/yoast-seo-wordpress\/ -->\n<title>No llegar\u00e9 a la hora de la cena - Catalogo | Letrame Grupo Editorial<\/title>\n<meta name=\"robots\" content=\"index, follow, max-snippet:-1, max-image-preview:large, max-video-preview:-1\" \/>\n<link rel=\"canonical\" href=\"https:\/\/letrame.com\/catalogo\/producto\/no-llegare-a-la-hora-de-la-cena\/\" \/>\n<meta property=\"og:locale\" content=\"es_ES\" \/>\n<meta property=\"og:type\" content=\"article\" \/>\n<meta property=\"og:title\" content=\"No llegar\u00e9 a la hora de la cena - Catalogo | Letrame Grupo Editorial\" \/>\n<meta property=\"og:description\" content=\"ISBN:\u00a0978-84-1068-083-8  SINOPSIS No llegar\u00e9 a la hora de la cena es la historia de Camila y Juliana, dos hermanas que, por sus decisiones y carencias, se encuentran viviendo en ciudades diferentes y que desde el dolor de la separaci\u00f3n nos narran sus vivencias en el marco del paro nacional que se vivi\u00f3 en Colombia durante el a\u00f1o 2021. El universo de las hermanas est\u00e1 conformado por sus grandes referentes: \u00c1ngela, su madre, y Socorro, su abuela, as\u00ed como tambi\u00e9n por dos fantasmas: V\u00edctor y Marcos, dos presencias que, aunque lejanas, configuran los conflictos internos y externos que atraviesan estas cuatro mujeres. Las protagonistas pondr\u00e1n a prueba el v\u00ednculo simbi\u00f3tico que las ha unido durante toda su vida, mientras intentan sobrevivir a la brutalidad policial que se vive en las calles.\" \/>\n<meta property=\"og:url\" content=\"https:\/\/letrame.com\/catalogo\/producto\/no-llegare-a-la-hora-de-la-cena\/\" \/>\n<meta property=\"og:site_name\" content=\"Catalogo | Letrame Grupo Editorial\" \/>\n<meta property=\"article:modified_time\" content=\"2024-05-23T09:24:44+00:00\" \/>\n<meta property=\"og:image\" content=\"https:\/\/letrame.com\/catalogo\/wp-content\/uploads\/2024\/05\/webp_nollegare_197mm-compressed-scaled-1.jpg\" \/>\n\t<meta property=\"og:image:width\" content=\"1696\" \/>\n\t<meta property=\"og:image:height\" content=\"2560\" \/>\n\t<meta property=\"og:image:type\" content=\"image\/jpeg\" \/>\n<meta name=\"twitter:card\" content=\"summary_large_image\" \/>\n<meta name=\"twitter:label1\" content=\"Tiempo de lectura\" \/>\n\t<meta name=\"twitter:data1\" content=\"1 minuto\" \/>\n<script type=\"application\/ld+json\" class=\"yoast-schema-graph\">{\"@context\":\"https:\\\/\\\/schema.org\",\"@graph\":[{\"@type\":\"WebPage\",\"@id\":\"https:\\\/\\\/letrame.com\\\/catalogo\\\/producto\\\/no-llegare-a-la-hora-de-la-cena\\\/\",\"url\":\"https:\\\/\\\/letrame.com\\\/catalogo\\\/producto\\\/no-llegare-a-la-hora-de-la-cena\\\/\",\"name\":\"No llegar\u00e9 a la hora de la cena - Catalogo | Letrame Grupo Editorial\",\"isPartOf\":{\"@id\":\"https:\\\/\\\/letrame.com\\\/catalogo\\\/#website\"},\"primaryImageOfPage\":{\"@id\":\"https:\\\/\\\/letrame.com\\\/catalogo\\\/producto\\\/no-llegare-a-la-hora-de-la-cena\\\/#primaryimage\"},\"image\":{\"@id\":\"https:\\\/\\\/letrame.com\\\/catalogo\\\/producto\\\/no-llegare-a-la-hora-de-la-cena\\\/#primaryimage\"},\"thumbnailUrl\":\"https:\\\/\\\/letrame.com\\\/catalogo\\\/wp-content\\\/uploads\\\/2024\\\/05\\\/webp_nollegare_197mm-compressed-scaled-1.jpg\",\"datePublished\":\"2024-05-23T08:09:45+00:00\",\"dateModified\":\"2024-05-23T09:24:44+00:00\",\"breadcrumb\":{\"@id\":\"https:\\\/\\\/letrame.com\\\/catalogo\\\/producto\\\/no-llegare-a-la-hora-de-la-cena\\\/#breadcrumb\"},\"inLanguage\":\"es\",\"potentialAction\":[{\"@type\":\"ReadAction\",\"target\":[\"https:\\\/\\\/letrame.com\\\/catalogo\\\/producto\\\/no-llegare-a-la-hora-de-la-cena\\\/\"]}]},{\"@type\":\"ImageObject\",\"inLanguage\":\"es\",\"@id\":\"https:\\\/\\\/letrame.com\\\/catalogo\\\/producto\\\/no-llegare-a-la-hora-de-la-cena\\\/#primaryimage\",\"url\":\"https:\\\/\\\/letrame.com\\\/catalogo\\\/wp-content\\\/uploads\\\/2024\\\/05\\\/webp_nollegare_197mm-compressed-scaled-1.jpg\",\"contentUrl\":\"https:\\\/\\\/letrame.com\\\/catalogo\\\/wp-content\\\/uploads\\\/2024\\\/05\\\/webp_nollegare_197mm-compressed-scaled-1.jpg\",\"width\":1696,\"height\":2560},{\"@type\":\"BreadcrumbList\",\"@id\":\"https:\\\/\\\/letrame.com\\\/catalogo\\\/producto\\\/no-llegare-a-la-hora-de-la-cena\\\/#breadcrumb\",\"itemListElement\":[{\"@type\":\"ListItem\",\"position\":1,\"name\":\"Portada\",\"item\":\"https:\\\/\\\/letrame.com\\\/catalogo\\\/\"},{\"@type\":\"ListItem\",\"position\":2,\"name\":\"Cat\u00e1logo\",\"item\":\"https:\\\/\\\/letrame.com\\\/catalogo\\\/\"},{\"@type\":\"ListItem\",\"position\":3,\"name\":\"No llegar\u00e9 a la hora de la cena\"}]},{\"@type\":\"WebSite\",\"@id\":\"https:\\\/\\\/letrame.com\\\/catalogo\\\/#website\",\"url\":\"https:\\\/\\\/letrame.com\\\/catalogo\\\/\",\"name\":\"Catalogo | Letrame Grupo Editorial\",\"description\":\"\",\"publisher\":{\"@id\":\"https:\\\/\\\/letrame.com\\\/catalogo\\\/#organization\"},\"potentialAction\":[{\"@type\":\"SearchAction\",\"target\":{\"@type\":\"EntryPoint\",\"urlTemplate\":\"https:\\\/\\\/letrame.com\\\/catalogo\\\/?s={search_term_string}\"},\"query-input\":{\"@type\":\"PropertyValueSpecification\",\"valueRequired\":true,\"valueName\":\"search_term_string\"}}],\"inLanguage\":\"es\"},{\"@type\":\"Organization\",\"@id\":\"https:\\\/\\\/letrame.com\\\/catalogo\\\/#organization\",\"name\":\"Catalogo | Letrame Grupo Editorial\",\"url\":\"https:\\\/\\\/letrame.com\\\/catalogo\\\/\",\"logo\":{\"@type\":\"ImageObject\",\"inLanguage\":\"es\",\"@id\":\"https:\\\/\\\/letrame.com\\\/catalogo\\\/#\\\/schema\\\/logo\\\/image\\\/\",\"url\":\"https:\\\/\\\/letrame.com\\\/catalogo\\\/wp-content\\\/uploads\\\/2024\\\/03\\\/logo2.webp\",\"contentUrl\":\"https:\\\/\\\/letrame.com\\\/catalogo\\\/wp-content\\\/uploads\\\/2024\\\/03\\\/logo2.webp\",\"width\":394,\"height\":128,\"caption\":\"Catalogo | Letrame Grupo Editorial\"},\"image\":{\"@id\":\"https:\\\/\\\/letrame.com\\\/catalogo\\\/#\\\/schema\\\/logo\\\/image\\\/\"}}]}<\/script>\n<!-- \/ Yoast SEO plugin. -->","yoast_head_json":{"title":"No llegar\u00e9 a la hora de la cena - Catalogo | Letrame Grupo Editorial","robots":{"index":"index","follow":"follow","max-snippet":"max-snippet:-1","max-image-preview":"max-image-preview:large","max-video-preview":"max-video-preview:-1"},"canonical":"https:\/\/letrame.com\/catalogo\/producto\/no-llegare-a-la-hora-de-la-cena\/","og_locale":"es_ES","og_type":"article","og_title":"No llegar\u00e9 a la hora de la cena - Catalogo | Letrame Grupo Editorial","og_description":"ISBN:\u00a0978-84-1068-083-8  SINOPSIS No llegar\u00e9 a la hora de la cena es la historia de Camila y Juliana, dos hermanas que, por sus decisiones y carencias, se encuentran viviendo en ciudades diferentes y que desde el dolor de la separaci\u00f3n nos narran sus vivencias en el marco del paro nacional que se vivi\u00f3 en Colombia durante el a\u00f1o 2021. El universo de las hermanas est\u00e1 conformado por sus grandes referentes: \u00c1ngela, su madre, y Socorro, su abuela, as\u00ed como tambi\u00e9n por dos fantasmas: V\u00edctor y Marcos, dos presencias que, aunque lejanas, configuran los conflictos internos y externos que atraviesan estas cuatro mujeres. Las protagonistas pondr\u00e1n a prueba el v\u00ednculo simbi\u00f3tico que las ha unido durante toda su vida, mientras intentan sobrevivir a la brutalidad policial que se vive en las calles.","og_url":"https:\/\/letrame.com\/catalogo\/producto\/no-llegare-a-la-hora-de-la-cena\/","og_site_name":"Catalogo | Letrame Grupo Editorial","article_modified_time":"2024-05-23T09:24:44+00:00","og_image":[{"width":1696,"height":2560,"url":"https:\/\/letrame.com\/catalogo\/wp-content\/uploads\/2024\/05\/webp_nollegare_197mm-compressed-scaled-1.jpg","type":"image\/jpeg"}],"twitter_card":"summary_large_image","twitter_misc":{"Tiempo de lectura":"1 minuto"},"schema":{"@context":"https:\/\/schema.org","@graph":[{"@type":"WebPage","@id":"https:\/\/letrame.com\/catalogo\/producto\/no-llegare-a-la-hora-de-la-cena\/","url":"https:\/\/letrame.com\/catalogo\/producto\/no-llegare-a-la-hora-de-la-cena\/","name":"No llegar\u00e9 a la hora de la cena - Catalogo | Letrame Grupo Editorial","isPartOf":{"@id":"https:\/\/letrame.com\/catalogo\/#website"},"primaryImageOfPage":{"@id":"https:\/\/letrame.com\/catalogo\/producto\/no-llegare-a-la-hora-de-la-cena\/#primaryimage"},"image":{"@id":"https:\/\/letrame.com\/catalogo\/producto\/no-llegare-a-la-hora-de-la-cena\/#primaryimage"},"thumbnailUrl":"https:\/\/letrame.com\/catalogo\/wp-content\/uploads\/2024\/05\/webp_nollegare_197mm-compressed-scaled-1.jpg","datePublished":"2024-05-23T08:09:45+00:00","dateModified":"2024-05-23T09:24:44+00:00","breadcrumb":{"@id":"https:\/\/letrame.com\/catalogo\/producto\/no-llegare-a-la-hora-de-la-cena\/#breadcrumb"},"inLanguage":"es","potentialAction":[{"@type":"ReadAction","target":["https:\/\/letrame.com\/catalogo\/producto\/no-llegare-a-la-hora-de-la-cena\/"]}]},{"@type":"ImageObject","inLanguage":"es","@id":"https:\/\/letrame.com\/catalogo\/producto\/no-llegare-a-la-hora-de-la-cena\/#primaryimage","url":"https:\/\/letrame.com\/catalogo\/wp-content\/uploads\/2024\/05\/webp_nollegare_197mm-compressed-scaled-1.jpg","contentUrl":"https:\/\/letrame.com\/catalogo\/wp-content\/uploads\/2024\/05\/webp_nollegare_197mm-compressed-scaled-1.jpg","width":1696,"height":2560},{"@type":"BreadcrumbList","@id":"https:\/\/letrame.com\/catalogo\/producto\/no-llegare-a-la-hora-de-la-cena\/#breadcrumb","itemListElement":[{"@type":"ListItem","position":1,"name":"Portada","item":"https:\/\/letrame.com\/catalogo\/"},{"@type":"ListItem","position":2,"name":"Cat\u00e1logo","item":"https:\/\/letrame.com\/catalogo\/"},{"@type":"ListItem","position":3,"name":"No llegar\u00e9 a la hora de la cena"}]},{"@type":"WebSite","@id":"https:\/\/letrame.com\/catalogo\/#website","url":"https:\/\/letrame.com\/catalogo\/","name":"Catalogo | Letrame Grupo Editorial","description":"","publisher":{"@id":"https:\/\/letrame.com\/catalogo\/#organization"},"potentialAction":[{"@type":"SearchAction","target":{"@type":"EntryPoint","urlTemplate":"https:\/\/letrame.com\/catalogo\/?s={search_term_string}"},"query-input":{"@type":"PropertyValueSpecification","valueRequired":true,"valueName":"search_term_string"}}],"inLanguage":"es"},{"@type":"Organization","@id":"https:\/\/letrame.com\/catalogo\/#organization","name":"Catalogo | Letrame Grupo Editorial","url":"https:\/\/letrame.com\/catalogo\/","logo":{"@type":"ImageObject","inLanguage":"es","@id":"https:\/\/letrame.com\/catalogo\/#\/schema\/logo\/image\/","url":"https:\/\/letrame.com\/catalogo\/wp-content\/uploads\/2024\/03\/logo2.webp","contentUrl":"https:\/\/letrame.com\/catalogo\/wp-content\/uploads\/2024\/03\/logo2.webp","width":394,"height":128,"caption":"Catalogo | Letrame Grupo Editorial"},"image":{"@id":"https:\/\/letrame.com\/catalogo\/#\/schema\/logo\/image\/"}}]}},"_links":{"self":[{"href":"https:\/\/letrame.com\/catalogo\/wp-json\/wp\/v2\/product\/100876","targetHints":{"allow":["GET"]}}],"collection":[{"href":"https:\/\/letrame.com\/catalogo\/wp-json\/wp\/v2\/product"}],"about":[{"href":"https:\/\/letrame.com\/catalogo\/wp-json\/wp\/v2\/types\/product"}],"replies":[{"embeddable":true,"href":"https:\/\/letrame.com\/catalogo\/wp-json\/wp\/v2\/comments?post=100876"}],"acf:post":[{"embeddable":true,"href":"https:\/\/letrame.com\/catalogo\/wp-json\/wp\/v2\/author_book\/100670"}],"wp:featuredmedia":[{"embeddable":true,"href":"https:\/\/letrame.com\/catalogo\/wp-json\/wp\/v2\/media\/100877"}],"wp:attachment":[{"href":"https:\/\/letrame.com\/catalogo\/wp-json\/wp\/v2\/media?parent=100876"}],"wp:term":[{"taxonomy":"libro","embeddable":true,"href":"https:\/\/letrame.com\/catalogo\/wp-json\/wp\/v2\/libro?post=100876"},{"taxonomy":"product_brand","embeddable":true,"href":"https:\/\/letrame.com\/catalogo\/wp-json\/wp\/v2\/product_brand?post=100876"},{"taxonomy":"product_cat","embeddable":true,"href":"https:\/\/letrame.com\/catalogo\/wp-json\/wp\/v2\/product_cat?post=100876"},{"taxonomy":"product_tag","embeddable":true,"href":"https:\/\/letrame.com\/catalogo\/wp-json\/wp\/v2\/product_tag?post=100876"}],"curies":[{"name":"wp","href":"https:\/\/api.w.org\/{rel}","templated":true}]}}