{"id":100870,"date":"2024-05-23T10:09:45","date_gmt":"2024-05-23T08:09:45","guid":{"rendered":"https:\/\/letrame.com\/catalogo\/producto\/pasate-al-silicio-colega\/"},"modified":"2024-06-04T15:39:59","modified_gmt":"2024-06-04T13:39:59","slug":"pasate-al-silicio-colega","status":"publish","type":"product","link":"https:\/\/letrame.com\/catalogo\/producto\/pasate-al-silicio-colega\/","title":{"rendered":"P\u00e1sate al silicio, colega"},"content":{"rendered":"<p>ISBN:\u00a0978-84-1068-063-0<br \/>\nT\u00edtulo:\u2028P\u00c1SATE AL SILICIO, COLEGA<br \/>\nFecha:\u20282024<br \/>\nP\u00e1ginas:\u00a0188<br \/>\nSINOPSIS<\/p>\n<p>Los independentistas catalanes est\u00e1n poniendo en marcha una nueva estrategia de colonizaci\u00f3n del resto de Espa\u00f1a. Inspir\u00e1ndose en Gibraltar, han decidido crear una red de enclaves secretos en la costa desde los que fomentar el contrabando para arruinar a la Hacienda P\u00fablica espa\u00f1ola. El primero de esos enclaves va a ser el malague\u00f1o barrio de La T\u00e9rmica. Pero, dado que sus habitantes son felices all\u00ed y se resisten a mudarse, los independentistas requerir\u00e1n la ayuda de la Transhumanidad, un poderoso movimiento tecnol\u00f3gico-cultural norteamericano que promete la inmortalidad mediante el traslado de los procesos mentales conscientes de cada individuo desde su cerebro a un ordenador. Ante tan apabullantes enemigos, todo parece perdido. Sin embargo, algunos habitantes del barrio, tal vez gracias a su heterodoxa manera de pensar y vivir, encontrar\u00e1n el modo de oponerse a los designios de indepes y transhumanistas.<br \/>\nUna divertida s\u00e1tira que no deja t\u00edtere pol\u00edticamente correcto con cabeza.<\/p>\n","protected":false},"excerpt":{"rendered":"<p>ISBN:\u00a0978-84-1068-063-0<\/p>\n<p>SINOPSIS<\/p>\n<p>Los independentistas catalanes est\u00e1n poniendo en marcha una nueva estrategia de colonizaci\u00f3n del resto de Espa\u00f1a. Inspir\u00e1ndose en Gibraltar, han decidido crear una red de enclaves secretos en la costa desde los que fomentar el contrabando para arruinar a la Hacienda P\u00fablica espa\u00f1ola. El primero de esos enclaves va a ser el malague\u00f1o barrio de La T\u00e9rmica. Pero, dado que sus habitantes son felices all\u00ed y se resisten a mudarse, los independentistas requerir\u00e1n la ayuda de la Transhumanidad, un poderoso movimiento tecnol\u00f3gico-cultural norteamericano que promete la inmortalidad mediante el traslado de los procesos mentales conscientes de cada individuo desde su cerebro a un ordenador. Ante tan apabullantes enemigos, todo parece perdido. Sin embargo, algunos habitantes del barrio, tal vez gracias a su heterodoxa manera de pensar y vivir, encontrar\u00e1n el modo de oponerse a los designios de indepes y transhumanistas.<br \/>\nUna divertida s\u00e1tira que no deja t\u00edtere pol\u00edticamente correcto con cabeza.<\/p>\n<p>&nbsp;<\/p>\n","protected":false},"featured_media":100871,"comment_status":"closed","ping_status":"closed","template":"","meta":{"_acf_changed":false},"libro":[],"product_brand":[],"product_cat":[112],"product_tag":[],"class_list":{"0":"post-100870","1":"product","2":"type-product","3":"status-publish","4":"has-post-thumbnail","6":"product_cat-satira","8":"first","9":"instock","10":"product-type-simple"},"acf":{"autor":[100667],"enlace_de_compra":"https:\/\/www.casadellibro.com\/libro-pasate-al-silicio-colega\/9788410680630\/15964182"},"yoast_head":"<!-- This site is optimized with the Yoast SEO plugin v26.6 - https:\/\/yoast.com\/wordpress\/plugins\/seo\/ -->\n<title>P\u00e1sate al silicio, colega - Catalogo | Letrame Grupo Editorial<\/title>\n<meta name=\"robots\" content=\"index, follow, max-snippet:-1, max-image-preview:large, max-video-preview:-1\" \/>\n<link rel=\"canonical\" href=\"https:\/\/letrame.com\/catalogo\/producto\/pasate-al-silicio-colega\/\" \/>\n<meta property=\"og:locale\" content=\"es_ES\" \/>\n<meta property=\"og:type\" content=\"article\" \/>\n<meta property=\"og:title\" content=\"P\u00e1sate al silicio, colega - Catalogo | Letrame Grupo Editorial\" \/>\n<meta property=\"og:description\" content=\"ISBN:\u00a0978-84-1068-063-0  SINOPSIS  Los independentistas catalanes est\u00e1n poniendo en marcha una nueva estrategia de colonizaci\u00f3n del resto de Espa\u00f1a. Inspir\u00e1ndose en Gibraltar, han decidido crear una red de enclaves secretos en la costa desde los que fomentar el contrabando para arruinar a la Hacienda P\u00fablica espa\u00f1ola. El primero de esos enclaves va a ser el malague\u00f1o barrio de La T\u00e9rmica. Pero, dado que sus habitantes son felices all\u00ed y se resisten a mudarse, los independentistas requerir\u00e1n la ayuda de la Transhumanidad, un poderoso movimiento tecnol\u00f3gico-cultural norteamericano que promete la inmortalidad mediante el traslado de los procesos mentales conscientes de cada individuo desde su cerebro a un ordenador. Ante tan apabullantes enemigos, todo parece perdido. Sin embargo, algunos habitantes del barrio, tal vez gracias a su heterodoxa manera de pensar y vivir, encontrar\u00e1n el modo de oponerse a los designios de indepes y transhumanistas. Una divertida s\u00e1tira que no deja t\u00edtere pol\u00edticamente correcto con cabeza.  &nbsp;\" \/>\n<meta property=\"og:url\" content=\"https:\/\/letrame.com\/catalogo\/producto\/pasate-al-silicio-colega\/\" \/>\n<meta property=\"og:site_name\" content=\"Catalogo | Letrame Grupo Editorial\" \/>\n<meta property=\"article:modified_time\" content=\"2024-06-04T13:39:59+00:00\" \/>\n<meta property=\"og:image\" content=\"https:\/\/letrame.com\/catalogo\/wp-content\/uploads\/2024\/05\/webp_pasatealsilicio_974mm-compressed-scaled-1.jpg\" \/>\n\t<meta property=\"og:image:width\" content=\"1746\" \/>\n\t<meta property=\"og:image:height\" content=\"2560\" \/>\n\t<meta property=\"og:image:type\" content=\"image\/jpeg\" \/>\n<meta name=\"twitter:card\" content=\"summary_large_image\" \/>\n<meta name=\"twitter:label1\" content=\"Tiempo de lectura\" \/>\n\t<meta name=\"twitter:data1\" content=\"1 minuto\" \/>\n<script type=\"application\/ld+json\" class=\"yoast-schema-graph\">{\"@context\":\"https:\/\/schema.org\",\"@graph\":[{\"@type\":\"WebPage\",\"@id\":\"https:\/\/letrame.com\/catalogo\/producto\/pasate-al-silicio-colega\/\",\"url\":\"https:\/\/letrame.com\/catalogo\/producto\/pasate-al-silicio-colega\/\",\"name\":\"P\u00e1sate al silicio, colega - Catalogo | Letrame Grupo Editorial\",\"isPartOf\":{\"@id\":\"https:\/\/letrame.com\/catalogo\/#website\"},\"primaryImageOfPage\":{\"@id\":\"https:\/\/letrame.com\/catalogo\/producto\/pasate-al-silicio-colega\/#primaryimage\"},\"image\":{\"@id\":\"https:\/\/letrame.com\/catalogo\/producto\/pasate-al-silicio-colega\/#primaryimage\"},\"thumbnailUrl\":\"https:\/\/letrame.com\/catalogo\/wp-content\/uploads\/2024\/05\/webp_pasatealsilicio_974mm-compressed-scaled-1.jpg\",\"datePublished\":\"2024-05-23T08:09:45+00:00\",\"dateModified\":\"2024-06-04T13:39:59+00:00\",\"breadcrumb\":{\"@id\":\"https:\/\/letrame.com\/catalogo\/producto\/pasate-al-silicio-colega\/#breadcrumb\"},\"inLanguage\":\"es\",\"potentialAction\":[{\"@type\":\"ReadAction\",\"target\":[\"https:\/\/letrame.com\/catalogo\/producto\/pasate-al-silicio-colega\/\"]}]},{\"@type\":\"ImageObject\",\"inLanguage\":\"es\",\"@id\":\"https:\/\/letrame.com\/catalogo\/producto\/pasate-al-silicio-colega\/#primaryimage\",\"url\":\"https:\/\/letrame.com\/catalogo\/wp-content\/uploads\/2024\/05\/webp_pasatealsilicio_974mm-compressed-scaled-1.jpg\",\"contentUrl\":\"https:\/\/letrame.com\/catalogo\/wp-content\/uploads\/2024\/05\/webp_pasatealsilicio_974mm-compressed-scaled-1.jpg\",\"width\":1746,\"height\":2560},{\"@type\":\"BreadcrumbList\",\"@id\":\"https:\/\/letrame.com\/catalogo\/producto\/pasate-al-silicio-colega\/#breadcrumb\",\"itemListElement\":[{\"@type\":\"ListItem\",\"position\":1,\"name\":\"Portada\",\"item\":\"https:\/\/letrame.com\/catalogo\/\"},{\"@type\":\"ListItem\",\"position\":2,\"name\":\"Cat\u00e1logo\",\"item\":\"https:\/\/letrame.com\/catalogo\/\"},{\"@type\":\"ListItem\",\"position\":3,\"name\":\"P\u00e1sate al silicio, colega\"}]},{\"@type\":\"WebSite\",\"@id\":\"https:\/\/letrame.com\/catalogo\/#website\",\"url\":\"https:\/\/letrame.com\/catalogo\/\",\"name\":\"Catalogo | Letrame Grupo Editorial\",\"description\":\"\",\"publisher\":{\"@id\":\"https:\/\/letrame.com\/catalogo\/#organization\"},\"potentialAction\":[{\"@type\":\"SearchAction\",\"target\":{\"@type\":\"EntryPoint\",\"urlTemplate\":\"https:\/\/letrame.com\/catalogo\/?s={search_term_string}\"},\"query-input\":{\"@type\":\"PropertyValueSpecification\",\"valueRequired\":true,\"valueName\":\"search_term_string\"}}],\"inLanguage\":\"es\"},{\"@type\":\"Organization\",\"@id\":\"https:\/\/letrame.com\/catalogo\/#organization\",\"name\":\"Catalogo | Letrame Grupo Editorial\",\"url\":\"https:\/\/letrame.com\/catalogo\/\",\"logo\":{\"@type\":\"ImageObject\",\"inLanguage\":\"es\",\"@id\":\"https:\/\/letrame.com\/catalogo\/#\/schema\/logo\/image\/\",\"url\":\"https:\/\/letrame.com\/catalogo\/wp-content\/uploads\/2024\/03\/logo2.webp\",\"contentUrl\":\"https:\/\/letrame.com\/catalogo\/wp-content\/uploads\/2024\/03\/logo2.webp\",\"width\":394,\"height\":128,\"caption\":\"Catalogo | Letrame Grupo Editorial\"},\"image\":{\"@id\":\"https:\/\/letrame.com\/catalogo\/#\/schema\/logo\/image\/\"}}]}<\/script>\n<!-- \/ Yoast SEO plugin. -->","yoast_head_json":{"title":"P\u00e1sate al silicio, colega - Catalogo | Letrame Grupo Editorial","robots":{"index":"index","follow":"follow","max-snippet":"max-snippet:-1","max-image-preview":"max-image-preview:large","max-video-preview":"max-video-preview:-1"},"canonical":"https:\/\/letrame.com\/catalogo\/producto\/pasate-al-silicio-colega\/","og_locale":"es_ES","og_type":"article","og_title":"P\u00e1sate al silicio, colega - Catalogo | Letrame Grupo Editorial","og_description":"ISBN:\u00a0978-84-1068-063-0  SINOPSIS  Los independentistas catalanes est\u00e1n poniendo en marcha una nueva estrategia de colonizaci\u00f3n del resto de Espa\u00f1a. Inspir\u00e1ndose en Gibraltar, han decidido crear una red de enclaves secretos en la costa desde los que fomentar el contrabando para arruinar a la Hacienda P\u00fablica espa\u00f1ola. El primero de esos enclaves va a ser el malague\u00f1o barrio de La T\u00e9rmica. Pero, dado que sus habitantes son felices all\u00ed y se resisten a mudarse, los independentistas requerir\u00e1n la ayuda de la Transhumanidad, un poderoso movimiento tecnol\u00f3gico-cultural norteamericano que promete la inmortalidad mediante el traslado de los procesos mentales conscientes de cada individuo desde su cerebro a un ordenador. Ante tan apabullantes enemigos, todo parece perdido. Sin embargo, algunos habitantes del barrio, tal vez gracias a su heterodoxa manera de pensar y vivir, encontrar\u00e1n el modo de oponerse a los designios de indepes y transhumanistas. Una divertida s\u00e1tira que no deja t\u00edtere pol\u00edticamente correcto con cabeza.  &nbsp;","og_url":"https:\/\/letrame.com\/catalogo\/producto\/pasate-al-silicio-colega\/","og_site_name":"Catalogo | Letrame Grupo Editorial","article_modified_time":"2024-06-04T13:39:59+00:00","og_image":[{"width":1746,"height":2560,"url":"https:\/\/letrame.com\/catalogo\/wp-content\/uploads\/2024\/05\/webp_pasatealsilicio_974mm-compressed-scaled-1.jpg","type":"image\/jpeg"}],"twitter_card":"summary_large_image","twitter_misc":{"Tiempo de lectura":"1 minuto"},"schema":{"@context":"https:\/\/schema.org","@graph":[{"@type":"WebPage","@id":"https:\/\/letrame.com\/catalogo\/producto\/pasate-al-silicio-colega\/","url":"https:\/\/letrame.com\/catalogo\/producto\/pasate-al-silicio-colega\/","name":"P\u00e1sate al silicio, colega - Catalogo | Letrame Grupo Editorial","isPartOf":{"@id":"https:\/\/letrame.com\/catalogo\/#website"},"primaryImageOfPage":{"@id":"https:\/\/letrame.com\/catalogo\/producto\/pasate-al-silicio-colega\/#primaryimage"},"image":{"@id":"https:\/\/letrame.com\/catalogo\/producto\/pasate-al-silicio-colega\/#primaryimage"},"thumbnailUrl":"https:\/\/letrame.com\/catalogo\/wp-content\/uploads\/2024\/05\/webp_pasatealsilicio_974mm-compressed-scaled-1.jpg","datePublished":"2024-05-23T08:09:45+00:00","dateModified":"2024-06-04T13:39:59+00:00","breadcrumb":{"@id":"https:\/\/letrame.com\/catalogo\/producto\/pasate-al-silicio-colega\/#breadcrumb"},"inLanguage":"es","potentialAction":[{"@type":"ReadAction","target":["https:\/\/letrame.com\/catalogo\/producto\/pasate-al-silicio-colega\/"]}]},{"@type":"ImageObject","inLanguage":"es","@id":"https:\/\/letrame.com\/catalogo\/producto\/pasate-al-silicio-colega\/#primaryimage","url":"https:\/\/letrame.com\/catalogo\/wp-content\/uploads\/2024\/05\/webp_pasatealsilicio_974mm-compressed-scaled-1.jpg","contentUrl":"https:\/\/letrame.com\/catalogo\/wp-content\/uploads\/2024\/05\/webp_pasatealsilicio_974mm-compressed-scaled-1.jpg","width":1746,"height":2560},{"@type":"BreadcrumbList","@id":"https:\/\/letrame.com\/catalogo\/producto\/pasate-al-silicio-colega\/#breadcrumb","itemListElement":[{"@type":"ListItem","position":1,"name":"Portada","item":"https:\/\/letrame.com\/catalogo\/"},{"@type":"ListItem","position":2,"name":"Cat\u00e1logo","item":"https:\/\/letrame.com\/catalogo\/"},{"@type":"ListItem","position":3,"name":"P\u00e1sate al silicio, colega"}]},{"@type":"WebSite","@id":"https:\/\/letrame.com\/catalogo\/#website","url":"https:\/\/letrame.com\/catalogo\/","name":"Catalogo | Letrame Grupo Editorial","description":"","publisher":{"@id":"https:\/\/letrame.com\/catalogo\/#organization"},"potentialAction":[{"@type":"SearchAction","target":{"@type":"EntryPoint","urlTemplate":"https:\/\/letrame.com\/catalogo\/?s={search_term_string}"},"query-input":{"@type":"PropertyValueSpecification","valueRequired":true,"valueName":"search_term_string"}}],"inLanguage":"es"},{"@type":"Organization","@id":"https:\/\/letrame.com\/catalogo\/#organization","name":"Catalogo | Letrame Grupo Editorial","url":"https:\/\/letrame.com\/catalogo\/","logo":{"@type":"ImageObject","inLanguage":"es","@id":"https:\/\/letrame.com\/catalogo\/#\/schema\/logo\/image\/","url":"https:\/\/letrame.com\/catalogo\/wp-content\/uploads\/2024\/03\/logo2.webp","contentUrl":"https:\/\/letrame.com\/catalogo\/wp-content\/uploads\/2024\/03\/logo2.webp","width":394,"height":128,"caption":"Catalogo | Letrame Grupo Editorial"},"image":{"@id":"https:\/\/letrame.com\/catalogo\/#\/schema\/logo\/image\/"}}]}},"_links":{"self":[{"href":"https:\/\/letrame.com\/catalogo\/wp-json\/wp\/v2\/product\/100870","targetHints":{"allow":["GET"]}}],"collection":[{"href":"https:\/\/letrame.com\/catalogo\/wp-json\/wp\/v2\/product"}],"about":[{"href":"https:\/\/letrame.com\/catalogo\/wp-json\/wp\/v2\/types\/product"}],"replies":[{"embeddable":true,"href":"https:\/\/letrame.com\/catalogo\/wp-json\/wp\/v2\/comments?post=100870"}],"acf:post":[{"embeddable":true,"href":"https:\/\/letrame.com\/catalogo\/wp-json\/wp\/v2\/author_book\/100667"}],"wp:featuredmedia":[{"embeddable":true,"href":"https:\/\/letrame.com\/catalogo\/wp-json\/wp\/v2\/media\/100871"}],"wp:attachment":[{"href":"https:\/\/letrame.com\/catalogo\/wp-json\/wp\/v2\/media?parent=100870"}],"wp:term":[{"taxonomy":"libro","embeddable":true,"href":"https:\/\/letrame.com\/catalogo\/wp-json\/wp\/v2\/libro?post=100870"},{"taxonomy":"product_brand","embeddable":true,"href":"https:\/\/letrame.com\/catalogo\/wp-json\/wp\/v2\/product_brand?post=100870"},{"taxonomy":"product_cat","embeddable":true,"href":"https:\/\/letrame.com\/catalogo\/wp-json\/wp\/v2\/product_cat?post=100870"},{"taxonomy":"product_tag","embeddable":true,"href":"https:\/\/letrame.com\/catalogo\/wp-json\/wp\/v2\/product_tag?post=100870"}],"curies":[{"name":"wp","href":"https:\/\/api.w.org\/{rel}","templated":true}]}}