{"id":100854,"date":"2024-05-23T10:09:12","date_gmt":"2024-05-23T08:09:12","guid":{"rendered":"https:\/\/letrame.com\/catalogo\/producto\/lo-que-ignoramos-los-psicologos\/"},"modified":"2024-05-23T11:28:03","modified_gmt":"2024-05-23T09:28:03","slug":"lo-que-ignoramos-los-psicologos","status":"publish","type":"product","link":"https:\/\/letrame.com\/catalogo\/producto\/lo-que-ignoramos-los-psicologos\/","title":{"rendered":"Lo que ignoramos los psic\u00f3logos"},"content":{"rendered":"<p>ISBN:\u00a0978-84-1181-827-8<br \/>\nT\u00edtulo:\u2028Lo que ignoramos los psic\u00f3logos<br \/>\nFecha:\u20282024<br \/>\nP\u00e1ginas:\u00a0138<br \/>\nSINOPSIS<\/p>\n<p>A trav\u00e9s de las p\u00e1ginas de este libro se busca aportar contenido de valor a los psic\u00f3logos que quieran emprender pero no cuenten con las bases necesarias para hacerlo. El objetivo no es solamente motivarlos a recorrer este camino, sino tambi\u00e9n facilitar que encuentren de manera consolidada la informaci\u00f3n pertinente para dar los primeros pasos hacia el emprendimiento.<br \/>\nEste libro se encuentra dividido en seis cap\u00edtulos que establecen la manera de aproximarse al emprendimiento en sus primeras fases, donde se aborda la importancia del cambio de mentalidad, la generaci\u00f3n de la idea de negocio, el modelamiento de la misma, la definici\u00f3n del perfil del emprendedor y la generaci\u00f3n de marca. Por \u00faltimo, se brinda informaci\u00f3n sobre tipos de apalancamiento.<\/p>\n","protected":false},"excerpt":{"rendered":"<p>ISBN:\u00a0978-84-1181-827-8<\/p>\n<p>SINOPSIS<\/p>\n<p>A trav\u00e9s de las p\u00e1ginas de este libro se busca aportar contenido de valor a los psic\u00f3logos que quieran emprender pero no cuenten con las bases necesarias para hacerlo. El objetivo no es solamente motivarlos a recorrer este camino, sino tambi\u00e9n facilitar que encuentren de manera consolidada la informaci\u00f3n pertinente para dar los primeros pasos hacia el emprendimiento.<br \/>\nEste libro se encuentra dividido en seis cap\u00edtulos que establecen la manera de aproximarse al emprendimiento en sus primeras fases, donde se aborda la importancia del cambio de mentalidad, la generaci\u00f3n de la idea de negocio, el modelamiento de la misma, la definici\u00f3n del perfil del emprendedor y la generaci\u00f3n de marca. Por \u00faltimo, se brinda informaci\u00f3n sobre tipos de apalancamiento.<\/p>\n","protected":false},"featured_media":100855,"comment_status":"closed","ping_status":"closed","template":"","meta":{"_acf_changed":false},"libro":[],"product_brand":[],"product_cat":[23],"product_tag":[],"class_list":{"0":"post-100854","1":"product","2":"type-product","3":"status-publish","4":"has-post-thumbnail","6":"product_cat-ensayos","8":"first","9":"instock","10":"product-type-simple"},"acf":{"autor":[100657],"enlace_de_compra":"https:\/\/www.agapea.com\/Alexandra-Pena\/Lo-que-ignoramos-los-psicologos-9788411818278-i.htm"},"yoast_head":"<!-- This site is optimized with the Yoast SEO plugin v27.4 - https:\/\/yoast.com\/product\/yoast-seo-wordpress\/ -->\n<title>Lo que ignoramos los psic\u00f3logos - Catalogo | Letrame Grupo Editorial<\/title>\n<meta name=\"robots\" content=\"index, follow, max-snippet:-1, max-image-preview:large, max-video-preview:-1\" \/>\n<link rel=\"canonical\" href=\"https:\/\/letrame.com\/catalogo\/producto\/lo-que-ignoramos-los-psicologos\/\" \/>\n<meta property=\"og:locale\" content=\"es_ES\" \/>\n<meta property=\"og:type\" content=\"article\" \/>\n<meta property=\"og:title\" content=\"Lo que ignoramos los psic\u00f3logos - Catalogo | Letrame Grupo Editorial\" \/>\n<meta property=\"og:description\" content=\"ISBN:\u00a0978-84-1181-827-8  SINOPSIS  A trav\u00e9s de las p\u00e1ginas de este libro se busca aportar contenido de valor a los psic\u00f3logos que quieran emprender pero no cuenten con las bases necesarias para hacerlo. El objetivo no es solamente motivarlos a recorrer este camino, sino tambi\u00e9n facilitar que encuentren de manera consolidada la informaci\u00f3n pertinente para dar los primeros pasos hacia el emprendimiento. Este libro se encuentra dividido en seis cap\u00edtulos que establecen la manera de aproximarse al emprendimiento en sus primeras fases, donde se aborda la importancia del cambio de mentalidad, la generaci\u00f3n de la idea de negocio, el modelamiento de la misma, la definici\u00f3n del perfil del emprendedor y la generaci\u00f3n de marca. Por \u00faltimo, se brinda informaci\u00f3n sobre tipos de apalancamiento.\" \/>\n<meta property=\"og:url\" content=\"https:\/\/letrame.com\/catalogo\/producto\/lo-que-ignoramos-los-psicologos\/\" \/>\n<meta property=\"og:site_name\" content=\"Catalogo | Letrame Grupo Editorial\" \/>\n<meta property=\"article:modified_time\" content=\"2024-05-23T09:28:03+00:00\" \/>\n<meta property=\"og:image\" content=\"https:\/\/letrame.com\/catalogo\/wp-content\/uploads\/2024\/05\/webp_loqueignoramos_833mm-compressed-scaled-1.jpg\" \/>\n\t<meta property=\"og:image:width\" content=\"1746\" \/>\n\t<meta property=\"og:image:height\" content=\"2560\" \/>\n\t<meta property=\"og:image:type\" content=\"image\/jpeg\" \/>\n<meta name=\"twitter:card\" content=\"summary_large_image\" \/>\n<meta name=\"twitter:label1\" content=\"Tiempo de lectura\" \/>\n\t<meta name=\"twitter:data1\" content=\"1 minuto\" \/>\n<script type=\"application\/ld+json\" class=\"yoast-schema-graph\">{\"@context\":\"https:\\\/\\\/schema.org\",\"@graph\":[{\"@type\":\"WebPage\",\"@id\":\"https:\\\/\\\/letrame.com\\\/catalogo\\\/producto\\\/lo-que-ignoramos-los-psicologos\\\/\",\"url\":\"https:\\\/\\\/letrame.com\\\/catalogo\\\/producto\\\/lo-que-ignoramos-los-psicologos\\\/\",\"name\":\"Lo que ignoramos los psic\u00f3logos - Catalogo | Letrame Grupo Editorial\",\"isPartOf\":{\"@id\":\"https:\\\/\\\/letrame.com\\\/catalogo\\\/#website\"},\"primaryImageOfPage\":{\"@id\":\"https:\\\/\\\/letrame.com\\\/catalogo\\\/producto\\\/lo-que-ignoramos-los-psicologos\\\/#primaryimage\"},\"image\":{\"@id\":\"https:\\\/\\\/letrame.com\\\/catalogo\\\/producto\\\/lo-que-ignoramos-los-psicologos\\\/#primaryimage\"},\"thumbnailUrl\":\"https:\\\/\\\/letrame.com\\\/catalogo\\\/wp-content\\\/uploads\\\/2024\\\/05\\\/webp_loqueignoramos_833mm-compressed-scaled-1.jpg\",\"datePublished\":\"2024-05-23T08:09:12+00:00\",\"dateModified\":\"2024-05-23T09:28:03+00:00\",\"breadcrumb\":{\"@id\":\"https:\\\/\\\/letrame.com\\\/catalogo\\\/producto\\\/lo-que-ignoramos-los-psicologos\\\/#breadcrumb\"},\"inLanguage\":\"es\",\"potentialAction\":[{\"@type\":\"ReadAction\",\"target\":[\"https:\\\/\\\/letrame.com\\\/catalogo\\\/producto\\\/lo-que-ignoramos-los-psicologos\\\/\"]}]},{\"@type\":\"ImageObject\",\"inLanguage\":\"es\",\"@id\":\"https:\\\/\\\/letrame.com\\\/catalogo\\\/producto\\\/lo-que-ignoramos-los-psicologos\\\/#primaryimage\",\"url\":\"https:\\\/\\\/letrame.com\\\/catalogo\\\/wp-content\\\/uploads\\\/2024\\\/05\\\/webp_loqueignoramos_833mm-compressed-scaled-1.jpg\",\"contentUrl\":\"https:\\\/\\\/letrame.com\\\/catalogo\\\/wp-content\\\/uploads\\\/2024\\\/05\\\/webp_loqueignoramos_833mm-compressed-scaled-1.jpg\",\"width\":1746,\"height\":2560},{\"@type\":\"BreadcrumbList\",\"@id\":\"https:\\\/\\\/letrame.com\\\/catalogo\\\/producto\\\/lo-que-ignoramos-los-psicologos\\\/#breadcrumb\",\"itemListElement\":[{\"@type\":\"ListItem\",\"position\":1,\"name\":\"Portada\",\"item\":\"https:\\\/\\\/letrame.com\\\/catalogo\\\/\"},{\"@type\":\"ListItem\",\"position\":2,\"name\":\"Cat\u00e1logo\",\"item\":\"https:\\\/\\\/letrame.com\\\/catalogo\\\/\"},{\"@type\":\"ListItem\",\"position\":3,\"name\":\"Lo que ignoramos los psic\u00f3logos\"}]},{\"@type\":\"WebSite\",\"@id\":\"https:\\\/\\\/letrame.com\\\/catalogo\\\/#website\",\"url\":\"https:\\\/\\\/letrame.com\\\/catalogo\\\/\",\"name\":\"Catalogo | Letrame Grupo Editorial\",\"description\":\"\",\"publisher\":{\"@id\":\"https:\\\/\\\/letrame.com\\\/catalogo\\\/#organization\"},\"potentialAction\":[{\"@type\":\"SearchAction\",\"target\":{\"@type\":\"EntryPoint\",\"urlTemplate\":\"https:\\\/\\\/letrame.com\\\/catalogo\\\/?s={search_term_string}\"},\"query-input\":{\"@type\":\"PropertyValueSpecification\",\"valueRequired\":true,\"valueName\":\"search_term_string\"}}],\"inLanguage\":\"es\"},{\"@type\":\"Organization\",\"@id\":\"https:\\\/\\\/letrame.com\\\/catalogo\\\/#organization\",\"name\":\"Catalogo | Letrame Grupo Editorial\",\"url\":\"https:\\\/\\\/letrame.com\\\/catalogo\\\/\",\"logo\":{\"@type\":\"ImageObject\",\"inLanguage\":\"es\",\"@id\":\"https:\\\/\\\/letrame.com\\\/catalogo\\\/#\\\/schema\\\/logo\\\/image\\\/\",\"url\":\"https:\\\/\\\/letrame.com\\\/catalogo\\\/wp-content\\\/uploads\\\/2024\\\/03\\\/logo2.webp\",\"contentUrl\":\"https:\\\/\\\/letrame.com\\\/catalogo\\\/wp-content\\\/uploads\\\/2024\\\/03\\\/logo2.webp\",\"width\":394,\"height\":128,\"caption\":\"Catalogo | Letrame Grupo Editorial\"},\"image\":{\"@id\":\"https:\\\/\\\/letrame.com\\\/catalogo\\\/#\\\/schema\\\/logo\\\/image\\\/\"}}]}<\/script>\n<!-- \/ Yoast SEO plugin. -->","yoast_head_json":{"title":"Lo que ignoramos los psic\u00f3logos - Catalogo | Letrame Grupo Editorial","robots":{"index":"index","follow":"follow","max-snippet":"max-snippet:-1","max-image-preview":"max-image-preview:large","max-video-preview":"max-video-preview:-1"},"canonical":"https:\/\/letrame.com\/catalogo\/producto\/lo-que-ignoramos-los-psicologos\/","og_locale":"es_ES","og_type":"article","og_title":"Lo que ignoramos los psic\u00f3logos - Catalogo | Letrame Grupo Editorial","og_description":"ISBN:\u00a0978-84-1181-827-8  SINOPSIS  A trav\u00e9s de las p\u00e1ginas de este libro se busca aportar contenido de valor a los psic\u00f3logos que quieran emprender pero no cuenten con las bases necesarias para hacerlo. El objetivo no es solamente motivarlos a recorrer este camino, sino tambi\u00e9n facilitar que encuentren de manera consolidada la informaci\u00f3n pertinente para dar los primeros pasos hacia el emprendimiento. Este libro se encuentra dividido en seis cap\u00edtulos que establecen la manera de aproximarse al emprendimiento en sus primeras fases, donde se aborda la importancia del cambio de mentalidad, la generaci\u00f3n de la idea de negocio, el modelamiento de la misma, la definici\u00f3n del perfil del emprendedor y la generaci\u00f3n de marca. Por \u00faltimo, se brinda informaci\u00f3n sobre tipos de apalancamiento.","og_url":"https:\/\/letrame.com\/catalogo\/producto\/lo-que-ignoramos-los-psicologos\/","og_site_name":"Catalogo | Letrame Grupo Editorial","article_modified_time":"2024-05-23T09:28:03+00:00","og_image":[{"width":1746,"height":2560,"url":"https:\/\/letrame.com\/catalogo\/wp-content\/uploads\/2024\/05\/webp_loqueignoramos_833mm-compressed-scaled-1.jpg","type":"image\/jpeg"}],"twitter_card":"summary_large_image","twitter_misc":{"Tiempo de lectura":"1 minuto"},"schema":{"@context":"https:\/\/schema.org","@graph":[{"@type":"WebPage","@id":"https:\/\/letrame.com\/catalogo\/producto\/lo-que-ignoramos-los-psicologos\/","url":"https:\/\/letrame.com\/catalogo\/producto\/lo-que-ignoramos-los-psicologos\/","name":"Lo que ignoramos los psic\u00f3logos - Catalogo | Letrame Grupo Editorial","isPartOf":{"@id":"https:\/\/letrame.com\/catalogo\/#website"},"primaryImageOfPage":{"@id":"https:\/\/letrame.com\/catalogo\/producto\/lo-que-ignoramos-los-psicologos\/#primaryimage"},"image":{"@id":"https:\/\/letrame.com\/catalogo\/producto\/lo-que-ignoramos-los-psicologos\/#primaryimage"},"thumbnailUrl":"https:\/\/letrame.com\/catalogo\/wp-content\/uploads\/2024\/05\/webp_loqueignoramos_833mm-compressed-scaled-1.jpg","datePublished":"2024-05-23T08:09:12+00:00","dateModified":"2024-05-23T09:28:03+00:00","breadcrumb":{"@id":"https:\/\/letrame.com\/catalogo\/producto\/lo-que-ignoramos-los-psicologos\/#breadcrumb"},"inLanguage":"es","potentialAction":[{"@type":"ReadAction","target":["https:\/\/letrame.com\/catalogo\/producto\/lo-que-ignoramos-los-psicologos\/"]}]},{"@type":"ImageObject","inLanguage":"es","@id":"https:\/\/letrame.com\/catalogo\/producto\/lo-que-ignoramos-los-psicologos\/#primaryimage","url":"https:\/\/letrame.com\/catalogo\/wp-content\/uploads\/2024\/05\/webp_loqueignoramos_833mm-compressed-scaled-1.jpg","contentUrl":"https:\/\/letrame.com\/catalogo\/wp-content\/uploads\/2024\/05\/webp_loqueignoramos_833mm-compressed-scaled-1.jpg","width":1746,"height":2560},{"@type":"BreadcrumbList","@id":"https:\/\/letrame.com\/catalogo\/producto\/lo-que-ignoramos-los-psicologos\/#breadcrumb","itemListElement":[{"@type":"ListItem","position":1,"name":"Portada","item":"https:\/\/letrame.com\/catalogo\/"},{"@type":"ListItem","position":2,"name":"Cat\u00e1logo","item":"https:\/\/letrame.com\/catalogo\/"},{"@type":"ListItem","position":3,"name":"Lo que ignoramos los psic\u00f3logos"}]},{"@type":"WebSite","@id":"https:\/\/letrame.com\/catalogo\/#website","url":"https:\/\/letrame.com\/catalogo\/","name":"Catalogo | Letrame Grupo Editorial","description":"","publisher":{"@id":"https:\/\/letrame.com\/catalogo\/#organization"},"potentialAction":[{"@type":"SearchAction","target":{"@type":"EntryPoint","urlTemplate":"https:\/\/letrame.com\/catalogo\/?s={search_term_string}"},"query-input":{"@type":"PropertyValueSpecification","valueRequired":true,"valueName":"search_term_string"}}],"inLanguage":"es"},{"@type":"Organization","@id":"https:\/\/letrame.com\/catalogo\/#organization","name":"Catalogo | Letrame Grupo Editorial","url":"https:\/\/letrame.com\/catalogo\/","logo":{"@type":"ImageObject","inLanguage":"es","@id":"https:\/\/letrame.com\/catalogo\/#\/schema\/logo\/image\/","url":"https:\/\/letrame.com\/catalogo\/wp-content\/uploads\/2024\/03\/logo2.webp","contentUrl":"https:\/\/letrame.com\/catalogo\/wp-content\/uploads\/2024\/03\/logo2.webp","width":394,"height":128,"caption":"Catalogo | Letrame Grupo Editorial"},"image":{"@id":"https:\/\/letrame.com\/catalogo\/#\/schema\/logo\/image\/"}}]}},"_links":{"self":[{"href":"https:\/\/letrame.com\/catalogo\/wp-json\/wp\/v2\/product\/100854","targetHints":{"allow":["GET"]}}],"collection":[{"href":"https:\/\/letrame.com\/catalogo\/wp-json\/wp\/v2\/product"}],"about":[{"href":"https:\/\/letrame.com\/catalogo\/wp-json\/wp\/v2\/types\/product"}],"replies":[{"embeddable":true,"href":"https:\/\/letrame.com\/catalogo\/wp-json\/wp\/v2\/comments?post=100854"}],"acf:post":[{"embeddable":true,"href":"https:\/\/letrame.com\/catalogo\/wp-json\/wp\/v2\/author_book\/100657"}],"wp:featuredmedia":[{"embeddable":true,"href":"https:\/\/letrame.com\/catalogo\/wp-json\/wp\/v2\/media\/100855"}],"wp:attachment":[{"href":"https:\/\/letrame.com\/catalogo\/wp-json\/wp\/v2\/media?parent=100854"}],"wp:term":[{"taxonomy":"libro","embeddable":true,"href":"https:\/\/letrame.com\/catalogo\/wp-json\/wp\/v2\/libro?post=100854"},{"taxonomy":"product_brand","embeddable":true,"href":"https:\/\/letrame.com\/catalogo\/wp-json\/wp\/v2\/product_brand?post=100854"},{"taxonomy":"product_cat","embeddable":true,"href":"https:\/\/letrame.com\/catalogo\/wp-json\/wp\/v2\/product_cat?post=100854"},{"taxonomy":"product_tag","embeddable":true,"href":"https:\/\/letrame.com\/catalogo\/wp-json\/wp\/v2\/product_tag?post=100854"}],"curies":[{"name":"wp","href":"https:\/\/api.w.org\/{rel}","templated":true}]}}