{"id":100846,"date":"2024-05-23T10:06:08","date_gmt":"2024-05-23T08:06:08","guid":{"rendered":"https:\/\/letrame.com\/catalogo\/producto\/secretos-digitales\/"},"modified":"2024-05-23T11:29:16","modified_gmt":"2024-05-23T09:29:16","slug":"secretos-digitales","status":"publish","type":"product","link":"https:\/\/letrame.com\/catalogo\/producto\/secretos-digitales\/","title":{"rendered":"Secretos digitales"},"content":{"rendered":"<p>ISBN:\u00a0978-84-1068-002-9<br \/>\nT\u00edtulo:\u2028Secretos digitales<br \/>\nFecha:\u20282024<br \/>\nP\u00e1ginas:\u00a0668<br \/>\nSINOPSIS<br \/>\nJohn Powell disfruta en el norte de Espa\u00f1a de uno de los mejores momentos de su vida. Ha encontrado un maravilloso equilibrio tanto en el plano profesional, desarrollando complejos proyectos de asesoramiento en ciberseguridad, como en el personal, donde invierte cada vez m\u00e1s tiempo en sus aficiones, sus amigos y sobre todo en Paula, la mujer con la que quiere construir su futuro.<\/p>\n<p>Le preocupa que ese id\u00edlico momento pueda estropearse. Y hace bien, porque irremediablemente el pasado llamar\u00e1 a su puerta.<\/p>\n<p>El crimen organizado y el juego cambiaron el futuro de un brillante estudiante de Ingenier\u00eda, cuyo sue\u00f1o no era otro que desarrollar una gran carrera en el sector tecnol\u00f3gico y compartirlo con la mujer que le hab\u00eda robado el coraz\u00f3n.<\/p>\n<p>\u00bfPodr\u00e1 conseguir cerrar definitivamente ese cap\u00edtulo tan desgraciado de su vida?<\/p>\n","protected":false},"excerpt":{"rendered":"<p>ISBN:\u00a0978-84-1068-002-9<\/p>\n<p>SINOPSIS<br \/>\nJohn Powell disfruta en el norte de Espa\u00f1a de uno de los mejores momentos de su vida. Ha encontrado un maravilloso equilibrio tanto en el plano profesional, desarrollando complejos proyectos de asesoramiento en ciberseguridad, como en el personal, donde invierte cada vez m\u00e1s tiempo en sus aficiones, sus amigos y sobre todo en Paula, la mujer con la que quiere construir su futuro.<\/p>\n<p>Le preocupa que ese id\u00edlico momento pueda estropearse. Y hace bien, porque irremediablemente el pasado llamar\u00e1 a su puerta.<\/p>\n<p>El crimen organizado y el juego cambiaron el futuro de un brillante estudiante de Ingenier\u00eda, cuyo sue\u00f1o no era otro que desarrollar una gran carrera en el sector tecnol\u00f3gico y compartirlo con la mujer que le hab\u00eda robado el coraz\u00f3n.<\/p>\n<p>\u00bfPodr\u00e1 conseguir cerrar definitivamente ese cap\u00edtulo tan desgraciado de su vida?<\/p>\n","protected":false},"featured_media":100847,"comment_status":"closed","ping_status":"closed","template":"","meta":{"_acf_changed":false},"libro":[],"product_brand":[],"product_cat":[111],"product_tag":[],"class_list":{"0":"post-100846","1":"product","2":"type-product","3":"status-publish","4":"has-post-thumbnail","6":"product_cat-thriller","8":"first","9":"instock","10":"product-type-simple"},"acf":{"autor":[100632],"enlace_de_compra":"https:\/\/www.agapea.com\/Roberto-Nunez-del-Rio\/Secretos-Digitales-9788410680029-i.htm"},"yoast_head":"<!-- This site is optimized with the Yoast SEO plugin v26.6 - https:\/\/yoast.com\/wordpress\/plugins\/seo\/ -->\n<title>Secretos digitales - Catalogo | Letrame Grupo Editorial<\/title>\n<meta name=\"robots\" content=\"index, follow, max-snippet:-1, max-image-preview:large, max-video-preview:-1\" \/>\n<link rel=\"canonical\" href=\"https:\/\/letrame.com\/catalogo\/producto\/secretos-digitales\/\" \/>\n<meta property=\"og:locale\" content=\"es_ES\" \/>\n<meta property=\"og:type\" content=\"article\" \/>\n<meta property=\"og:title\" content=\"Secretos digitales - Catalogo | Letrame Grupo Editorial\" \/>\n<meta property=\"og:description\" content=\"ISBN:\u00a0978-84-1068-002-9  SINOPSIS John Powell disfruta en el norte de Espa\u00f1a de uno de los mejores momentos de su vida. Ha encontrado un maravilloso equilibrio tanto en el plano profesional, desarrollando complejos proyectos de asesoramiento en ciberseguridad, como en el personal, donde invierte cada vez m\u00e1s tiempo en sus aficiones, sus amigos y sobre todo en Paula, la mujer con la que quiere construir su futuro.  Le preocupa que ese id\u00edlico momento pueda estropearse. Y hace bien, porque irremediablemente el pasado llamar\u00e1 a su puerta.  El crimen organizado y el juego cambiaron el futuro de un brillante estudiante de Ingenier\u00eda, cuyo sue\u00f1o no era otro que desarrollar una gran carrera en el sector tecnol\u00f3gico y compartirlo con la mujer que le hab\u00eda robado el coraz\u00f3n.  \u00bfPodr\u00e1 conseguir cerrar definitivamente ese cap\u00edtulo tan desgraciado de su vida?\" \/>\n<meta property=\"og:url\" content=\"https:\/\/letrame.com\/catalogo\/producto\/secretos-digitales\/\" \/>\n<meta property=\"og:site_name\" content=\"Catalogo | Letrame Grupo Editorial\" \/>\n<meta property=\"article:modified_time\" content=\"2024-05-23T09:29:16+00:00\" \/>\n<meta property=\"og:image\" content=\"https:\/\/letrame.com\/catalogo\/wp-content\/uploads\/2024\/05\/p_secretosdigitales_3154mm-compressed-scaled-1.jpg\" \/>\n\t<meta property=\"og:image:width\" content=\"1670\" \/>\n\t<meta property=\"og:image:height\" content=\"2560\" \/>\n\t<meta property=\"og:image:type\" content=\"image\/jpeg\" \/>\n<meta name=\"twitter:card\" content=\"summary_large_image\" \/>\n<meta name=\"twitter:label1\" content=\"Tiempo de lectura\" \/>\n\t<meta name=\"twitter:data1\" content=\"1 minuto\" \/>\n<script type=\"application\/ld+json\" class=\"yoast-schema-graph\">{\"@context\":\"https:\/\/schema.org\",\"@graph\":[{\"@type\":\"WebPage\",\"@id\":\"https:\/\/letrame.com\/catalogo\/producto\/secretos-digitales\/\",\"url\":\"https:\/\/letrame.com\/catalogo\/producto\/secretos-digitales\/\",\"name\":\"Secretos digitales - Catalogo | Letrame Grupo Editorial\",\"isPartOf\":{\"@id\":\"https:\/\/letrame.com\/catalogo\/#website\"},\"primaryImageOfPage\":{\"@id\":\"https:\/\/letrame.com\/catalogo\/producto\/secretos-digitales\/#primaryimage\"},\"image\":{\"@id\":\"https:\/\/letrame.com\/catalogo\/producto\/secretos-digitales\/#primaryimage\"},\"thumbnailUrl\":\"https:\/\/letrame.com\/catalogo\/wp-content\/uploads\/2024\/05\/p_secretosdigitales_3154mm-compressed-scaled-1.jpg\",\"datePublished\":\"2024-05-23T08:06:08+00:00\",\"dateModified\":\"2024-05-23T09:29:16+00:00\",\"breadcrumb\":{\"@id\":\"https:\/\/letrame.com\/catalogo\/producto\/secretos-digitales\/#breadcrumb\"},\"inLanguage\":\"es\",\"potentialAction\":[{\"@type\":\"ReadAction\",\"target\":[\"https:\/\/letrame.com\/catalogo\/producto\/secretos-digitales\/\"]}]},{\"@type\":\"ImageObject\",\"inLanguage\":\"es\",\"@id\":\"https:\/\/letrame.com\/catalogo\/producto\/secretos-digitales\/#primaryimage\",\"url\":\"https:\/\/letrame.com\/catalogo\/wp-content\/uploads\/2024\/05\/p_secretosdigitales_3154mm-compressed-scaled-1.jpg\",\"contentUrl\":\"https:\/\/letrame.com\/catalogo\/wp-content\/uploads\/2024\/05\/p_secretosdigitales_3154mm-compressed-scaled-1.jpg\",\"width\":1670,\"height\":2560},{\"@type\":\"BreadcrumbList\",\"@id\":\"https:\/\/letrame.com\/catalogo\/producto\/secretos-digitales\/#breadcrumb\",\"itemListElement\":[{\"@type\":\"ListItem\",\"position\":1,\"name\":\"Portada\",\"item\":\"https:\/\/letrame.com\/catalogo\/\"},{\"@type\":\"ListItem\",\"position\":2,\"name\":\"Cat\u00e1logo\",\"item\":\"https:\/\/letrame.com\/catalogo\/\"},{\"@type\":\"ListItem\",\"position\":3,\"name\":\"Secretos digitales\"}]},{\"@type\":\"WebSite\",\"@id\":\"https:\/\/letrame.com\/catalogo\/#website\",\"url\":\"https:\/\/letrame.com\/catalogo\/\",\"name\":\"Catalogo | Letrame Grupo Editorial\",\"description\":\"\",\"publisher\":{\"@id\":\"https:\/\/letrame.com\/catalogo\/#organization\"},\"potentialAction\":[{\"@type\":\"SearchAction\",\"target\":{\"@type\":\"EntryPoint\",\"urlTemplate\":\"https:\/\/letrame.com\/catalogo\/?s={search_term_string}\"},\"query-input\":{\"@type\":\"PropertyValueSpecification\",\"valueRequired\":true,\"valueName\":\"search_term_string\"}}],\"inLanguage\":\"es\"},{\"@type\":\"Organization\",\"@id\":\"https:\/\/letrame.com\/catalogo\/#organization\",\"name\":\"Catalogo | Letrame Grupo Editorial\",\"url\":\"https:\/\/letrame.com\/catalogo\/\",\"logo\":{\"@type\":\"ImageObject\",\"inLanguage\":\"es\",\"@id\":\"https:\/\/letrame.com\/catalogo\/#\/schema\/logo\/image\/\",\"url\":\"https:\/\/letrame.com\/catalogo\/wp-content\/uploads\/2024\/03\/logo2.webp\",\"contentUrl\":\"https:\/\/letrame.com\/catalogo\/wp-content\/uploads\/2024\/03\/logo2.webp\",\"width\":394,\"height\":128,\"caption\":\"Catalogo | Letrame Grupo Editorial\"},\"image\":{\"@id\":\"https:\/\/letrame.com\/catalogo\/#\/schema\/logo\/image\/\"}}]}<\/script>\n<!-- \/ Yoast SEO plugin. -->","yoast_head_json":{"title":"Secretos digitales - Catalogo | Letrame Grupo Editorial","robots":{"index":"index","follow":"follow","max-snippet":"max-snippet:-1","max-image-preview":"max-image-preview:large","max-video-preview":"max-video-preview:-1"},"canonical":"https:\/\/letrame.com\/catalogo\/producto\/secretos-digitales\/","og_locale":"es_ES","og_type":"article","og_title":"Secretos digitales - Catalogo | Letrame Grupo Editorial","og_description":"ISBN:\u00a0978-84-1068-002-9  SINOPSIS John Powell disfruta en el norte de Espa\u00f1a de uno de los mejores momentos de su vida. Ha encontrado un maravilloso equilibrio tanto en el plano profesional, desarrollando complejos proyectos de asesoramiento en ciberseguridad, como en el personal, donde invierte cada vez m\u00e1s tiempo en sus aficiones, sus amigos y sobre todo en Paula, la mujer con la que quiere construir su futuro.  Le preocupa que ese id\u00edlico momento pueda estropearse. Y hace bien, porque irremediablemente el pasado llamar\u00e1 a su puerta.  El crimen organizado y el juego cambiaron el futuro de un brillante estudiante de Ingenier\u00eda, cuyo sue\u00f1o no era otro que desarrollar una gran carrera en el sector tecnol\u00f3gico y compartirlo con la mujer que le hab\u00eda robado el coraz\u00f3n.  \u00bfPodr\u00e1 conseguir cerrar definitivamente ese cap\u00edtulo tan desgraciado de su vida?","og_url":"https:\/\/letrame.com\/catalogo\/producto\/secretos-digitales\/","og_site_name":"Catalogo | Letrame Grupo Editorial","article_modified_time":"2024-05-23T09:29:16+00:00","og_image":[{"width":1670,"height":2560,"url":"https:\/\/letrame.com\/catalogo\/wp-content\/uploads\/2024\/05\/p_secretosdigitales_3154mm-compressed-scaled-1.jpg","type":"image\/jpeg"}],"twitter_card":"summary_large_image","twitter_misc":{"Tiempo de lectura":"1 minuto"},"schema":{"@context":"https:\/\/schema.org","@graph":[{"@type":"WebPage","@id":"https:\/\/letrame.com\/catalogo\/producto\/secretos-digitales\/","url":"https:\/\/letrame.com\/catalogo\/producto\/secretos-digitales\/","name":"Secretos digitales - Catalogo | Letrame Grupo Editorial","isPartOf":{"@id":"https:\/\/letrame.com\/catalogo\/#website"},"primaryImageOfPage":{"@id":"https:\/\/letrame.com\/catalogo\/producto\/secretos-digitales\/#primaryimage"},"image":{"@id":"https:\/\/letrame.com\/catalogo\/producto\/secretos-digitales\/#primaryimage"},"thumbnailUrl":"https:\/\/letrame.com\/catalogo\/wp-content\/uploads\/2024\/05\/p_secretosdigitales_3154mm-compressed-scaled-1.jpg","datePublished":"2024-05-23T08:06:08+00:00","dateModified":"2024-05-23T09:29:16+00:00","breadcrumb":{"@id":"https:\/\/letrame.com\/catalogo\/producto\/secretos-digitales\/#breadcrumb"},"inLanguage":"es","potentialAction":[{"@type":"ReadAction","target":["https:\/\/letrame.com\/catalogo\/producto\/secretos-digitales\/"]}]},{"@type":"ImageObject","inLanguage":"es","@id":"https:\/\/letrame.com\/catalogo\/producto\/secretos-digitales\/#primaryimage","url":"https:\/\/letrame.com\/catalogo\/wp-content\/uploads\/2024\/05\/p_secretosdigitales_3154mm-compressed-scaled-1.jpg","contentUrl":"https:\/\/letrame.com\/catalogo\/wp-content\/uploads\/2024\/05\/p_secretosdigitales_3154mm-compressed-scaled-1.jpg","width":1670,"height":2560},{"@type":"BreadcrumbList","@id":"https:\/\/letrame.com\/catalogo\/producto\/secretos-digitales\/#breadcrumb","itemListElement":[{"@type":"ListItem","position":1,"name":"Portada","item":"https:\/\/letrame.com\/catalogo\/"},{"@type":"ListItem","position":2,"name":"Cat\u00e1logo","item":"https:\/\/letrame.com\/catalogo\/"},{"@type":"ListItem","position":3,"name":"Secretos digitales"}]},{"@type":"WebSite","@id":"https:\/\/letrame.com\/catalogo\/#website","url":"https:\/\/letrame.com\/catalogo\/","name":"Catalogo | Letrame Grupo Editorial","description":"","publisher":{"@id":"https:\/\/letrame.com\/catalogo\/#organization"},"potentialAction":[{"@type":"SearchAction","target":{"@type":"EntryPoint","urlTemplate":"https:\/\/letrame.com\/catalogo\/?s={search_term_string}"},"query-input":{"@type":"PropertyValueSpecification","valueRequired":true,"valueName":"search_term_string"}}],"inLanguage":"es"},{"@type":"Organization","@id":"https:\/\/letrame.com\/catalogo\/#organization","name":"Catalogo | Letrame Grupo Editorial","url":"https:\/\/letrame.com\/catalogo\/","logo":{"@type":"ImageObject","inLanguage":"es","@id":"https:\/\/letrame.com\/catalogo\/#\/schema\/logo\/image\/","url":"https:\/\/letrame.com\/catalogo\/wp-content\/uploads\/2024\/03\/logo2.webp","contentUrl":"https:\/\/letrame.com\/catalogo\/wp-content\/uploads\/2024\/03\/logo2.webp","width":394,"height":128,"caption":"Catalogo | Letrame Grupo Editorial"},"image":{"@id":"https:\/\/letrame.com\/catalogo\/#\/schema\/logo\/image\/"}}]}},"_links":{"self":[{"href":"https:\/\/letrame.com\/catalogo\/wp-json\/wp\/v2\/product\/100846","targetHints":{"allow":["GET"]}}],"collection":[{"href":"https:\/\/letrame.com\/catalogo\/wp-json\/wp\/v2\/product"}],"about":[{"href":"https:\/\/letrame.com\/catalogo\/wp-json\/wp\/v2\/types\/product"}],"replies":[{"embeddable":true,"href":"https:\/\/letrame.com\/catalogo\/wp-json\/wp\/v2\/comments?post=100846"}],"acf:post":[{"embeddable":true,"href":"https:\/\/letrame.com\/catalogo\/wp-json\/wp\/v2\/author_book\/100632"}],"wp:featuredmedia":[{"embeddable":true,"href":"https:\/\/letrame.com\/catalogo\/wp-json\/wp\/v2\/media\/100847"}],"wp:attachment":[{"href":"https:\/\/letrame.com\/catalogo\/wp-json\/wp\/v2\/media?parent=100846"}],"wp:term":[{"taxonomy":"libro","embeddable":true,"href":"https:\/\/letrame.com\/catalogo\/wp-json\/wp\/v2\/libro?post=100846"},{"taxonomy":"product_brand","embeddable":true,"href":"https:\/\/letrame.com\/catalogo\/wp-json\/wp\/v2\/product_brand?post=100846"},{"taxonomy":"product_cat","embeddable":true,"href":"https:\/\/letrame.com\/catalogo\/wp-json\/wp\/v2\/product_cat?post=100846"},{"taxonomy":"product_tag","embeddable":true,"href":"https:\/\/letrame.com\/catalogo\/wp-json\/wp\/v2\/product_tag?post=100846"}],"curies":[{"name":"wp","href":"https:\/\/api.w.org\/{rel}","templated":true}]}}