{"id":100842,"date":"2024-05-23T10:06:08","date_gmt":"2024-05-23T08:06:08","guid":{"rendered":"https:\/\/letrame.com\/catalogo\/producto\/verdad-tradicion-dogmas-de-jesucristo\/"},"modified":"2024-05-23T12:00:11","modified_gmt":"2024-05-23T10:00:11","slug":"verdad-tradicion-dogmas-de-jesucristo","status":"publish","type":"product","link":"https:\/\/letrame.com\/catalogo\/producto\/verdad-tradicion-dogmas-de-jesucristo\/","title":{"rendered":"\u00a1Verdad, Tradici\u00f3n\u2026 Dogmas de Jesucristo!"},"content":{"rendered":"<p>ISBN:\u00a0978-84-1181-888-9<br \/>\nT\u00edtulo:\u2028\u00a1Verdad, Tradici\u00f3n\u2026Dogmas de Jesucristo!<br \/>\nFecha:\u20282024<br \/>\nP\u00e1ginas:\u00a0260<br \/>\nSINOPSIS<br \/>\nLos tiempos cambian y con ellos la forma de pensar y de actuar del hombre, pero hay matices de la vida que no deben cambiar nunca y somos nosotros los que tenemos que adaptarnos a ellos por muchos a\u00f1os que pasen y por mucha modernidad que nos arrase. El n\u00facleo de la Religi\u00f3n Cat\u00f3lica, estructurado en sus dogmas, es invariable por los siglos de los siglos, y los que intentan pasarse por alto dicha doctrina, anulando un solo dogma, son unos herejes, lo mires como lo mires.Est\u00e1 muy de moda esto, incluso algunos de los autores est\u00e1n muy dentro de la Iglesia. \u00bfQu\u00e9 est\u00e1 pasando? \u00bfPor qu\u00e9 nos quieren hacer lo blanco, negro? \u00bfHay alg\u00fan inter\u00e9s tras ello? Y aunque lo hubiera, para ellos claro est\u00e1, \u00bfpor qu\u00e9 el Vaticano no los llama al orden? \u00bfPiensa la curia romana lo mismo que estos? \u00bfPor qu\u00e9 no los excomulgan? Y son los que m\u00e1s libros venden con todas sus herej\u00edas; est\u00e1 claro que la chusma del pueblo, o cat\u00f3licos tibios, es lo que quieren o\u00edr, sin importarles para nada de d\u00f3nde vienen esas ra\u00edces, deshaci\u00e9ndolas a sus caprichos y antojos.Nunca ha estado la Iglesia tan desordenada, en este tema, como lo est\u00e1 ahora;<\/p>\n","protected":false},"excerpt":{"rendered":"<p>ISBN:\u00a0978-84-1181-888-9<\/p>\n<p>SINOPSIS<br \/>\nLos tiempos cambian y con ellos la forma de pensar y de actuar del hombre, pero hay matices de la vida que no deben cambiar nunca y somos nosotros los que tenemos que adaptarnos a ellos por muchos a\u00f1os que pasen y por mucha modernidad que nos arrase. El n\u00facleo de la Religi\u00f3n Cat\u00f3lica, estructurado en sus dogmas, es invariable por los siglos de los siglos, y los que intentan pasarse por alto dicha doctrina, anulando un solo dogma, son unos herejes, lo mires como lo mires.Est\u00e1 muy de moda esto, incluso algunos de los autores est\u00e1n muy dentro de la Iglesia. \u00bfQu\u00e9 est\u00e1 pasando? \u00bfPor qu\u00e9 nos quieren hacer lo blanco, negro? \u00bfHay alg\u00fan inter\u00e9s tras ello? Y aunque lo hubiera, para ellos claro est\u00e1, \u00bfpor qu\u00e9 el Vaticano no los llama al orden? \u00bfPiensa la curia romana lo mismo que estos? \u00bfPor qu\u00e9 no los excomulgan? Y son los que m\u00e1s libros venden con todas sus herej\u00edas; est\u00e1 claro que la chusma del pueblo, o cat\u00f3licos tibios, es lo que quieren o\u00edr, sin importarles para nada de d\u00f3nde vienen esas ra\u00edces, deshaci\u00e9ndolas a sus caprichos y antojos.Nunca ha estado la Iglesia tan desordenada, en este tema, como lo est\u00e1 ahora;<\/p>\n<p>&nbsp;<\/p>\n","protected":false},"featured_media":100843,"comment_status":"closed","ping_status":"closed","template":"","meta":{"_acf_changed":false},"libro":[],"product_brand":[],"product_cat":[37],"product_tag":[],"class_list":{"0":"post-100842","1":"product","2":"type-product","3":"status-publish","4":"has-post-thumbnail","6":"product_cat-evangelismo-iglecrecimiento","8":"first","9":"instock","10":"product-type-simple"},"acf":{"autor":[76489],"enlace_de_compra":"https:\/\/www.todostuslibros.com\/libros\/verdad-tradicion-dogmas-de-jesucristo_978-84-1181-888-9"},"yoast_head":"<!-- This site is optimized with the Yoast SEO plugin v26.6 - https:\/\/yoast.com\/wordpress\/plugins\/seo\/ -->\n<title>\u00a1Verdad, Tradici\u00f3n\u2026 Dogmas de Jesucristo! - Catalogo | Letrame Grupo Editorial<\/title>\n<meta name=\"robots\" content=\"index, follow, max-snippet:-1, max-image-preview:large, max-video-preview:-1\" \/>\n<link rel=\"canonical\" href=\"https:\/\/letrame.com\/catalogo\/producto\/verdad-tradicion-dogmas-de-jesucristo\/\" \/>\n<meta property=\"og:locale\" content=\"es_ES\" \/>\n<meta property=\"og:type\" content=\"article\" \/>\n<meta property=\"og:title\" content=\"\u00a1Verdad, Tradici\u00f3n\u2026 Dogmas de Jesucristo! - Catalogo | Letrame Grupo Editorial\" \/>\n<meta property=\"og:description\" content=\"ISBN:\u00a0978-84-1181-888-9  SINOPSIS Los tiempos cambian y con ellos la forma de pensar y de actuar del hombre, pero hay matices de la vida que no deben cambiar nunca y somos nosotros los que tenemos que adaptarnos a ellos por muchos a\u00f1os que pasen y por mucha modernidad que nos arrase. El n\u00facleo de la Religi\u00f3n Cat\u00f3lica, estructurado en sus dogmas, es invariable por los siglos de los siglos, y los que intentan pasarse por alto dicha doctrina, anulando un solo dogma, son unos herejes, lo mires como lo mires.Est\u00e1 muy de moda esto, incluso algunos de los autores est\u00e1n muy dentro de la Iglesia. \u00bfQu\u00e9 est\u00e1 pasando? \u00bfPor qu\u00e9 nos quieren hacer lo blanco, negro? \u00bfHay alg\u00fan inter\u00e9s tras ello? Y aunque lo hubiera, para ellos claro est\u00e1, \u00bfpor qu\u00e9 el Vaticano no los llama al orden? \u00bfPiensa la curia romana lo mismo que estos? \u00bfPor qu\u00e9 no los excomulgan? Y son los que m\u00e1s libros venden con todas sus herej\u00edas; est\u00e1 claro que la chusma del pueblo, o cat\u00f3licos tibios, es lo que quieren o\u00edr, sin importarles para nada de d\u00f3nde vienen esas ra\u00edces, deshaci\u00e9ndolas a sus caprichos y antojos.Nunca ha estado la Iglesia tan desordenada, en este tema, como lo est\u00e1 ahora;  &nbsp;\" \/>\n<meta property=\"og:url\" content=\"https:\/\/letrame.com\/catalogo\/producto\/verdad-tradicion-dogmas-de-jesucristo\/\" \/>\n<meta property=\"og:site_name\" content=\"Catalogo | Letrame Grupo Editorial\" \/>\n<meta property=\"article:modified_time\" content=\"2024-05-23T10:00:11+00:00\" \/>\n<meta property=\"og:image\" content=\"https:\/\/letrame.com\/catalogo\/wp-content\/uploads\/2024\/05\/webp_verdadtradicion_1269mm-compressed-scaled-1.jpg\" \/>\n\t<meta property=\"og:image:width\" content=\"1746\" \/>\n\t<meta property=\"og:image:height\" content=\"2560\" \/>\n\t<meta property=\"og:image:type\" content=\"image\/jpeg\" \/>\n<meta name=\"twitter:card\" content=\"summary_large_image\" \/>\n<meta name=\"twitter:label1\" content=\"Tiempo de lectura\" \/>\n\t<meta name=\"twitter:data1\" content=\"2 minutos\" \/>\n<script type=\"application\/ld+json\" class=\"yoast-schema-graph\">{\"@context\":\"https:\/\/schema.org\",\"@graph\":[{\"@type\":\"WebPage\",\"@id\":\"https:\/\/letrame.com\/catalogo\/producto\/verdad-tradicion-dogmas-de-jesucristo\/\",\"url\":\"https:\/\/letrame.com\/catalogo\/producto\/verdad-tradicion-dogmas-de-jesucristo\/\",\"name\":\"\u00a1Verdad, Tradici\u00f3n\u2026 Dogmas de Jesucristo! - Catalogo | Letrame Grupo Editorial\",\"isPartOf\":{\"@id\":\"https:\/\/letrame.com\/catalogo\/#website\"},\"primaryImageOfPage\":{\"@id\":\"https:\/\/letrame.com\/catalogo\/producto\/verdad-tradicion-dogmas-de-jesucristo\/#primaryimage\"},\"image\":{\"@id\":\"https:\/\/letrame.com\/catalogo\/producto\/verdad-tradicion-dogmas-de-jesucristo\/#primaryimage\"},\"thumbnailUrl\":\"https:\/\/letrame.com\/catalogo\/wp-content\/uploads\/2024\/05\/webp_verdadtradicion_1269mm-compressed-scaled-1.jpg\",\"datePublished\":\"2024-05-23T08:06:08+00:00\",\"dateModified\":\"2024-05-23T10:00:11+00:00\",\"breadcrumb\":{\"@id\":\"https:\/\/letrame.com\/catalogo\/producto\/verdad-tradicion-dogmas-de-jesucristo\/#breadcrumb\"},\"inLanguage\":\"es\",\"potentialAction\":[{\"@type\":\"ReadAction\",\"target\":[\"https:\/\/letrame.com\/catalogo\/producto\/verdad-tradicion-dogmas-de-jesucristo\/\"]}]},{\"@type\":\"ImageObject\",\"inLanguage\":\"es\",\"@id\":\"https:\/\/letrame.com\/catalogo\/producto\/verdad-tradicion-dogmas-de-jesucristo\/#primaryimage\",\"url\":\"https:\/\/letrame.com\/catalogo\/wp-content\/uploads\/2024\/05\/webp_verdadtradicion_1269mm-compressed-scaled-1.jpg\",\"contentUrl\":\"https:\/\/letrame.com\/catalogo\/wp-content\/uploads\/2024\/05\/webp_verdadtradicion_1269mm-compressed-scaled-1.jpg\",\"width\":1746,\"height\":2560},{\"@type\":\"BreadcrumbList\",\"@id\":\"https:\/\/letrame.com\/catalogo\/producto\/verdad-tradicion-dogmas-de-jesucristo\/#breadcrumb\",\"itemListElement\":[{\"@type\":\"ListItem\",\"position\":1,\"name\":\"Portada\",\"item\":\"https:\/\/letrame.com\/catalogo\/\"},{\"@type\":\"ListItem\",\"position\":2,\"name\":\"Cat\u00e1logo\",\"item\":\"https:\/\/letrame.com\/catalogo\/\"},{\"@type\":\"ListItem\",\"position\":3,\"name\":\"\u00a1Verdad, Tradici\u00f3n\u2026 Dogmas de Jesucristo!\"}]},{\"@type\":\"WebSite\",\"@id\":\"https:\/\/letrame.com\/catalogo\/#website\",\"url\":\"https:\/\/letrame.com\/catalogo\/\",\"name\":\"Catalogo | Letrame Grupo Editorial\",\"description\":\"\",\"publisher\":{\"@id\":\"https:\/\/letrame.com\/catalogo\/#organization\"},\"potentialAction\":[{\"@type\":\"SearchAction\",\"target\":{\"@type\":\"EntryPoint\",\"urlTemplate\":\"https:\/\/letrame.com\/catalogo\/?s={search_term_string}\"},\"query-input\":{\"@type\":\"PropertyValueSpecification\",\"valueRequired\":true,\"valueName\":\"search_term_string\"}}],\"inLanguage\":\"es\"},{\"@type\":\"Organization\",\"@id\":\"https:\/\/letrame.com\/catalogo\/#organization\",\"name\":\"Catalogo | Letrame Grupo Editorial\",\"url\":\"https:\/\/letrame.com\/catalogo\/\",\"logo\":{\"@type\":\"ImageObject\",\"inLanguage\":\"es\",\"@id\":\"https:\/\/letrame.com\/catalogo\/#\/schema\/logo\/image\/\",\"url\":\"https:\/\/letrame.com\/catalogo\/wp-content\/uploads\/2024\/03\/logo2.webp\",\"contentUrl\":\"https:\/\/letrame.com\/catalogo\/wp-content\/uploads\/2024\/03\/logo2.webp\",\"width\":394,\"height\":128,\"caption\":\"Catalogo | Letrame Grupo Editorial\"},\"image\":{\"@id\":\"https:\/\/letrame.com\/catalogo\/#\/schema\/logo\/image\/\"}}]}<\/script>\n<!-- \/ Yoast SEO plugin. -->","yoast_head_json":{"title":"\u00a1Verdad, Tradici\u00f3n\u2026 Dogmas de Jesucristo! - Catalogo | Letrame Grupo Editorial","robots":{"index":"index","follow":"follow","max-snippet":"max-snippet:-1","max-image-preview":"max-image-preview:large","max-video-preview":"max-video-preview:-1"},"canonical":"https:\/\/letrame.com\/catalogo\/producto\/verdad-tradicion-dogmas-de-jesucristo\/","og_locale":"es_ES","og_type":"article","og_title":"\u00a1Verdad, Tradici\u00f3n\u2026 Dogmas de Jesucristo! - Catalogo | Letrame Grupo Editorial","og_description":"ISBN:\u00a0978-84-1181-888-9  SINOPSIS Los tiempos cambian y con ellos la forma de pensar y de actuar del hombre, pero hay matices de la vida que no deben cambiar nunca y somos nosotros los que tenemos que adaptarnos a ellos por muchos a\u00f1os que pasen y por mucha modernidad que nos arrase. El n\u00facleo de la Religi\u00f3n Cat\u00f3lica, estructurado en sus dogmas, es invariable por los siglos de los siglos, y los que intentan pasarse por alto dicha doctrina, anulando un solo dogma, son unos herejes, lo mires como lo mires.Est\u00e1 muy de moda esto, incluso algunos de los autores est\u00e1n muy dentro de la Iglesia. \u00bfQu\u00e9 est\u00e1 pasando? \u00bfPor qu\u00e9 nos quieren hacer lo blanco, negro? \u00bfHay alg\u00fan inter\u00e9s tras ello? Y aunque lo hubiera, para ellos claro est\u00e1, \u00bfpor qu\u00e9 el Vaticano no los llama al orden? \u00bfPiensa la curia romana lo mismo que estos? \u00bfPor qu\u00e9 no los excomulgan? Y son los que m\u00e1s libros venden con todas sus herej\u00edas; est\u00e1 claro que la chusma del pueblo, o cat\u00f3licos tibios, es lo que quieren o\u00edr, sin importarles para nada de d\u00f3nde vienen esas ra\u00edces, deshaci\u00e9ndolas a sus caprichos y antojos.Nunca ha estado la Iglesia tan desordenada, en este tema, como lo est\u00e1 ahora;  &nbsp;","og_url":"https:\/\/letrame.com\/catalogo\/producto\/verdad-tradicion-dogmas-de-jesucristo\/","og_site_name":"Catalogo | Letrame Grupo Editorial","article_modified_time":"2024-05-23T10:00:11+00:00","og_image":[{"width":1746,"height":2560,"url":"https:\/\/letrame.com\/catalogo\/wp-content\/uploads\/2024\/05\/webp_verdadtradicion_1269mm-compressed-scaled-1.jpg","type":"image\/jpeg"}],"twitter_card":"summary_large_image","twitter_misc":{"Tiempo de lectura":"2 minutos"},"schema":{"@context":"https:\/\/schema.org","@graph":[{"@type":"WebPage","@id":"https:\/\/letrame.com\/catalogo\/producto\/verdad-tradicion-dogmas-de-jesucristo\/","url":"https:\/\/letrame.com\/catalogo\/producto\/verdad-tradicion-dogmas-de-jesucristo\/","name":"\u00a1Verdad, Tradici\u00f3n\u2026 Dogmas de Jesucristo! - Catalogo | Letrame Grupo Editorial","isPartOf":{"@id":"https:\/\/letrame.com\/catalogo\/#website"},"primaryImageOfPage":{"@id":"https:\/\/letrame.com\/catalogo\/producto\/verdad-tradicion-dogmas-de-jesucristo\/#primaryimage"},"image":{"@id":"https:\/\/letrame.com\/catalogo\/producto\/verdad-tradicion-dogmas-de-jesucristo\/#primaryimage"},"thumbnailUrl":"https:\/\/letrame.com\/catalogo\/wp-content\/uploads\/2024\/05\/webp_verdadtradicion_1269mm-compressed-scaled-1.jpg","datePublished":"2024-05-23T08:06:08+00:00","dateModified":"2024-05-23T10:00:11+00:00","breadcrumb":{"@id":"https:\/\/letrame.com\/catalogo\/producto\/verdad-tradicion-dogmas-de-jesucristo\/#breadcrumb"},"inLanguage":"es","potentialAction":[{"@type":"ReadAction","target":["https:\/\/letrame.com\/catalogo\/producto\/verdad-tradicion-dogmas-de-jesucristo\/"]}]},{"@type":"ImageObject","inLanguage":"es","@id":"https:\/\/letrame.com\/catalogo\/producto\/verdad-tradicion-dogmas-de-jesucristo\/#primaryimage","url":"https:\/\/letrame.com\/catalogo\/wp-content\/uploads\/2024\/05\/webp_verdadtradicion_1269mm-compressed-scaled-1.jpg","contentUrl":"https:\/\/letrame.com\/catalogo\/wp-content\/uploads\/2024\/05\/webp_verdadtradicion_1269mm-compressed-scaled-1.jpg","width":1746,"height":2560},{"@type":"BreadcrumbList","@id":"https:\/\/letrame.com\/catalogo\/producto\/verdad-tradicion-dogmas-de-jesucristo\/#breadcrumb","itemListElement":[{"@type":"ListItem","position":1,"name":"Portada","item":"https:\/\/letrame.com\/catalogo\/"},{"@type":"ListItem","position":2,"name":"Cat\u00e1logo","item":"https:\/\/letrame.com\/catalogo\/"},{"@type":"ListItem","position":3,"name":"\u00a1Verdad, Tradici\u00f3n\u2026 Dogmas de Jesucristo!"}]},{"@type":"WebSite","@id":"https:\/\/letrame.com\/catalogo\/#website","url":"https:\/\/letrame.com\/catalogo\/","name":"Catalogo | Letrame Grupo Editorial","description":"","publisher":{"@id":"https:\/\/letrame.com\/catalogo\/#organization"},"potentialAction":[{"@type":"SearchAction","target":{"@type":"EntryPoint","urlTemplate":"https:\/\/letrame.com\/catalogo\/?s={search_term_string}"},"query-input":{"@type":"PropertyValueSpecification","valueRequired":true,"valueName":"search_term_string"}}],"inLanguage":"es"},{"@type":"Organization","@id":"https:\/\/letrame.com\/catalogo\/#organization","name":"Catalogo | Letrame Grupo Editorial","url":"https:\/\/letrame.com\/catalogo\/","logo":{"@type":"ImageObject","inLanguage":"es","@id":"https:\/\/letrame.com\/catalogo\/#\/schema\/logo\/image\/","url":"https:\/\/letrame.com\/catalogo\/wp-content\/uploads\/2024\/03\/logo2.webp","contentUrl":"https:\/\/letrame.com\/catalogo\/wp-content\/uploads\/2024\/03\/logo2.webp","width":394,"height":128,"caption":"Catalogo | Letrame Grupo Editorial"},"image":{"@id":"https:\/\/letrame.com\/catalogo\/#\/schema\/logo\/image\/"}}]}},"_links":{"self":[{"href":"https:\/\/letrame.com\/catalogo\/wp-json\/wp\/v2\/product\/100842","targetHints":{"allow":["GET"]}}],"collection":[{"href":"https:\/\/letrame.com\/catalogo\/wp-json\/wp\/v2\/product"}],"about":[{"href":"https:\/\/letrame.com\/catalogo\/wp-json\/wp\/v2\/types\/product"}],"replies":[{"embeddable":true,"href":"https:\/\/letrame.com\/catalogo\/wp-json\/wp\/v2\/comments?post=100842"}],"acf:post":[{"embeddable":true,"href":"https:\/\/letrame.com\/catalogo\/wp-json\/wp\/v2\/author_book\/76489"}],"wp:featuredmedia":[{"embeddable":true,"href":"https:\/\/letrame.com\/catalogo\/wp-json\/wp\/v2\/media\/100843"}],"wp:attachment":[{"href":"https:\/\/letrame.com\/catalogo\/wp-json\/wp\/v2\/media?parent=100842"}],"wp:term":[{"taxonomy":"libro","embeddable":true,"href":"https:\/\/letrame.com\/catalogo\/wp-json\/wp\/v2\/libro?post=100842"},{"taxonomy":"product_brand","embeddable":true,"href":"https:\/\/letrame.com\/catalogo\/wp-json\/wp\/v2\/product_brand?post=100842"},{"taxonomy":"product_cat","embeddable":true,"href":"https:\/\/letrame.com\/catalogo\/wp-json\/wp\/v2\/product_cat?post=100842"},{"taxonomy":"product_tag","embeddable":true,"href":"https:\/\/letrame.com\/catalogo\/wp-json\/wp\/v2\/product_tag?post=100842"}],"curies":[{"name":"wp","href":"https:\/\/api.w.org\/{rel}","templated":true}]}}