{"id":100840,"date":"2024-05-23T10:06:08","date_gmt":"2024-05-23T08:06:08","guid":{"rendered":"https:\/\/letrame.com\/catalogo\/producto\/noche-entera\/"},"modified":"2024-05-23T12:00:41","modified_gmt":"2024-05-23T10:00:41","slug":"noche-entera","status":"publish","type":"product","link":"https:\/\/letrame.com\/catalogo\/producto\/noche-entera\/","title":{"rendered":"Noche entera"},"content":{"rendered":"<p>ISBN:\u00a0978-84-1068-015-9<br \/>\nT\u00edtulo:\u2028Noche entera<br \/>\nFecha:\u20282024<br \/>\nP\u00e1ginas:\u00a0206<br \/>\nSINOPSIS<br \/>\nEn la Sicilia mafiosa de finales del siglo XIX, un padre solo a cargo de dos cr\u00edos afronta el a\u00f1o m\u00e1s terrible de sus vidas hasta ese momento. Novela hist\u00f3rica de aprendizaje y denuncia social, habitada asimismo por fantasmas, santos y demonios, que integra un costumbrismo real maravilloso de vertiente latina con reminiscencias nost\u00e1lgicas de El Gatopardo. Desde la esclavitud forzada en las minas de azufre de Lercara, apartada del mundo m\u00e1s cosmopolita pero no menos salvaje, hasta los frentes de batalla que abri\u00f3 el Regio Ej\u00e9rcito en tres continentes; Noche Entera es el retrato de una naci\u00f3n reci\u00e9n unificada como Reino de Italia, hasta el ascenso del socialista Benito Mussolini para instaurar un nuevo r\u00e9gimen autoritario con mayor aspiraci\u00f3n imperialista, que tendr\u00e1 sus d\u00edas contados. Los Alfieri son personajes de su tiempo y, por ello, un espejo fiel de nuestros d\u00edas.<br \/>\n\u00a1Es excepcional!<br \/>\nCon malicia narrativa y mucho oficio,<br \/>\nel lector se transporta.<\/p>\n","protected":false},"excerpt":{"rendered":"<p>ISBN:\u00a0978-84-1068-015-9<\/p>\n<p>SINOPSIS<br \/>\nEn la Sicilia mafiosa de finales del siglo XIX, un padre solo a cargo de dos cr\u00edos afronta el a\u00f1o m\u00e1s terrible de sus vidas hasta ese momento. Novela hist\u00f3rica de aprendizaje y denuncia social, habitada asimismo por fantasmas, santos y demonios, que integra un costumbrismo real maravilloso de vertiente latina con reminiscencias nost\u00e1lgicas de El Gatopardo. Desde la esclavitud forzada en las minas de azufre de Lercara, apartada del mundo m\u00e1s cosmopolita pero no menos salvaje, hasta los frentes de batalla que abri\u00f3 el Regio Ej\u00e9rcito en tres continentes; Noche Entera es el retrato de una naci\u00f3n reci\u00e9n unificada como Reino de Italia, hasta el ascenso del socialista Benito Mussolini para instaurar un nuevo r\u00e9gimen autoritario con mayor aspiraci\u00f3n imperialista, que tendr\u00e1 sus d\u00edas contados. Los Alfieri son personajes de su tiempo y, por ello, un espejo fiel de nuestros d\u00edas.<br \/>\n\u00a1Es excepcional!<br \/>\nCon malicia narrativa y mucho oficio,<br \/>\nel lector se transporta.<\/p>\n","protected":false},"featured_media":100841,"comment_status":"closed","ping_status":"closed","template":"","meta":{"_acf_changed":false},"libro":[],"product_brand":[],"product_cat":[29],"product_tag":[],"class_list":{"0":"post-100840","1":"product","2":"type-product","3":"status-publish","4":"has-post-thumbnail","6":"product_cat-novela-historica","8":"first","9":"instock","10":"product-type-simple"},"acf":{"autor":[100652],"enlace_de_compra":"https:\/\/www.casadellibro.com\/libro-noche-entera\/9788410680159\/16058912"},"yoast_head":"<!-- This site is optimized with the Yoast SEO plugin v27.4 - https:\/\/yoast.com\/product\/yoast-seo-wordpress\/ -->\n<title>Noche entera - Catalogo | Letrame Grupo Editorial<\/title>\n<meta name=\"robots\" content=\"index, follow, max-snippet:-1, max-image-preview:large, max-video-preview:-1\" \/>\n<link rel=\"canonical\" href=\"https:\/\/letrame.com\/catalogo\/producto\/noche-entera\/\" \/>\n<meta property=\"og:locale\" content=\"es_ES\" \/>\n<meta property=\"og:type\" content=\"article\" \/>\n<meta property=\"og:title\" content=\"Noche entera - Catalogo | Letrame Grupo Editorial\" \/>\n<meta property=\"og:description\" content=\"ISBN:\u00a0978-84-1068-015-9  SINOPSIS En la Sicilia mafiosa de finales del siglo XIX, un padre solo a cargo de dos cr\u00edos afronta el a\u00f1o m\u00e1s terrible de sus vidas hasta ese momento. Novela hist\u00f3rica de aprendizaje y denuncia social, habitada asimismo por fantasmas, santos y demonios, que integra un costumbrismo real maravilloso de vertiente latina con reminiscencias nost\u00e1lgicas de El Gatopardo. Desde la esclavitud forzada en las minas de azufre de Lercara, apartada del mundo m\u00e1s cosmopolita pero no menos salvaje, hasta los frentes de batalla que abri\u00f3 el Regio Ej\u00e9rcito en tres continentes; Noche Entera es el retrato de una naci\u00f3n reci\u00e9n unificada como Reino de Italia, hasta el ascenso del socialista Benito Mussolini para instaurar un nuevo r\u00e9gimen autoritario con mayor aspiraci\u00f3n imperialista, que tendr\u00e1 sus d\u00edas contados. Los Alfieri son personajes de su tiempo y, por ello, un espejo fiel de nuestros d\u00edas. \u00a1Es excepcional! Con malicia narrativa y mucho oficio, el lector se transporta.\" \/>\n<meta property=\"og:url\" content=\"https:\/\/letrame.com\/catalogo\/producto\/noche-entera\/\" \/>\n<meta property=\"og:site_name\" content=\"Catalogo | Letrame Grupo Editorial\" \/>\n<meta property=\"article:modified_time\" content=\"2024-05-23T10:00:41+00:00\" \/>\n<meta property=\"og:image\" content=\"https:\/\/letrame.com\/catalogo\/wp-content\/uploads\/2024\/05\/webp_nocheentera_1061mm-compressed-scaled-1.jpg\" \/>\n\t<meta property=\"og:image:width\" content=\"1746\" \/>\n\t<meta property=\"og:image:height\" content=\"2560\" \/>\n\t<meta property=\"og:image:type\" content=\"image\/jpeg\" \/>\n<meta name=\"twitter:card\" content=\"summary_large_image\" \/>\n<meta name=\"twitter:label1\" content=\"Tiempo de lectura\" \/>\n\t<meta name=\"twitter:data1\" content=\"1 minuto\" \/>\n<script type=\"application\/ld+json\" class=\"yoast-schema-graph\">{\"@context\":\"https:\\\/\\\/schema.org\",\"@graph\":[{\"@type\":\"WebPage\",\"@id\":\"https:\\\/\\\/letrame.com\\\/catalogo\\\/producto\\\/noche-entera\\\/\",\"url\":\"https:\\\/\\\/letrame.com\\\/catalogo\\\/producto\\\/noche-entera\\\/\",\"name\":\"Noche entera - Catalogo | Letrame Grupo Editorial\",\"isPartOf\":{\"@id\":\"https:\\\/\\\/letrame.com\\\/catalogo\\\/#website\"},\"primaryImageOfPage\":{\"@id\":\"https:\\\/\\\/letrame.com\\\/catalogo\\\/producto\\\/noche-entera\\\/#primaryimage\"},\"image\":{\"@id\":\"https:\\\/\\\/letrame.com\\\/catalogo\\\/producto\\\/noche-entera\\\/#primaryimage\"},\"thumbnailUrl\":\"https:\\\/\\\/letrame.com\\\/catalogo\\\/wp-content\\\/uploads\\\/2024\\\/05\\\/webp_nocheentera_1061mm-compressed-scaled-1.jpg\",\"datePublished\":\"2024-05-23T08:06:08+00:00\",\"dateModified\":\"2024-05-23T10:00:41+00:00\",\"breadcrumb\":{\"@id\":\"https:\\\/\\\/letrame.com\\\/catalogo\\\/producto\\\/noche-entera\\\/#breadcrumb\"},\"inLanguage\":\"es\",\"potentialAction\":[{\"@type\":\"ReadAction\",\"target\":[\"https:\\\/\\\/letrame.com\\\/catalogo\\\/producto\\\/noche-entera\\\/\"]}]},{\"@type\":\"ImageObject\",\"inLanguage\":\"es\",\"@id\":\"https:\\\/\\\/letrame.com\\\/catalogo\\\/producto\\\/noche-entera\\\/#primaryimage\",\"url\":\"https:\\\/\\\/letrame.com\\\/catalogo\\\/wp-content\\\/uploads\\\/2024\\\/05\\\/webp_nocheentera_1061mm-compressed-scaled-1.jpg\",\"contentUrl\":\"https:\\\/\\\/letrame.com\\\/catalogo\\\/wp-content\\\/uploads\\\/2024\\\/05\\\/webp_nocheentera_1061mm-compressed-scaled-1.jpg\",\"width\":1746,\"height\":2560},{\"@type\":\"BreadcrumbList\",\"@id\":\"https:\\\/\\\/letrame.com\\\/catalogo\\\/producto\\\/noche-entera\\\/#breadcrumb\",\"itemListElement\":[{\"@type\":\"ListItem\",\"position\":1,\"name\":\"Portada\",\"item\":\"https:\\\/\\\/letrame.com\\\/catalogo\\\/\"},{\"@type\":\"ListItem\",\"position\":2,\"name\":\"Cat\u00e1logo\",\"item\":\"https:\\\/\\\/letrame.com\\\/catalogo\\\/\"},{\"@type\":\"ListItem\",\"position\":3,\"name\":\"Noche entera\"}]},{\"@type\":\"WebSite\",\"@id\":\"https:\\\/\\\/letrame.com\\\/catalogo\\\/#website\",\"url\":\"https:\\\/\\\/letrame.com\\\/catalogo\\\/\",\"name\":\"Catalogo | Letrame Grupo Editorial\",\"description\":\"\",\"publisher\":{\"@id\":\"https:\\\/\\\/letrame.com\\\/catalogo\\\/#organization\"},\"potentialAction\":[{\"@type\":\"SearchAction\",\"target\":{\"@type\":\"EntryPoint\",\"urlTemplate\":\"https:\\\/\\\/letrame.com\\\/catalogo\\\/?s={search_term_string}\"},\"query-input\":{\"@type\":\"PropertyValueSpecification\",\"valueRequired\":true,\"valueName\":\"search_term_string\"}}],\"inLanguage\":\"es\"},{\"@type\":\"Organization\",\"@id\":\"https:\\\/\\\/letrame.com\\\/catalogo\\\/#organization\",\"name\":\"Catalogo | Letrame Grupo Editorial\",\"url\":\"https:\\\/\\\/letrame.com\\\/catalogo\\\/\",\"logo\":{\"@type\":\"ImageObject\",\"inLanguage\":\"es\",\"@id\":\"https:\\\/\\\/letrame.com\\\/catalogo\\\/#\\\/schema\\\/logo\\\/image\\\/\",\"url\":\"https:\\\/\\\/letrame.com\\\/catalogo\\\/wp-content\\\/uploads\\\/2024\\\/03\\\/logo2.webp\",\"contentUrl\":\"https:\\\/\\\/letrame.com\\\/catalogo\\\/wp-content\\\/uploads\\\/2024\\\/03\\\/logo2.webp\",\"width\":394,\"height\":128,\"caption\":\"Catalogo | Letrame Grupo Editorial\"},\"image\":{\"@id\":\"https:\\\/\\\/letrame.com\\\/catalogo\\\/#\\\/schema\\\/logo\\\/image\\\/\"}}]}<\/script>\n<!-- \/ Yoast SEO plugin. -->","yoast_head_json":{"title":"Noche entera - Catalogo | Letrame Grupo Editorial","robots":{"index":"index","follow":"follow","max-snippet":"max-snippet:-1","max-image-preview":"max-image-preview:large","max-video-preview":"max-video-preview:-1"},"canonical":"https:\/\/letrame.com\/catalogo\/producto\/noche-entera\/","og_locale":"es_ES","og_type":"article","og_title":"Noche entera - Catalogo | Letrame Grupo Editorial","og_description":"ISBN:\u00a0978-84-1068-015-9  SINOPSIS En la Sicilia mafiosa de finales del siglo XIX, un padre solo a cargo de dos cr\u00edos afronta el a\u00f1o m\u00e1s terrible de sus vidas hasta ese momento. Novela hist\u00f3rica de aprendizaje y denuncia social, habitada asimismo por fantasmas, santos y demonios, que integra un costumbrismo real maravilloso de vertiente latina con reminiscencias nost\u00e1lgicas de El Gatopardo. Desde la esclavitud forzada en las minas de azufre de Lercara, apartada del mundo m\u00e1s cosmopolita pero no menos salvaje, hasta los frentes de batalla que abri\u00f3 el Regio Ej\u00e9rcito en tres continentes; Noche Entera es el retrato de una naci\u00f3n reci\u00e9n unificada como Reino de Italia, hasta el ascenso del socialista Benito Mussolini para instaurar un nuevo r\u00e9gimen autoritario con mayor aspiraci\u00f3n imperialista, que tendr\u00e1 sus d\u00edas contados. Los Alfieri son personajes de su tiempo y, por ello, un espejo fiel de nuestros d\u00edas. \u00a1Es excepcional! Con malicia narrativa y mucho oficio, el lector se transporta.","og_url":"https:\/\/letrame.com\/catalogo\/producto\/noche-entera\/","og_site_name":"Catalogo | Letrame Grupo Editorial","article_modified_time":"2024-05-23T10:00:41+00:00","og_image":[{"width":1746,"height":2560,"url":"https:\/\/letrame.com\/catalogo\/wp-content\/uploads\/2024\/05\/webp_nocheentera_1061mm-compressed-scaled-1.jpg","type":"image\/jpeg"}],"twitter_card":"summary_large_image","twitter_misc":{"Tiempo de lectura":"1 minuto"},"schema":{"@context":"https:\/\/schema.org","@graph":[{"@type":"WebPage","@id":"https:\/\/letrame.com\/catalogo\/producto\/noche-entera\/","url":"https:\/\/letrame.com\/catalogo\/producto\/noche-entera\/","name":"Noche entera - Catalogo | Letrame Grupo Editorial","isPartOf":{"@id":"https:\/\/letrame.com\/catalogo\/#website"},"primaryImageOfPage":{"@id":"https:\/\/letrame.com\/catalogo\/producto\/noche-entera\/#primaryimage"},"image":{"@id":"https:\/\/letrame.com\/catalogo\/producto\/noche-entera\/#primaryimage"},"thumbnailUrl":"https:\/\/letrame.com\/catalogo\/wp-content\/uploads\/2024\/05\/webp_nocheentera_1061mm-compressed-scaled-1.jpg","datePublished":"2024-05-23T08:06:08+00:00","dateModified":"2024-05-23T10:00:41+00:00","breadcrumb":{"@id":"https:\/\/letrame.com\/catalogo\/producto\/noche-entera\/#breadcrumb"},"inLanguage":"es","potentialAction":[{"@type":"ReadAction","target":["https:\/\/letrame.com\/catalogo\/producto\/noche-entera\/"]}]},{"@type":"ImageObject","inLanguage":"es","@id":"https:\/\/letrame.com\/catalogo\/producto\/noche-entera\/#primaryimage","url":"https:\/\/letrame.com\/catalogo\/wp-content\/uploads\/2024\/05\/webp_nocheentera_1061mm-compressed-scaled-1.jpg","contentUrl":"https:\/\/letrame.com\/catalogo\/wp-content\/uploads\/2024\/05\/webp_nocheentera_1061mm-compressed-scaled-1.jpg","width":1746,"height":2560},{"@type":"BreadcrumbList","@id":"https:\/\/letrame.com\/catalogo\/producto\/noche-entera\/#breadcrumb","itemListElement":[{"@type":"ListItem","position":1,"name":"Portada","item":"https:\/\/letrame.com\/catalogo\/"},{"@type":"ListItem","position":2,"name":"Cat\u00e1logo","item":"https:\/\/letrame.com\/catalogo\/"},{"@type":"ListItem","position":3,"name":"Noche entera"}]},{"@type":"WebSite","@id":"https:\/\/letrame.com\/catalogo\/#website","url":"https:\/\/letrame.com\/catalogo\/","name":"Catalogo | Letrame Grupo Editorial","description":"","publisher":{"@id":"https:\/\/letrame.com\/catalogo\/#organization"},"potentialAction":[{"@type":"SearchAction","target":{"@type":"EntryPoint","urlTemplate":"https:\/\/letrame.com\/catalogo\/?s={search_term_string}"},"query-input":{"@type":"PropertyValueSpecification","valueRequired":true,"valueName":"search_term_string"}}],"inLanguage":"es"},{"@type":"Organization","@id":"https:\/\/letrame.com\/catalogo\/#organization","name":"Catalogo | Letrame Grupo Editorial","url":"https:\/\/letrame.com\/catalogo\/","logo":{"@type":"ImageObject","inLanguage":"es","@id":"https:\/\/letrame.com\/catalogo\/#\/schema\/logo\/image\/","url":"https:\/\/letrame.com\/catalogo\/wp-content\/uploads\/2024\/03\/logo2.webp","contentUrl":"https:\/\/letrame.com\/catalogo\/wp-content\/uploads\/2024\/03\/logo2.webp","width":394,"height":128,"caption":"Catalogo | Letrame Grupo Editorial"},"image":{"@id":"https:\/\/letrame.com\/catalogo\/#\/schema\/logo\/image\/"}}]}},"_links":{"self":[{"href":"https:\/\/letrame.com\/catalogo\/wp-json\/wp\/v2\/product\/100840","targetHints":{"allow":["GET"]}}],"collection":[{"href":"https:\/\/letrame.com\/catalogo\/wp-json\/wp\/v2\/product"}],"about":[{"href":"https:\/\/letrame.com\/catalogo\/wp-json\/wp\/v2\/types\/product"}],"replies":[{"embeddable":true,"href":"https:\/\/letrame.com\/catalogo\/wp-json\/wp\/v2\/comments?post=100840"}],"acf:post":[{"embeddable":true,"href":"https:\/\/letrame.com\/catalogo\/wp-json\/wp\/v2\/author_book\/100652"}],"wp:featuredmedia":[{"embeddable":true,"href":"https:\/\/letrame.com\/catalogo\/wp-json\/wp\/v2\/media\/100841"}],"wp:attachment":[{"href":"https:\/\/letrame.com\/catalogo\/wp-json\/wp\/v2\/media?parent=100840"}],"wp:term":[{"taxonomy":"libro","embeddable":true,"href":"https:\/\/letrame.com\/catalogo\/wp-json\/wp\/v2\/libro?post=100840"},{"taxonomy":"product_brand","embeddable":true,"href":"https:\/\/letrame.com\/catalogo\/wp-json\/wp\/v2\/product_brand?post=100840"},{"taxonomy":"product_cat","embeddable":true,"href":"https:\/\/letrame.com\/catalogo\/wp-json\/wp\/v2\/product_cat?post=100840"},{"taxonomy":"product_tag","embeddable":true,"href":"https:\/\/letrame.com\/catalogo\/wp-json\/wp\/v2\/product_tag?post=100840"}],"curies":[{"name":"wp","href":"https:\/\/api.w.org\/{rel}","templated":true}]}}