{"id":100838,"date":"2024-05-23T10:06:08","date_gmt":"2024-05-23T08:06:08","guid":{"rendered":"https:\/\/letrame.com\/catalogo\/producto\/empathy-pro-2-0\/"},"modified":"2024-06-04T15:41:36","modified_gmt":"2024-06-04T13:41:36","slug":"empathy-pro-2-0","status":"publish","type":"product","link":"https:\/\/letrame.com\/catalogo\/producto\/empathy-pro-2-0\/","title":{"rendered":"Empahy pro 2.0"},"content":{"rendered":"<p>ISBN:\u00a0978-84-1068-033-3<br \/>\nT\u00edtulo:\u2028EMPATHY PRO 2.0<br \/>\nFecha:\u20282024<br \/>\nP\u00e1ginas:\u00a092<br \/>\nSINOPSIS<\/p>\n<p>Det\u00e9ngase.<\/p>\n<p>Respire profundo.<\/p>\n<p>No lo mate (todav\u00eda).<\/p>\n<p>Con Empathy Pro 2.0 esas ganas de acogotarlo ser\u00e1n solo un recuerdo.<br \/>\nDese una oportunidad, usted se la merece\u2026 Y su adolescente tambi\u00e9n.<\/p>\n<p>Producto aplicable a ni\u00f1os y adolescentes entre 12 y 18 a\u00f1os. R\u00e1pido, seguro y eficaz.<\/p>\n","protected":false},"excerpt":{"rendered":"<p>ISBN:\u00a0978-84-1068-033-3<\/p>\n<p>SINOPSIS<\/p>\n<p>Det\u00e9ngase.<\/p>\n<p>Respire profundo.<\/p>\n<p>No lo mate (todav\u00eda).<\/p>\n<p>Con Empathy Pro 2.0 esas ganas de acogotarlo ser\u00e1n solo un recuerdo.<br \/>\nDese una oportunidad, usted se la merece\u2026 Y su adolescente tambi\u00e9n.<\/p>\n<p>Producto aplicable a ni\u00f1os y adolescentes entre 12 y 18 a\u00f1os. R\u00e1pido, seguro y eficaz.<\/p>\n","protected":false},"featured_media":100839,"comment_status":"closed","ping_status":"closed","template":"","meta":{"_acf_changed":false},"libro":[],"product_brand":[],"product_cat":[30],"product_tag":[],"class_list":{"0":"post-100838","1":"product","2":"type-product","3":"status-publish","4":"has-post-thumbnail","6":"product_cat-desarrollo-personal-y-autoconocimiento","8":"first","9":"instock","10":"product-type-simple"},"acf":{"autor":[100650],"enlace_de_compra":"https:\/\/www.casadellibro.com\/libro-empathy-pro-20\/9788410680333\/15929407"},"yoast_head":"<!-- This site is optimized with the Yoast SEO plugin v26.6 - https:\/\/yoast.com\/wordpress\/plugins\/seo\/ -->\n<title>Empahy pro 2.0 - Catalogo | Letrame Grupo Editorial<\/title>\n<meta name=\"robots\" content=\"index, follow, max-snippet:-1, max-image-preview:large, max-video-preview:-1\" \/>\n<link rel=\"canonical\" href=\"https:\/\/letrame.com\/catalogo\/producto\/empathy-pro-2-0\/\" \/>\n<meta property=\"og:locale\" content=\"es_ES\" \/>\n<meta property=\"og:type\" content=\"article\" \/>\n<meta property=\"og:title\" content=\"Empahy pro 2.0 - Catalogo | Letrame Grupo Editorial\" \/>\n<meta property=\"og:description\" content=\"ISBN:\u00a0978-84-1068-033-3  SINOPSIS  Det\u00e9ngase.  Respire profundo.  No lo mate (todav\u00eda).  Con Empathy Pro 2.0 esas ganas de acogotarlo ser\u00e1n solo un recuerdo. Dese una oportunidad, usted se la merece\u2026 Y su adolescente tambi\u00e9n.  Producto aplicable a ni\u00f1os y adolescentes entre 12 y 18 a\u00f1os. R\u00e1pido, seguro y eficaz.\" \/>\n<meta property=\"og:url\" content=\"https:\/\/letrame.com\/catalogo\/producto\/empathy-pro-2-0\/\" \/>\n<meta property=\"og:site_name\" content=\"Catalogo | Letrame Grupo Editorial\" \/>\n<meta property=\"article:modified_time\" content=\"2024-06-04T13:41:36+00:00\" \/>\n<meta property=\"og:image\" content=\"https:\/\/letrame.com\/catalogo\/wp-content\/uploads\/2024\/05\/webp_emphaty_532mm-compressed.jpg\" \/>\n\t<meta property=\"og:image:width\" content=\"1594\" \/>\n\t<meta property=\"og:image:height\" content=\"2303\" \/>\n\t<meta property=\"og:image:type\" content=\"image\/jpeg\" \/>\n<meta name=\"twitter:card\" content=\"summary_large_image\" \/>\n<meta name=\"twitter:label1\" content=\"Tiempo de lectura\" \/>\n\t<meta name=\"twitter:data1\" content=\"1 minuto\" \/>\n<script type=\"application\/ld+json\" class=\"yoast-schema-graph\">{\"@context\":\"https:\/\/schema.org\",\"@graph\":[{\"@type\":\"WebPage\",\"@id\":\"https:\/\/letrame.com\/catalogo\/producto\/empathy-pro-2-0\/\",\"url\":\"https:\/\/letrame.com\/catalogo\/producto\/empathy-pro-2-0\/\",\"name\":\"Empahy pro 2.0 - Catalogo | Letrame Grupo Editorial\",\"isPartOf\":{\"@id\":\"https:\/\/letrame.com\/catalogo\/#website\"},\"primaryImageOfPage\":{\"@id\":\"https:\/\/letrame.com\/catalogo\/producto\/empathy-pro-2-0\/#primaryimage\"},\"image\":{\"@id\":\"https:\/\/letrame.com\/catalogo\/producto\/empathy-pro-2-0\/#primaryimage\"},\"thumbnailUrl\":\"https:\/\/letrame.com\/catalogo\/wp-content\/uploads\/2024\/05\/webp_emphaty_532mm-compressed.jpg\",\"datePublished\":\"2024-05-23T08:06:08+00:00\",\"dateModified\":\"2024-06-04T13:41:36+00:00\",\"breadcrumb\":{\"@id\":\"https:\/\/letrame.com\/catalogo\/producto\/empathy-pro-2-0\/#breadcrumb\"},\"inLanguage\":\"es\",\"potentialAction\":[{\"@type\":\"ReadAction\",\"target\":[\"https:\/\/letrame.com\/catalogo\/producto\/empathy-pro-2-0\/\"]}]},{\"@type\":\"ImageObject\",\"inLanguage\":\"es\",\"@id\":\"https:\/\/letrame.com\/catalogo\/producto\/empathy-pro-2-0\/#primaryimage\",\"url\":\"https:\/\/letrame.com\/catalogo\/wp-content\/uploads\/2024\/05\/webp_emphaty_532mm-compressed.jpg\",\"contentUrl\":\"https:\/\/letrame.com\/catalogo\/wp-content\/uploads\/2024\/05\/webp_emphaty_532mm-compressed.jpg\",\"width\":1594,\"height\":2303},{\"@type\":\"BreadcrumbList\",\"@id\":\"https:\/\/letrame.com\/catalogo\/producto\/empathy-pro-2-0\/#breadcrumb\",\"itemListElement\":[{\"@type\":\"ListItem\",\"position\":1,\"name\":\"Portada\",\"item\":\"https:\/\/letrame.com\/catalogo\/\"},{\"@type\":\"ListItem\",\"position\":2,\"name\":\"Cat\u00e1logo\",\"item\":\"https:\/\/letrame.com\/catalogo\/\"},{\"@type\":\"ListItem\",\"position\":3,\"name\":\"Empahy pro 2.0\"}]},{\"@type\":\"WebSite\",\"@id\":\"https:\/\/letrame.com\/catalogo\/#website\",\"url\":\"https:\/\/letrame.com\/catalogo\/\",\"name\":\"Catalogo | Letrame Grupo Editorial\",\"description\":\"\",\"publisher\":{\"@id\":\"https:\/\/letrame.com\/catalogo\/#organization\"},\"potentialAction\":[{\"@type\":\"SearchAction\",\"target\":{\"@type\":\"EntryPoint\",\"urlTemplate\":\"https:\/\/letrame.com\/catalogo\/?s={search_term_string}\"},\"query-input\":{\"@type\":\"PropertyValueSpecification\",\"valueRequired\":true,\"valueName\":\"search_term_string\"}}],\"inLanguage\":\"es\"},{\"@type\":\"Organization\",\"@id\":\"https:\/\/letrame.com\/catalogo\/#organization\",\"name\":\"Catalogo | Letrame Grupo Editorial\",\"url\":\"https:\/\/letrame.com\/catalogo\/\",\"logo\":{\"@type\":\"ImageObject\",\"inLanguage\":\"es\",\"@id\":\"https:\/\/letrame.com\/catalogo\/#\/schema\/logo\/image\/\",\"url\":\"https:\/\/letrame.com\/catalogo\/wp-content\/uploads\/2024\/03\/logo2.webp\",\"contentUrl\":\"https:\/\/letrame.com\/catalogo\/wp-content\/uploads\/2024\/03\/logo2.webp\",\"width\":394,\"height\":128,\"caption\":\"Catalogo | Letrame Grupo Editorial\"},\"image\":{\"@id\":\"https:\/\/letrame.com\/catalogo\/#\/schema\/logo\/image\/\"}}]}<\/script>\n<!-- \/ Yoast SEO plugin. -->","yoast_head_json":{"title":"Empahy pro 2.0 - Catalogo | Letrame Grupo Editorial","robots":{"index":"index","follow":"follow","max-snippet":"max-snippet:-1","max-image-preview":"max-image-preview:large","max-video-preview":"max-video-preview:-1"},"canonical":"https:\/\/letrame.com\/catalogo\/producto\/empathy-pro-2-0\/","og_locale":"es_ES","og_type":"article","og_title":"Empahy pro 2.0 - Catalogo | Letrame Grupo Editorial","og_description":"ISBN:\u00a0978-84-1068-033-3  SINOPSIS  Det\u00e9ngase.  Respire profundo.  No lo mate (todav\u00eda).  Con Empathy Pro 2.0 esas ganas de acogotarlo ser\u00e1n solo un recuerdo. Dese una oportunidad, usted se la merece\u2026 Y su adolescente tambi\u00e9n.  Producto aplicable a ni\u00f1os y adolescentes entre 12 y 18 a\u00f1os. R\u00e1pido, seguro y eficaz.","og_url":"https:\/\/letrame.com\/catalogo\/producto\/empathy-pro-2-0\/","og_site_name":"Catalogo | Letrame Grupo Editorial","article_modified_time":"2024-06-04T13:41:36+00:00","og_image":[{"width":1594,"height":2303,"url":"https:\/\/letrame.com\/catalogo\/wp-content\/uploads\/2024\/05\/webp_emphaty_532mm-compressed.jpg","type":"image\/jpeg"}],"twitter_card":"summary_large_image","twitter_misc":{"Tiempo de lectura":"1 minuto"},"schema":{"@context":"https:\/\/schema.org","@graph":[{"@type":"WebPage","@id":"https:\/\/letrame.com\/catalogo\/producto\/empathy-pro-2-0\/","url":"https:\/\/letrame.com\/catalogo\/producto\/empathy-pro-2-0\/","name":"Empahy pro 2.0 - Catalogo | Letrame Grupo Editorial","isPartOf":{"@id":"https:\/\/letrame.com\/catalogo\/#website"},"primaryImageOfPage":{"@id":"https:\/\/letrame.com\/catalogo\/producto\/empathy-pro-2-0\/#primaryimage"},"image":{"@id":"https:\/\/letrame.com\/catalogo\/producto\/empathy-pro-2-0\/#primaryimage"},"thumbnailUrl":"https:\/\/letrame.com\/catalogo\/wp-content\/uploads\/2024\/05\/webp_emphaty_532mm-compressed.jpg","datePublished":"2024-05-23T08:06:08+00:00","dateModified":"2024-06-04T13:41:36+00:00","breadcrumb":{"@id":"https:\/\/letrame.com\/catalogo\/producto\/empathy-pro-2-0\/#breadcrumb"},"inLanguage":"es","potentialAction":[{"@type":"ReadAction","target":["https:\/\/letrame.com\/catalogo\/producto\/empathy-pro-2-0\/"]}]},{"@type":"ImageObject","inLanguage":"es","@id":"https:\/\/letrame.com\/catalogo\/producto\/empathy-pro-2-0\/#primaryimage","url":"https:\/\/letrame.com\/catalogo\/wp-content\/uploads\/2024\/05\/webp_emphaty_532mm-compressed.jpg","contentUrl":"https:\/\/letrame.com\/catalogo\/wp-content\/uploads\/2024\/05\/webp_emphaty_532mm-compressed.jpg","width":1594,"height":2303},{"@type":"BreadcrumbList","@id":"https:\/\/letrame.com\/catalogo\/producto\/empathy-pro-2-0\/#breadcrumb","itemListElement":[{"@type":"ListItem","position":1,"name":"Portada","item":"https:\/\/letrame.com\/catalogo\/"},{"@type":"ListItem","position":2,"name":"Cat\u00e1logo","item":"https:\/\/letrame.com\/catalogo\/"},{"@type":"ListItem","position":3,"name":"Empahy pro 2.0"}]},{"@type":"WebSite","@id":"https:\/\/letrame.com\/catalogo\/#website","url":"https:\/\/letrame.com\/catalogo\/","name":"Catalogo | Letrame Grupo Editorial","description":"","publisher":{"@id":"https:\/\/letrame.com\/catalogo\/#organization"},"potentialAction":[{"@type":"SearchAction","target":{"@type":"EntryPoint","urlTemplate":"https:\/\/letrame.com\/catalogo\/?s={search_term_string}"},"query-input":{"@type":"PropertyValueSpecification","valueRequired":true,"valueName":"search_term_string"}}],"inLanguage":"es"},{"@type":"Organization","@id":"https:\/\/letrame.com\/catalogo\/#organization","name":"Catalogo | Letrame Grupo Editorial","url":"https:\/\/letrame.com\/catalogo\/","logo":{"@type":"ImageObject","inLanguage":"es","@id":"https:\/\/letrame.com\/catalogo\/#\/schema\/logo\/image\/","url":"https:\/\/letrame.com\/catalogo\/wp-content\/uploads\/2024\/03\/logo2.webp","contentUrl":"https:\/\/letrame.com\/catalogo\/wp-content\/uploads\/2024\/03\/logo2.webp","width":394,"height":128,"caption":"Catalogo | Letrame Grupo Editorial"},"image":{"@id":"https:\/\/letrame.com\/catalogo\/#\/schema\/logo\/image\/"}}]}},"_links":{"self":[{"href":"https:\/\/letrame.com\/catalogo\/wp-json\/wp\/v2\/product\/100838","targetHints":{"allow":["GET"]}}],"collection":[{"href":"https:\/\/letrame.com\/catalogo\/wp-json\/wp\/v2\/product"}],"about":[{"href":"https:\/\/letrame.com\/catalogo\/wp-json\/wp\/v2\/types\/product"}],"replies":[{"embeddable":true,"href":"https:\/\/letrame.com\/catalogo\/wp-json\/wp\/v2\/comments?post=100838"}],"acf:post":[{"embeddable":true,"href":"https:\/\/letrame.com\/catalogo\/wp-json\/wp\/v2\/author_book\/100650"}],"wp:featuredmedia":[{"embeddable":true,"href":"https:\/\/letrame.com\/catalogo\/wp-json\/wp\/v2\/media\/100839"}],"wp:attachment":[{"href":"https:\/\/letrame.com\/catalogo\/wp-json\/wp\/v2\/media?parent=100838"}],"wp:term":[{"taxonomy":"libro","embeddable":true,"href":"https:\/\/letrame.com\/catalogo\/wp-json\/wp\/v2\/libro?post=100838"},{"taxonomy":"product_brand","embeddable":true,"href":"https:\/\/letrame.com\/catalogo\/wp-json\/wp\/v2\/product_brand?post=100838"},{"taxonomy":"product_cat","embeddable":true,"href":"https:\/\/letrame.com\/catalogo\/wp-json\/wp\/v2\/product_cat?post=100838"},{"taxonomy":"product_tag","embeddable":true,"href":"https:\/\/letrame.com\/catalogo\/wp-json\/wp\/v2\/product_tag?post=100838"}],"curies":[{"name":"wp","href":"https:\/\/api.w.org\/{rel}","templated":true}]}}