{"id":100836,"date":"2024-05-23T10:06:08","date_gmt":"2024-05-23T08:06:08","guid":{"rendered":"https:\/\/letrame.com\/catalogo\/producto\/el-visitador-la-geografia-del-dolor\/"},"modified":"2024-06-04T15:41:20","modified_gmt":"2024-06-04T13:41:20","slug":"el-visitador-la-geografia-del-dolor","status":"publish","type":"product","link":"https:\/\/letrame.com\/catalogo\/producto\/el-visitador-la-geografia-del-dolor\/","title":{"rendered":"El visitador.  La geograf\u00eda del dolor"},"content":{"rendered":"<p>ISBN:\u00a0978-84-1068-307-5<br \/>\nT\u00edtulo:\u2028EL VISITADOR. LA GEOGRAF\u00cdA DEL DOLOR<br \/>\nFecha:\u20282024<br \/>\nP\u00e1ginas:\u00a0268<br \/>\nSINOPSIS<\/p>\n<p>En 1772, en una convulsa Europa, un noble ingl\u00e9s llamado John Howard abandona la comodidad de su mansi\u00f3n y se embarca en un fren\u00e9tico viaje por toda Europa. Pretende mejorar las condiciones de vida de las prisiones y recintos hospitalarios, lugares en los que los abusos y epidemias arrasan con las esperanzas de salir con vida de all\u00ed.<br \/>\nAcompa\u00f1an a Howard en esta cruzada su sirviente, Thomasson, y una enigm\u00e1tica mujer, Camille. No tardar\u00e1n en darse cuenta de que les siguen; son muchos los enemigos del noble interesados en que la expedici\u00f3n fracase.<br \/>\nEntre los viajeros se desatar\u00e1n las sospechas y la tensi\u00f3n, y, conforme las relaciones entre ellos se vayan estrechando, tambi\u00e9n eclosionar\u00e1n las palpitaciones sentimentales, confusas, perturbadoras y dif\u00edciles de dominar.<br \/>\nDurante el trayecto, los expedicionarios sufrir\u00e1n los rigores del tiempo y sortear\u00e1n m\u00faltiples peligros; conocer\u00e1n a personajes ilustres como Diderot o Mozart, que les insuflar\u00e1n optimismo, pero tambi\u00e9n ser\u00e1n testigos de lo peor de la condici\u00f3n humana.<br \/>\nTal c\u00famulo de vivencias los transformar\u00e1, derribar\u00e1 estructuras internas y dilatar\u00e1 la percepci\u00f3n de s\u00ed mismos y del mundo.<br \/>\nConforme el coche de caballos se abra paso, las carcajadas de los adversarios de Howard, de los custodios del orden establecido, enmudecer\u00e1n, y el temor aguijonear\u00e1 tantas miradas perplejas: \u00bfconseguir\u00e1 un hombre cambiar los cimientos de la sociedad?<\/p>\n<p>www.joseantoniofortuny.com<\/p>\n","protected":false},"excerpt":{"rendered":"<p>ISBN:\u00a0978-84-1068-307-5<\/p>\n<p>SINOPSIS<\/p>\n<p>En 1772, en una convulsa Europa, un noble ingl\u00e9s llamado John Howard abandona la comodidad de su mansi\u00f3n y se embarca en un fren\u00e9tico viaje por toda Europa. Pretende mejorar las condiciones de vida de las prisiones y recintos hospitalarios, lugares en los que los abusos y epidemias arrasan con las esperanzas de salir con vida de all\u00ed.<br \/>\nAcompa\u00f1an a Howard en esta cruzada su sirviente, Thomasson, y una enigm\u00e1tica mujer, Camille. No tardar\u00e1n en darse cuenta de que les siguen; son muchos los enemigos del noble interesados en que la expedici\u00f3n fracase.<br \/>\nEntre los viajeros se desatar\u00e1n las sospechas y la tensi\u00f3n, y, conforme las relaciones entre ellos se vayan estrechando, tambi\u00e9n eclosionar\u00e1n las palpitaciones sentimentales, confusas, perturbadoras y dif\u00edciles de dominar.<br \/>\nDurante el trayecto, los expedicionarios sufrir\u00e1n los rigores del tiempo y sortear\u00e1n m\u00faltiples peligros; conocer\u00e1n a personajes ilustres como Diderot o Mozart, que les insuflar\u00e1n optimismo, pero tambi\u00e9n ser\u00e1n testigos de lo peor de la condici\u00f3n humana.<br \/>\nTal c\u00famulo de vivencias los transformar\u00e1, derribar\u00e1 estructuras internas y dilatar\u00e1 la percepci\u00f3n de s\u00ed mismos y del mundo.<br \/>\nConforme el coche de caballos se abra paso, las carcajadas de los adversarios de Howard, de los custodios del orden establecido, enmudecer\u00e1n, y el temor aguijonear\u00e1 tantas miradas perplejas: \u00bfconseguir\u00e1 un hombre cambiar los cimientos de la sociedad?<\/p>\n<p>www.joseantoniofortuny.com<\/p>\n","protected":false},"featured_media":100837,"comment_status":"closed","ping_status":"closed","template":"","meta":{"_acf_changed":false},"libro":[],"product_brand":[],"product_cat":[29],"product_tag":[],"class_list":{"0":"post-100836","1":"product","2":"type-product","3":"status-publish","4":"has-post-thumbnail","6":"product_cat-novela-historica","8":"first","9":"instock","10":"product-type-simple"},"acf":{"autor":[100648],"enlace_de_compra":"https:\/\/www.casadellibro.com\/libro-el-visitador\/9788411819275\/15942755"},"yoast_head":"<!-- This site is optimized with the Yoast SEO plugin v27.4 - https:\/\/yoast.com\/product\/yoast-seo-wordpress\/ -->\n<title>El visitador. La geograf\u00eda del dolor - Catalogo | Letrame Grupo Editorial<\/title>\n<meta name=\"robots\" content=\"index, follow, max-snippet:-1, max-image-preview:large, max-video-preview:-1\" \/>\n<link rel=\"canonical\" href=\"https:\/\/letrame.com\/catalogo\/producto\/el-visitador-la-geografia-del-dolor\/\" \/>\n<meta property=\"og:locale\" content=\"es_ES\" \/>\n<meta property=\"og:type\" content=\"article\" \/>\n<meta property=\"og:title\" content=\"El visitador. La geograf\u00eda del dolor - Catalogo | Letrame Grupo Editorial\" \/>\n<meta property=\"og:description\" content=\"ISBN:\u00a0978-84-1068-307-5  SINOPSIS  En 1772, en una convulsa Europa, un noble ingl\u00e9s llamado John Howard abandona la comodidad de su mansi\u00f3n y se embarca en un fren\u00e9tico viaje por toda Europa. Pretende mejorar las condiciones de vida de las prisiones y recintos hospitalarios, lugares en los que los abusos y epidemias arrasan con las esperanzas de salir con vida de all\u00ed. Acompa\u00f1an a Howard en esta cruzada su sirviente, Thomasson, y una enigm\u00e1tica mujer, Camille. No tardar\u00e1n en darse cuenta de que les siguen; son muchos los enemigos del noble interesados en que la expedici\u00f3n fracase. Entre los viajeros se desatar\u00e1n las sospechas y la tensi\u00f3n, y, conforme las relaciones entre ellos se vayan estrechando, tambi\u00e9n eclosionar\u00e1n las palpitaciones sentimentales, confusas, perturbadoras y dif\u00edciles de dominar. Durante el trayecto, los expedicionarios sufrir\u00e1n los rigores del tiempo y sortear\u00e1n m\u00faltiples peligros; conocer\u00e1n a personajes ilustres como Diderot o Mozart, que les insuflar\u00e1n optimismo, pero tambi\u00e9n ser\u00e1n testigos de lo peor de la condici\u00f3n humana. Tal c\u00famulo de vivencias los transformar\u00e1, derribar\u00e1 estructuras internas y dilatar\u00e1 la percepci\u00f3n de s\u00ed mismos y del mundo. Conforme el coche de caballos se abra paso, las carcajadas de los adversarios de Howard, de los custodios del orden establecido, enmudecer\u00e1n, y el temor aguijonear\u00e1 tantas miradas perplejas: \u00bfconseguir\u00e1 un hombre cambiar los cimientos de la sociedad?  www.joseantoniofortuny.com\" \/>\n<meta property=\"og:url\" content=\"https:\/\/letrame.com\/catalogo\/producto\/el-visitador-la-geografia-del-dolor\/\" \/>\n<meta property=\"og:site_name\" content=\"Catalogo | Letrame Grupo Editorial\" \/>\n<meta property=\"article:modified_time\" content=\"2024-06-04T13:41:20+00:00\" \/>\n<meta property=\"og:image\" content=\"https:\/\/letrame.com\/catalogo\/wp-content\/uploads\/2024\/05\/2a-edicion_-El-visitador-compressed-1-scaled-1.jpg\" \/>\n\t<meta property=\"og:image:width\" content=\"1690\" \/>\n\t<meta property=\"og:image:height\" content=\"2560\" \/>\n\t<meta property=\"og:image:type\" content=\"image\/jpeg\" \/>\n<meta name=\"twitter:card\" content=\"summary_large_image\" \/>\n<meta name=\"twitter:label1\" content=\"Tiempo de lectura\" \/>\n\t<meta name=\"twitter:data1\" content=\"2 minutos\" \/>\n<script type=\"application\/ld+json\" class=\"yoast-schema-graph\">{\"@context\":\"https:\\\/\\\/schema.org\",\"@graph\":[{\"@type\":\"WebPage\",\"@id\":\"https:\\\/\\\/letrame.com\\\/catalogo\\\/producto\\\/el-visitador-la-geografia-del-dolor\\\/\",\"url\":\"https:\\\/\\\/letrame.com\\\/catalogo\\\/producto\\\/el-visitador-la-geografia-del-dolor\\\/\",\"name\":\"El visitador. La geograf\u00eda del dolor - Catalogo | Letrame Grupo Editorial\",\"isPartOf\":{\"@id\":\"https:\\\/\\\/letrame.com\\\/catalogo\\\/#website\"},\"primaryImageOfPage\":{\"@id\":\"https:\\\/\\\/letrame.com\\\/catalogo\\\/producto\\\/el-visitador-la-geografia-del-dolor\\\/#primaryimage\"},\"image\":{\"@id\":\"https:\\\/\\\/letrame.com\\\/catalogo\\\/producto\\\/el-visitador-la-geografia-del-dolor\\\/#primaryimage\"},\"thumbnailUrl\":\"https:\\\/\\\/letrame.com\\\/catalogo\\\/wp-content\\\/uploads\\\/2024\\\/05\\\/2a-edicion_-El-visitador-compressed-1-scaled-1.jpg\",\"datePublished\":\"2024-05-23T08:06:08+00:00\",\"dateModified\":\"2024-06-04T13:41:20+00:00\",\"breadcrumb\":{\"@id\":\"https:\\\/\\\/letrame.com\\\/catalogo\\\/producto\\\/el-visitador-la-geografia-del-dolor\\\/#breadcrumb\"},\"inLanguage\":\"es\",\"potentialAction\":[{\"@type\":\"ReadAction\",\"target\":[\"https:\\\/\\\/letrame.com\\\/catalogo\\\/producto\\\/el-visitador-la-geografia-del-dolor\\\/\"]}]},{\"@type\":\"ImageObject\",\"inLanguage\":\"es\",\"@id\":\"https:\\\/\\\/letrame.com\\\/catalogo\\\/producto\\\/el-visitador-la-geografia-del-dolor\\\/#primaryimage\",\"url\":\"https:\\\/\\\/letrame.com\\\/catalogo\\\/wp-content\\\/uploads\\\/2024\\\/05\\\/2a-edicion_-El-visitador-compressed-1-scaled-1.jpg\",\"contentUrl\":\"https:\\\/\\\/letrame.com\\\/catalogo\\\/wp-content\\\/uploads\\\/2024\\\/05\\\/2a-edicion_-El-visitador-compressed-1-scaled-1.jpg\",\"width\":1690,\"height\":2560},{\"@type\":\"BreadcrumbList\",\"@id\":\"https:\\\/\\\/letrame.com\\\/catalogo\\\/producto\\\/el-visitador-la-geografia-del-dolor\\\/#breadcrumb\",\"itemListElement\":[{\"@type\":\"ListItem\",\"position\":1,\"name\":\"Portada\",\"item\":\"https:\\\/\\\/letrame.com\\\/catalogo\\\/\"},{\"@type\":\"ListItem\",\"position\":2,\"name\":\"Cat\u00e1logo\",\"item\":\"https:\\\/\\\/letrame.com\\\/catalogo\\\/\"},{\"@type\":\"ListItem\",\"position\":3,\"name\":\"El visitador. La geograf\u00eda del dolor\"}]},{\"@type\":\"WebSite\",\"@id\":\"https:\\\/\\\/letrame.com\\\/catalogo\\\/#website\",\"url\":\"https:\\\/\\\/letrame.com\\\/catalogo\\\/\",\"name\":\"Catalogo | Letrame Grupo Editorial\",\"description\":\"\",\"publisher\":{\"@id\":\"https:\\\/\\\/letrame.com\\\/catalogo\\\/#organization\"},\"potentialAction\":[{\"@type\":\"SearchAction\",\"target\":{\"@type\":\"EntryPoint\",\"urlTemplate\":\"https:\\\/\\\/letrame.com\\\/catalogo\\\/?s={search_term_string}\"},\"query-input\":{\"@type\":\"PropertyValueSpecification\",\"valueRequired\":true,\"valueName\":\"search_term_string\"}}],\"inLanguage\":\"es\"},{\"@type\":\"Organization\",\"@id\":\"https:\\\/\\\/letrame.com\\\/catalogo\\\/#organization\",\"name\":\"Catalogo | Letrame Grupo Editorial\",\"url\":\"https:\\\/\\\/letrame.com\\\/catalogo\\\/\",\"logo\":{\"@type\":\"ImageObject\",\"inLanguage\":\"es\",\"@id\":\"https:\\\/\\\/letrame.com\\\/catalogo\\\/#\\\/schema\\\/logo\\\/image\\\/\",\"url\":\"https:\\\/\\\/letrame.com\\\/catalogo\\\/wp-content\\\/uploads\\\/2024\\\/03\\\/logo2.webp\",\"contentUrl\":\"https:\\\/\\\/letrame.com\\\/catalogo\\\/wp-content\\\/uploads\\\/2024\\\/03\\\/logo2.webp\",\"width\":394,\"height\":128,\"caption\":\"Catalogo | Letrame Grupo Editorial\"},\"image\":{\"@id\":\"https:\\\/\\\/letrame.com\\\/catalogo\\\/#\\\/schema\\\/logo\\\/image\\\/\"}}]}<\/script>\n<!-- \/ Yoast SEO plugin. -->","yoast_head_json":{"title":"El visitador. La geograf\u00eda del dolor - Catalogo | Letrame Grupo Editorial","robots":{"index":"index","follow":"follow","max-snippet":"max-snippet:-1","max-image-preview":"max-image-preview:large","max-video-preview":"max-video-preview:-1"},"canonical":"https:\/\/letrame.com\/catalogo\/producto\/el-visitador-la-geografia-del-dolor\/","og_locale":"es_ES","og_type":"article","og_title":"El visitador. La geograf\u00eda del dolor - Catalogo | Letrame Grupo Editorial","og_description":"ISBN:\u00a0978-84-1068-307-5  SINOPSIS  En 1772, en una convulsa Europa, un noble ingl\u00e9s llamado John Howard abandona la comodidad de su mansi\u00f3n y se embarca en un fren\u00e9tico viaje por toda Europa. Pretende mejorar las condiciones de vida de las prisiones y recintos hospitalarios, lugares en los que los abusos y epidemias arrasan con las esperanzas de salir con vida de all\u00ed. Acompa\u00f1an a Howard en esta cruzada su sirviente, Thomasson, y una enigm\u00e1tica mujer, Camille. No tardar\u00e1n en darse cuenta de que les siguen; son muchos los enemigos del noble interesados en que la expedici\u00f3n fracase. Entre los viajeros se desatar\u00e1n las sospechas y la tensi\u00f3n, y, conforme las relaciones entre ellos se vayan estrechando, tambi\u00e9n eclosionar\u00e1n las palpitaciones sentimentales, confusas, perturbadoras y dif\u00edciles de dominar. Durante el trayecto, los expedicionarios sufrir\u00e1n los rigores del tiempo y sortear\u00e1n m\u00faltiples peligros; conocer\u00e1n a personajes ilustres como Diderot o Mozart, que les insuflar\u00e1n optimismo, pero tambi\u00e9n ser\u00e1n testigos de lo peor de la condici\u00f3n humana. Tal c\u00famulo de vivencias los transformar\u00e1, derribar\u00e1 estructuras internas y dilatar\u00e1 la percepci\u00f3n de s\u00ed mismos y del mundo. Conforme el coche de caballos se abra paso, las carcajadas de los adversarios de Howard, de los custodios del orden establecido, enmudecer\u00e1n, y el temor aguijonear\u00e1 tantas miradas perplejas: \u00bfconseguir\u00e1 un hombre cambiar los cimientos de la sociedad?  www.joseantoniofortuny.com","og_url":"https:\/\/letrame.com\/catalogo\/producto\/el-visitador-la-geografia-del-dolor\/","og_site_name":"Catalogo | Letrame Grupo Editorial","article_modified_time":"2024-06-04T13:41:20+00:00","og_image":[{"width":1690,"height":2560,"url":"https:\/\/letrame.com\/catalogo\/wp-content\/uploads\/2024\/05\/2a-edicion_-El-visitador-compressed-1-scaled-1.jpg","type":"image\/jpeg"}],"twitter_card":"summary_large_image","twitter_misc":{"Tiempo de lectura":"2 minutos"},"schema":{"@context":"https:\/\/schema.org","@graph":[{"@type":"WebPage","@id":"https:\/\/letrame.com\/catalogo\/producto\/el-visitador-la-geografia-del-dolor\/","url":"https:\/\/letrame.com\/catalogo\/producto\/el-visitador-la-geografia-del-dolor\/","name":"El visitador. La geograf\u00eda del dolor - Catalogo | Letrame Grupo Editorial","isPartOf":{"@id":"https:\/\/letrame.com\/catalogo\/#website"},"primaryImageOfPage":{"@id":"https:\/\/letrame.com\/catalogo\/producto\/el-visitador-la-geografia-del-dolor\/#primaryimage"},"image":{"@id":"https:\/\/letrame.com\/catalogo\/producto\/el-visitador-la-geografia-del-dolor\/#primaryimage"},"thumbnailUrl":"https:\/\/letrame.com\/catalogo\/wp-content\/uploads\/2024\/05\/2a-edicion_-El-visitador-compressed-1-scaled-1.jpg","datePublished":"2024-05-23T08:06:08+00:00","dateModified":"2024-06-04T13:41:20+00:00","breadcrumb":{"@id":"https:\/\/letrame.com\/catalogo\/producto\/el-visitador-la-geografia-del-dolor\/#breadcrumb"},"inLanguage":"es","potentialAction":[{"@type":"ReadAction","target":["https:\/\/letrame.com\/catalogo\/producto\/el-visitador-la-geografia-del-dolor\/"]}]},{"@type":"ImageObject","inLanguage":"es","@id":"https:\/\/letrame.com\/catalogo\/producto\/el-visitador-la-geografia-del-dolor\/#primaryimage","url":"https:\/\/letrame.com\/catalogo\/wp-content\/uploads\/2024\/05\/2a-edicion_-El-visitador-compressed-1-scaled-1.jpg","contentUrl":"https:\/\/letrame.com\/catalogo\/wp-content\/uploads\/2024\/05\/2a-edicion_-El-visitador-compressed-1-scaled-1.jpg","width":1690,"height":2560},{"@type":"BreadcrumbList","@id":"https:\/\/letrame.com\/catalogo\/producto\/el-visitador-la-geografia-del-dolor\/#breadcrumb","itemListElement":[{"@type":"ListItem","position":1,"name":"Portada","item":"https:\/\/letrame.com\/catalogo\/"},{"@type":"ListItem","position":2,"name":"Cat\u00e1logo","item":"https:\/\/letrame.com\/catalogo\/"},{"@type":"ListItem","position":3,"name":"El visitador. La geograf\u00eda del dolor"}]},{"@type":"WebSite","@id":"https:\/\/letrame.com\/catalogo\/#website","url":"https:\/\/letrame.com\/catalogo\/","name":"Catalogo | Letrame Grupo Editorial","description":"","publisher":{"@id":"https:\/\/letrame.com\/catalogo\/#organization"},"potentialAction":[{"@type":"SearchAction","target":{"@type":"EntryPoint","urlTemplate":"https:\/\/letrame.com\/catalogo\/?s={search_term_string}"},"query-input":{"@type":"PropertyValueSpecification","valueRequired":true,"valueName":"search_term_string"}}],"inLanguage":"es"},{"@type":"Organization","@id":"https:\/\/letrame.com\/catalogo\/#organization","name":"Catalogo | Letrame Grupo Editorial","url":"https:\/\/letrame.com\/catalogo\/","logo":{"@type":"ImageObject","inLanguage":"es","@id":"https:\/\/letrame.com\/catalogo\/#\/schema\/logo\/image\/","url":"https:\/\/letrame.com\/catalogo\/wp-content\/uploads\/2024\/03\/logo2.webp","contentUrl":"https:\/\/letrame.com\/catalogo\/wp-content\/uploads\/2024\/03\/logo2.webp","width":394,"height":128,"caption":"Catalogo | Letrame Grupo Editorial"},"image":{"@id":"https:\/\/letrame.com\/catalogo\/#\/schema\/logo\/image\/"}}]}},"_links":{"self":[{"href":"https:\/\/letrame.com\/catalogo\/wp-json\/wp\/v2\/product\/100836","targetHints":{"allow":["GET"]}}],"collection":[{"href":"https:\/\/letrame.com\/catalogo\/wp-json\/wp\/v2\/product"}],"about":[{"href":"https:\/\/letrame.com\/catalogo\/wp-json\/wp\/v2\/types\/product"}],"replies":[{"embeddable":true,"href":"https:\/\/letrame.com\/catalogo\/wp-json\/wp\/v2\/comments?post=100836"}],"acf:post":[{"embeddable":true,"href":"https:\/\/letrame.com\/catalogo\/wp-json\/wp\/v2\/author_book\/100648"}],"wp:featuredmedia":[{"embeddable":true,"href":"https:\/\/letrame.com\/catalogo\/wp-json\/wp\/v2\/media\/100837"}],"wp:attachment":[{"href":"https:\/\/letrame.com\/catalogo\/wp-json\/wp\/v2\/media?parent=100836"}],"wp:term":[{"taxonomy":"libro","embeddable":true,"href":"https:\/\/letrame.com\/catalogo\/wp-json\/wp\/v2\/libro?post=100836"},{"taxonomy":"product_brand","embeddable":true,"href":"https:\/\/letrame.com\/catalogo\/wp-json\/wp\/v2\/product_brand?post=100836"},{"taxonomy":"product_cat","embeddable":true,"href":"https:\/\/letrame.com\/catalogo\/wp-json\/wp\/v2\/product_cat?post=100836"},{"taxonomy":"product_tag","embeddable":true,"href":"https:\/\/letrame.com\/catalogo\/wp-json\/wp\/v2\/product_tag?post=100836"}],"curies":[{"name":"wp","href":"https:\/\/api.w.org\/{rel}","templated":true}]}}