{"id":100834,"date":"2024-05-23T10:06:08","date_gmt":"2024-05-23T08:06:08","guid":{"rendered":"https:\/\/letrame.com\/catalogo\/producto\/decisiones\/"},"modified":"2024-05-23T12:00:46","modified_gmt":"2024-05-23T10:00:46","slug":"decisiones","status":"publish","type":"product","link":"https:\/\/letrame.com\/catalogo\/producto\/decisiones\/","title":{"rendered":"Decisiones"},"content":{"rendered":"<p>ISBN:\u00a0978-84-1181-882-7<br \/>\nT\u00edtulo:\u2028Decisiones<br \/>\nFecha:\u20282024<br \/>\nP\u00e1ginas:\u00a0226<br \/>\nSINOPSIS<br \/>\nEste libro es un relato novelesco, tratado lo m\u00e1s benevolente posible, sobre varios temas actuales, que no por ello son fuertes para la vida com\u00fan de los ciudadanos. Trata sobre la vida de un empleado de alta escala de la conserjer\u00eda de Valencia que, en su recorrido laboral, escabroso y podrido, pasa por diferentes administraciones, dando lugar a situaciones muy fuertes, en ocasiones obscenas. Trata de sus vivencias con la Iglesia, con su familia y distintos avatares que le traen una vida muy poco convencional, a pesar de parecer muy real, es divertido, te hace pensar, incluso cavilar sobre el sentido real de la vida, lo bueno y lo malo, ah\u00ed radica el alma de este libro. Os deseo que lo pasen bien con este entramado, es el objetivo de esta publicaci\u00f3n.<\/p>\n","protected":false},"excerpt":{"rendered":"<p>ISBN:\u00a0978-84-1181-882-7<\/p>\n<p>SINOPSIS<br \/>\nEste libro es un relato novelesco, tratado lo m\u00e1s benevolente posible, sobre varios temas actuales, que no por ello son fuertes para la vida com\u00fan de los ciudadanos. Trata sobre la vida de un empleado de alta escala de la conserjer\u00eda de Valencia que, en su recorrido laboral, escabroso y podrido, pasa por diferentes administraciones, dando lugar a situaciones muy fuertes, en ocasiones obscenas. Trata de sus vivencias con la Iglesia, con su familia y distintos avatares que le traen una vida muy poco convencional, a pesar de parecer muy real, es divertido, te hace pensar, incluso cavilar sobre el sentido real de la vida, lo bueno y lo malo, ah\u00ed radica el alma de este libro. Os deseo que lo pasen bien con este entramado, es el objetivo de esta publicaci\u00f3n.<\/p>\n","protected":false},"featured_media":100835,"comment_status":"closed","ping_status":"closed","template":"","meta":{"_acf_changed":false},"libro":[],"product_brand":[],"product_cat":[110],"product_tag":[],"class_list":{"0":"post-100834","1":"product","2":"type-product","3":"status-publish","4":"has-post-thumbnail","6":"product_cat-hechos-reales","8":"first","9":"instock","10":"product-type-simple"},"acf":{"autor":[100646],"enlace_de_compra":"https:\/\/www.casadellibro.com\/libro-decisiones\/9788411818827\/15942754"},"yoast_head":"<!-- This site is optimized with the Yoast SEO plugin v27.4 - https:\/\/yoast.com\/product\/yoast-seo-wordpress\/ -->\n<title>Decisiones - Catalogo | Letrame Grupo Editorial<\/title>\n<meta name=\"robots\" content=\"index, follow, max-snippet:-1, max-image-preview:large, max-video-preview:-1\" \/>\n<link rel=\"canonical\" href=\"https:\/\/letrame.com\/catalogo\/producto\/decisiones\/\" \/>\n<meta property=\"og:locale\" content=\"es_ES\" \/>\n<meta property=\"og:type\" content=\"article\" \/>\n<meta property=\"og:title\" content=\"Decisiones - Catalogo | Letrame Grupo Editorial\" \/>\n<meta property=\"og:description\" content=\"ISBN:\u00a0978-84-1181-882-7  SINOPSIS Este libro es un relato novelesco, tratado lo m\u00e1s benevolente posible, sobre varios temas actuales, que no por ello son fuertes para la vida com\u00fan de los ciudadanos. Trata sobre la vida de un empleado de alta escala de la conserjer\u00eda de Valencia que, en su recorrido laboral, escabroso y podrido, pasa por diferentes administraciones, dando lugar a situaciones muy fuertes, en ocasiones obscenas. Trata de sus vivencias con la Iglesia, con su familia y distintos avatares que le traen una vida muy poco convencional, a pesar de parecer muy real, es divertido, te hace pensar, incluso cavilar sobre el sentido real de la vida, lo bueno y lo malo, ah\u00ed radica el alma de este libro. Os deseo que lo pasen bien con este entramado, es el objetivo de esta publicaci\u00f3n.\" \/>\n<meta property=\"og:url\" content=\"https:\/\/letrame.com\/catalogo\/producto\/decisiones\/\" \/>\n<meta property=\"og:site_name\" content=\"Catalogo | Letrame Grupo Editorial\" \/>\n<meta property=\"article:modified_time\" content=\"2024-05-23T10:00:46+00:00\" \/>\n<meta property=\"og:image\" content=\"https:\/\/letrame.com\/catalogo\/wp-content\/uploads\/2024\/05\/webp_decisiones_115mm-compressed-scaled-1.jpg\" \/>\n\t<meta property=\"og:image:width\" content=\"1746\" \/>\n\t<meta property=\"og:image:height\" content=\"2560\" \/>\n\t<meta property=\"og:image:type\" content=\"image\/jpeg\" \/>\n<meta name=\"twitter:card\" content=\"summary_large_image\" \/>\n<meta name=\"twitter:label1\" content=\"Tiempo de lectura\" \/>\n\t<meta name=\"twitter:data1\" content=\"1 minuto\" \/>\n<script type=\"application\/ld+json\" class=\"yoast-schema-graph\">{\"@context\":\"https:\\\/\\\/schema.org\",\"@graph\":[{\"@type\":\"WebPage\",\"@id\":\"https:\\\/\\\/letrame.com\\\/catalogo\\\/producto\\\/decisiones\\\/\",\"url\":\"https:\\\/\\\/letrame.com\\\/catalogo\\\/producto\\\/decisiones\\\/\",\"name\":\"Decisiones - Catalogo | Letrame Grupo Editorial\",\"isPartOf\":{\"@id\":\"https:\\\/\\\/letrame.com\\\/catalogo\\\/#website\"},\"primaryImageOfPage\":{\"@id\":\"https:\\\/\\\/letrame.com\\\/catalogo\\\/producto\\\/decisiones\\\/#primaryimage\"},\"image\":{\"@id\":\"https:\\\/\\\/letrame.com\\\/catalogo\\\/producto\\\/decisiones\\\/#primaryimage\"},\"thumbnailUrl\":\"https:\\\/\\\/letrame.com\\\/catalogo\\\/wp-content\\\/uploads\\\/2024\\\/05\\\/webp_decisiones_115mm-compressed-scaled-1.jpg\",\"datePublished\":\"2024-05-23T08:06:08+00:00\",\"dateModified\":\"2024-05-23T10:00:46+00:00\",\"breadcrumb\":{\"@id\":\"https:\\\/\\\/letrame.com\\\/catalogo\\\/producto\\\/decisiones\\\/#breadcrumb\"},\"inLanguage\":\"es\",\"potentialAction\":[{\"@type\":\"ReadAction\",\"target\":[\"https:\\\/\\\/letrame.com\\\/catalogo\\\/producto\\\/decisiones\\\/\"]}]},{\"@type\":\"ImageObject\",\"inLanguage\":\"es\",\"@id\":\"https:\\\/\\\/letrame.com\\\/catalogo\\\/producto\\\/decisiones\\\/#primaryimage\",\"url\":\"https:\\\/\\\/letrame.com\\\/catalogo\\\/wp-content\\\/uploads\\\/2024\\\/05\\\/webp_decisiones_115mm-compressed-scaled-1.jpg\",\"contentUrl\":\"https:\\\/\\\/letrame.com\\\/catalogo\\\/wp-content\\\/uploads\\\/2024\\\/05\\\/webp_decisiones_115mm-compressed-scaled-1.jpg\",\"width\":1746,\"height\":2560},{\"@type\":\"BreadcrumbList\",\"@id\":\"https:\\\/\\\/letrame.com\\\/catalogo\\\/producto\\\/decisiones\\\/#breadcrumb\",\"itemListElement\":[{\"@type\":\"ListItem\",\"position\":1,\"name\":\"Portada\",\"item\":\"https:\\\/\\\/letrame.com\\\/catalogo\\\/\"},{\"@type\":\"ListItem\",\"position\":2,\"name\":\"Cat\u00e1logo\",\"item\":\"https:\\\/\\\/letrame.com\\\/catalogo\\\/\"},{\"@type\":\"ListItem\",\"position\":3,\"name\":\"Decisiones\"}]},{\"@type\":\"WebSite\",\"@id\":\"https:\\\/\\\/letrame.com\\\/catalogo\\\/#website\",\"url\":\"https:\\\/\\\/letrame.com\\\/catalogo\\\/\",\"name\":\"Catalogo | Letrame Grupo Editorial\",\"description\":\"\",\"publisher\":{\"@id\":\"https:\\\/\\\/letrame.com\\\/catalogo\\\/#organization\"},\"potentialAction\":[{\"@type\":\"SearchAction\",\"target\":{\"@type\":\"EntryPoint\",\"urlTemplate\":\"https:\\\/\\\/letrame.com\\\/catalogo\\\/?s={search_term_string}\"},\"query-input\":{\"@type\":\"PropertyValueSpecification\",\"valueRequired\":true,\"valueName\":\"search_term_string\"}}],\"inLanguage\":\"es\"},{\"@type\":\"Organization\",\"@id\":\"https:\\\/\\\/letrame.com\\\/catalogo\\\/#organization\",\"name\":\"Catalogo | Letrame Grupo Editorial\",\"url\":\"https:\\\/\\\/letrame.com\\\/catalogo\\\/\",\"logo\":{\"@type\":\"ImageObject\",\"inLanguage\":\"es\",\"@id\":\"https:\\\/\\\/letrame.com\\\/catalogo\\\/#\\\/schema\\\/logo\\\/image\\\/\",\"url\":\"https:\\\/\\\/letrame.com\\\/catalogo\\\/wp-content\\\/uploads\\\/2024\\\/03\\\/logo2.webp\",\"contentUrl\":\"https:\\\/\\\/letrame.com\\\/catalogo\\\/wp-content\\\/uploads\\\/2024\\\/03\\\/logo2.webp\",\"width\":394,\"height\":128,\"caption\":\"Catalogo | Letrame Grupo Editorial\"},\"image\":{\"@id\":\"https:\\\/\\\/letrame.com\\\/catalogo\\\/#\\\/schema\\\/logo\\\/image\\\/\"}}]}<\/script>\n<!-- \/ Yoast SEO plugin. -->","yoast_head_json":{"title":"Decisiones - Catalogo | Letrame Grupo Editorial","robots":{"index":"index","follow":"follow","max-snippet":"max-snippet:-1","max-image-preview":"max-image-preview:large","max-video-preview":"max-video-preview:-1"},"canonical":"https:\/\/letrame.com\/catalogo\/producto\/decisiones\/","og_locale":"es_ES","og_type":"article","og_title":"Decisiones - Catalogo | Letrame Grupo Editorial","og_description":"ISBN:\u00a0978-84-1181-882-7  SINOPSIS Este libro es un relato novelesco, tratado lo m\u00e1s benevolente posible, sobre varios temas actuales, que no por ello son fuertes para la vida com\u00fan de los ciudadanos. Trata sobre la vida de un empleado de alta escala de la conserjer\u00eda de Valencia que, en su recorrido laboral, escabroso y podrido, pasa por diferentes administraciones, dando lugar a situaciones muy fuertes, en ocasiones obscenas. Trata de sus vivencias con la Iglesia, con su familia y distintos avatares que le traen una vida muy poco convencional, a pesar de parecer muy real, es divertido, te hace pensar, incluso cavilar sobre el sentido real de la vida, lo bueno y lo malo, ah\u00ed radica el alma de este libro. Os deseo que lo pasen bien con este entramado, es el objetivo de esta publicaci\u00f3n.","og_url":"https:\/\/letrame.com\/catalogo\/producto\/decisiones\/","og_site_name":"Catalogo | Letrame Grupo Editorial","article_modified_time":"2024-05-23T10:00:46+00:00","og_image":[{"width":1746,"height":2560,"url":"https:\/\/letrame.com\/catalogo\/wp-content\/uploads\/2024\/05\/webp_decisiones_115mm-compressed-scaled-1.jpg","type":"image\/jpeg"}],"twitter_card":"summary_large_image","twitter_misc":{"Tiempo de lectura":"1 minuto"},"schema":{"@context":"https:\/\/schema.org","@graph":[{"@type":"WebPage","@id":"https:\/\/letrame.com\/catalogo\/producto\/decisiones\/","url":"https:\/\/letrame.com\/catalogo\/producto\/decisiones\/","name":"Decisiones - Catalogo | Letrame Grupo Editorial","isPartOf":{"@id":"https:\/\/letrame.com\/catalogo\/#website"},"primaryImageOfPage":{"@id":"https:\/\/letrame.com\/catalogo\/producto\/decisiones\/#primaryimage"},"image":{"@id":"https:\/\/letrame.com\/catalogo\/producto\/decisiones\/#primaryimage"},"thumbnailUrl":"https:\/\/letrame.com\/catalogo\/wp-content\/uploads\/2024\/05\/webp_decisiones_115mm-compressed-scaled-1.jpg","datePublished":"2024-05-23T08:06:08+00:00","dateModified":"2024-05-23T10:00:46+00:00","breadcrumb":{"@id":"https:\/\/letrame.com\/catalogo\/producto\/decisiones\/#breadcrumb"},"inLanguage":"es","potentialAction":[{"@type":"ReadAction","target":["https:\/\/letrame.com\/catalogo\/producto\/decisiones\/"]}]},{"@type":"ImageObject","inLanguage":"es","@id":"https:\/\/letrame.com\/catalogo\/producto\/decisiones\/#primaryimage","url":"https:\/\/letrame.com\/catalogo\/wp-content\/uploads\/2024\/05\/webp_decisiones_115mm-compressed-scaled-1.jpg","contentUrl":"https:\/\/letrame.com\/catalogo\/wp-content\/uploads\/2024\/05\/webp_decisiones_115mm-compressed-scaled-1.jpg","width":1746,"height":2560},{"@type":"BreadcrumbList","@id":"https:\/\/letrame.com\/catalogo\/producto\/decisiones\/#breadcrumb","itemListElement":[{"@type":"ListItem","position":1,"name":"Portada","item":"https:\/\/letrame.com\/catalogo\/"},{"@type":"ListItem","position":2,"name":"Cat\u00e1logo","item":"https:\/\/letrame.com\/catalogo\/"},{"@type":"ListItem","position":3,"name":"Decisiones"}]},{"@type":"WebSite","@id":"https:\/\/letrame.com\/catalogo\/#website","url":"https:\/\/letrame.com\/catalogo\/","name":"Catalogo | Letrame Grupo Editorial","description":"","publisher":{"@id":"https:\/\/letrame.com\/catalogo\/#organization"},"potentialAction":[{"@type":"SearchAction","target":{"@type":"EntryPoint","urlTemplate":"https:\/\/letrame.com\/catalogo\/?s={search_term_string}"},"query-input":{"@type":"PropertyValueSpecification","valueRequired":true,"valueName":"search_term_string"}}],"inLanguage":"es"},{"@type":"Organization","@id":"https:\/\/letrame.com\/catalogo\/#organization","name":"Catalogo | Letrame Grupo Editorial","url":"https:\/\/letrame.com\/catalogo\/","logo":{"@type":"ImageObject","inLanguage":"es","@id":"https:\/\/letrame.com\/catalogo\/#\/schema\/logo\/image\/","url":"https:\/\/letrame.com\/catalogo\/wp-content\/uploads\/2024\/03\/logo2.webp","contentUrl":"https:\/\/letrame.com\/catalogo\/wp-content\/uploads\/2024\/03\/logo2.webp","width":394,"height":128,"caption":"Catalogo | Letrame Grupo Editorial"},"image":{"@id":"https:\/\/letrame.com\/catalogo\/#\/schema\/logo\/image\/"}}]}},"_links":{"self":[{"href":"https:\/\/letrame.com\/catalogo\/wp-json\/wp\/v2\/product\/100834","targetHints":{"allow":["GET"]}}],"collection":[{"href":"https:\/\/letrame.com\/catalogo\/wp-json\/wp\/v2\/product"}],"about":[{"href":"https:\/\/letrame.com\/catalogo\/wp-json\/wp\/v2\/types\/product"}],"replies":[{"embeddable":true,"href":"https:\/\/letrame.com\/catalogo\/wp-json\/wp\/v2\/comments?post=100834"}],"acf:post":[{"embeddable":true,"href":"https:\/\/letrame.com\/catalogo\/wp-json\/wp\/v2\/author_book\/100646"}],"wp:featuredmedia":[{"embeddable":true,"href":"https:\/\/letrame.com\/catalogo\/wp-json\/wp\/v2\/media\/100835"}],"wp:attachment":[{"href":"https:\/\/letrame.com\/catalogo\/wp-json\/wp\/v2\/media?parent=100834"}],"wp:term":[{"taxonomy":"libro","embeddable":true,"href":"https:\/\/letrame.com\/catalogo\/wp-json\/wp\/v2\/libro?post=100834"},{"taxonomy":"product_brand","embeddable":true,"href":"https:\/\/letrame.com\/catalogo\/wp-json\/wp\/v2\/product_brand?post=100834"},{"taxonomy":"product_cat","embeddable":true,"href":"https:\/\/letrame.com\/catalogo\/wp-json\/wp\/v2\/product_cat?post=100834"},{"taxonomy":"product_tag","embeddable":true,"href":"https:\/\/letrame.com\/catalogo\/wp-json\/wp\/v2\/product_tag?post=100834"}],"curies":[{"name":"wp","href":"https:\/\/api.w.org\/{rel}","templated":true}]}}