{"id":100832,"date":"2024-05-23T10:06:08","date_gmt":"2024-05-23T08:06:08","guid":{"rendered":"https:\/\/letrame.com\/catalogo\/producto\/cuentan-una-historia\/"},"modified":"2024-06-04T15:41:06","modified_gmt":"2024-06-04T13:41:06","slug":"cuentan-una-historia","status":"publish","type":"product","link":"https:\/\/letrame.com\/catalogo\/producto\/cuentan-una-historia\/","title":{"rendered":"Cuentan una historia"},"content":{"rendered":"<p>ISBN:\u00a0978-84-1181-917-6<br \/>\nT\u00edtulo:\u2028CUENTAN UNA HISTORIA<br \/>\nFecha:\u20282024<br \/>\nP\u00e1ginas:\u00a060<br \/>\nSINOPSIS<\/p>\n<p>\u00abTodo tiempo pasado fue mejor \u00bb.<br \/>\nHe puesto mi mente en suspensi\u00f3n.<br \/>\nHe desempolvado mis recuerdos.<br \/>\nHe buscado la ni\u00f1a de mi infancia.<br \/>\nHe visto la luz, esa luz que mi invita<br \/>\na vivir una paz interior.<br \/>\nTodo tiempo pasado fue mejor.<br \/>\n\u00bfQu\u00e9 lo hace mejor? Acaso no soy<br \/>\nproducto de tu generaci\u00f3n.<br \/>\nCambiaron sue\u00f1os por mu\u00f1ecos y<br \/>\nmu\u00f1ecas de carne y hueso.<br \/>\nCambiaron balones por balas,<br \/>\nhicieron realidad sus juegos.<br \/>\nCambiaron cuentos de brujas,<br \/>\nduendes y espantos<br \/>\npor la sangre que a su paso<br \/>\nderramaron ellos,<br \/>\n\u00abLos Hijos de la Nada\u00bb.<\/p>\n<p>Los Hijos de la Nada es una historia donde se conjuga la realidad y la ficci\u00f3n, se desenvuelve en Colombia, entre los t\u00f3rridos d\u00edas en el Valle del Cauca y las olas tranquilas en la Costa Pac\u00edfica de la zona occidental de este pa\u00eds.<br \/>\nCada uno de sus personajes cuenta una historia marcada por sucesos dram\u00e1ticos, lamentables, \u00fanicos, irrepetibles, en una sociedad desigual, m\u00edsera, carente de valores, indiferente, violenta e insipiente; donde se romantiza el dolor y la tragedia; como un karma es transmitido de generaci\u00f3n en generaci\u00f3n.<br \/>\nSus personajes principales, Teresa Matamba, Katiuska Matamba, Genoveva y Santiago Linares, dan vida a cada uno de los personajes, tejiendo historias de fracasos, amor, desamor, en una sociedad repleta de quienes milagrosamente soportan el dolor.<br \/>\nTeresa Matamba, abandonada por su madre a los 3 a\u00f1os, no conoci\u00f3 a su padre, criada por su abuelo, ultrajada dos veces, la primera a los 14 a\u00f1os convirti\u00e9ndose en madre de forma prematura, la segunda vez no vivi\u00f3 para contarlo.<br \/>\nKatiuska Matamba, hija de Teresa Matamba, nace producto de la violaci\u00f3n que padeci\u00f3 su madre a los 14 a\u00f1os, v\u00edctima desde la concepci\u00f3n y revictimizada por los acontecimientos que paulatinamente se suscitaron a lo largo de su vida.<br \/>\nGenoveva, una solterona que no concibi\u00f3 descendencia, pero con sus actos nos ense\u00f1a que el amor va m\u00e1s all\u00e1 de las fronteras que delimitan los lazos sangu\u00edneos y que la vida pierde sentido si no estamos dispuestos a defender a los nuestros, incluso arriesgando nuestra propia existencia.<br \/>\nSantiago Linares, un deportista, proveniente de un hogar de clase media, desde ni\u00f1o so\u00f1aba con ser un gran futbolista, pertenecer a las grandes ligas europeas, con el tiempo su vida dio un giro inesperado, sus sue\u00f1os se convierten en luchas y sus luchas en p\u00e9rdidas constantes, su poca resilencia le impidi\u00f3 afrontar la vida, se dej\u00f3 llevar por las malas compa\u00f1\u00edas, por el espejismo del dinero f\u00e1cil, y fracas\u00f3 en el intento de construir una vida digna.<br \/>\nKatiuska Matamba y Santiago Linares nacen en hogares diferentes, en circunstancias distintas, el destino los uni\u00f3 y los separ\u00f3, demostr\u00e1ndoles una vez m\u00e1s que su felicidad sobre la faz de la tierra era pr\u00e1cticamente inexistente.<\/p>\n","protected":false},"excerpt":{"rendered":"<p>ISBN:\u00a0978-84-1181-917-6<br \/>\nSINOPSIS<\/p>\n<p>\u00abTodo tiempo pasado fue mejor \u00bb.<br \/>\nHe puesto mi mente en suspensi\u00f3n.<br \/>\nHe desempolvado mis recuerdos.<br \/>\nHe buscado la ni\u00f1a de mi infancia.<br \/>\nHe visto la luz, esa luz que mi invita<br \/>\na vivir una paz interior.<br \/>\nTodo tiempo pasado fue mejor.<br \/>\n\u00bfQu\u00e9 lo hace mejor? Acaso no soy<br \/>\nproducto de tu generaci\u00f3n.<br \/>\nCambiaron sue\u00f1os por mu\u00f1ecos y<br \/>\nmu\u00f1ecas de carne y hueso.<br \/>\nCambiaron balones por balas,<br \/>\nhicieron realidad sus juegos.<br \/>\nCambiaron cuentos de brujas,<br \/>\nduendes y espantos<br \/>\npor la sangre que a su paso<br \/>\nderramaron ellos,<br \/>\n\u00abLos Hijos de la Nada\u00bb.<\/p>\n<p>Los Hijos de la Nada es una historia donde se conjuga la realidad y la ficci\u00f3n, se desenvuelve en Colombia, entre los t\u00f3rridos d\u00edas en el Valle del Cauca y las olas tranquilas en la Costa Pac\u00edfica de la zona occidental de este pa\u00eds.<br \/>\nCada uno de sus personajes cuenta una historia marcada por sucesos dram\u00e1ticos, lamentables, \u00fanicos, irrepetibles, en una sociedad desigual, m\u00edsera, carente de valores, indiferente, violenta e insipiente; donde se romantiza el dolor y la tragedia; como un karma es transmitido de generaci\u00f3n en generaci\u00f3n.<br \/>\nSus personajes principales, Teresa Matamba, Katiuska Matamba, Genoveva y Santiago Linares, dan vida a cada uno de los personajes, tejiendo historias de fracasos, amor, desamor, en una sociedad repleta de quienes milagrosamente soportan el dolor.<br \/>\nTeresa Matamba, abandonada por su madre a los 3 a\u00f1os, no conoci\u00f3 a su padre, criada por su abuelo, ultrajada dos veces, la primera a los 14 a\u00f1os convirti\u00e9ndose en madre de forma prematura, la segunda vez no vivi\u00f3 para contarlo.<br \/>\nKatiuska Matamba, hija de Teresa Matamba, nace producto de la violaci\u00f3n que padeci\u00f3 su madre a los 14 a\u00f1os, v\u00edctima desde la concepci\u00f3n y revictimizada por los acontecimientos que paulatinamente se suscitaron a lo largo de su vida.<br \/>\nGenoveva, una solterona que no concibi\u00f3 descendencia, pero con sus actos nos ense\u00f1a que el amor va m\u00e1s all\u00e1 de las fronteras que delimitan los lazos sangu\u00edneos y que la vida pierde sentido si no estamos dispuestos a defender a los nuestros, incluso arriesgando nuestra propia existencia.<br \/>\nSantiago Linares, un deportista, proveniente de un hogar de clase media, desde ni\u00f1o so\u00f1aba con ser un gran futbolista, pertenecer a las grandes ligas europeas, con el tiempo su vida dio un giro inesperado, sus sue\u00f1os se convierten en luchas y sus luchas en p\u00e9rdidas constantes, su poca resilencia le impidi\u00f3 afrontar la vida, se dej\u00f3 llevar por las malas compa\u00f1\u00edas, por el espejismo del dinero f\u00e1cil, y fracas\u00f3 en el intento de construir una vida digna.<br \/>\nKatiuska Matamba y Santiago Linares nacen en hogares diferentes, en circunstancias distintas, el destino los uni\u00f3 y los separ\u00f3, demostr\u00e1ndoles una vez m\u00e1s que su felicidad sobre la faz de la tierra era pr\u00e1cticamente inexistente.<\/p>\n","protected":false},"featured_media":100833,"comment_status":"closed","ping_status":"closed","template":"","meta":{"_acf_changed":false},"libro":[],"product_brand":[],"product_cat":[59],"product_tag":[],"class_list":{"0":"post-100832","1":"product","2":"type-product","3":"status-publish","4":"has-post-thumbnail","6":"product_cat-memorias","8":"first","9":"instock","10":"product-type-simple"},"acf":{"autor":[100645],"enlace_de_compra":"https:\/\/www.casadellibro.com\/libro-cuentan-una-historia\/9788411819176\/15929403"},"yoast_head":"<!-- This site is optimized with the Yoast SEO plugin v27.4 - https:\/\/yoast.com\/product\/yoast-seo-wordpress\/ -->\n<title>Cuentan una historia - Catalogo | Letrame Grupo Editorial<\/title>\n<meta name=\"robots\" content=\"index, follow, max-snippet:-1, max-image-preview:large, max-video-preview:-1\" \/>\n<link rel=\"canonical\" href=\"https:\/\/letrame.com\/catalogo\/producto\/cuentan-una-historia\/\" \/>\n<meta property=\"og:locale\" content=\"es_ES\" \/>\n<meta property=\"og:type\" content=\"article\" \/>\n<meta property=\"og:title\" content=\"Cuentan una historia - Catalogo | Letrame Grupo Editorial\" \/>\n<meta property=\"og:description\" content=\"ISBN:\u00a0978-84-1181-917-6 SINOPSIS  \u00abTodo tiempo pasado fue mejor \u00bb. He puesto mi mente en suspensi\u00f3n. He desempolvado mis recuerdos. He buscado la ni\u00f1a de mi infancia. He visto la luz, esa luz que mi invita a vivir una paz interior. Todo tiempo pasado fue mejor. \u00bfQu\u00e9 lo hace mejor? Acaso no soy producto de tu generaci\u00f3n. Cambiaron sue\u00f1os por mu\u00f1ecos y mu\u00f1ecas de carne y hueso. Cambiaron balones por balas, hicieron realidad sus juegos. Cambiaron cuentos de brujas, duendes y espantos por la sangre que a su paso derramaron ellos, \u00abLos Hijos de la Nada\u00bb.  Los Hijos de la Nada es una historia donde se conjuga la realidad y la ficci\u00f3n, se desenvuelve en Colombia, entre los t\u00f3rridos d\u00edas en el Valle del Cauca y las olas tranquilas en la Costa Pac\u00edfica de la zona occidental de este pa\u00eds. Cada uno de sus personajes cuenta una historia marcada por sucesos dram\u00e1ticos, lamentables, \u00fanicos, irrepetibles, en una sociedad desigual, m\u00edsera, carente de valores, indiferente, violenta e insipiente; donde se romantiza el dolor y la tragedia; como un karma es transmitido de generaci\u00f3n en generaci\u00f3n. Sus personajes principales, Teresa Matamba, Katiuska Matamba, Genoveva y Santiago Linares, dan vida a cada uno de los personajes, tejiendo historias de fracasos, amor, desamor, en una sociedad repleta de quienes milagrosamente soportan el dolor. Teresa Matamba, abandonada por su madre a los 3 a\u00f1os, no conoci\u00f3 a su padre, criada por su abuelo, ultrajada dos veces, la primera a los 14 a\u00f1os convirti\u00e9ndose en madre de forma prematura, la segunda vez no vivi\u00f3 para contarlo. Katiuska Matamba, hija de Teresa Matamba, nace producto de la violaci\u00f3n que padeci\u00f3 su madre a los 14 a\u00f1os, v\u00edctima desde la concepci\u00f3n y revictimizada por los acontecimientos que paulatinamente se suscitaron a lo largo de su vida. Genoveva, una solterona que no concibi\u00f3 descendencia, pero con sus actos nos ense\u00f1a que el amor va m\u00e1s all\u00e1 de las fronteras que delimitan los lazos sangu\u00edneos y que la vida pierde sentido si no estamos dispuestos a defender a los nuestros, incluso arriesgando nuestra propia existencia. Santiago Linares, un deportista, proveniente de un hogar de clase media, desde ni\u00f1o so\u00f1aba con ser un gran futbolista, pertenecer a las grandes ligas europeas, con el tiempo su vida dio un giro inesperado, sus sue\u00f1os se convierten en luchas y sus luchas en p\u00e9rdidas constantes, su poca resilencia le impidi\u00f3 afrontar la vida, se dej\u00f3 llevar por las malas compa\u00f1\u00edas, por el espejismo del dinero f\u00e1cil, y fracas\u00f3 en el intento de construir una vida digna. Katiuska Matamba y Santiago Linares nacen en hogares diferentes, en circunstancias distintas, el destino los uni\u00f3 y los separ\u00f3, demostr\u00e1ndoles una vez m\u00e1s que su felicidad sobre la faz de la tierra era pr\u00e1cticamente inexistente.\" \/>\n<meta property=\"og:url\" content=\"https:\/\/letrame.com\/catalogo\/producto\/cuentan-una-historia\/\" \/>\n<meta property=\"og:site_name\" content=\"Catalogo | Letrame Grupo Editorial\" \/>\n<meta property=\"article:modified_time\" content=\"2024-06-04T13:41:06+00:00\" \/>\n<meta property=\"og:image\" content=\"https:\/\/letrame.com\/catalogo\/wp-content\/uploads\/2024\/05\/webp_cuentanunahistoria_384mm-compressed.jpg\" \/>\n\t<meta property=\"og:image:width\" content=\"1594\" \/>\n\t<meta property=\"og:image:height\" content=\"2303\" \/>\n\t<meta property=\"og:image:type\" content=\"image\/jpeg\" \/>\n<meta name=\"twitter:card\" content=\"summary_large_image\" \/>\n<meta name=\"twitter:label1\" content=\"Tiempo de lectura\" \/>\n\t<meta name=\"twitter:data1\" content=\"3 minutos\" \/>\n<script type=\"application\/ld+json\" class=\"yoast-schema-graph\">{\"@context\":\"https:\\\/\\\/schema.org\",\"@graph\":[{\"@type\":\"WebPage\",\"@id\":\"https:\\\/\\\/letrame.com\\\/catalogo\\\/producto\\\/cuentan-una-historia\\\/\",\"url\":\"https:\\\/\\\/letrame.com\\\/catalogo\\\/producto\\\/cuentan-una-historia\\\/\",\"name\":\"Cuentan una historia - Catalogo | Letrame Grupo Editorial\",\"isPartOf\":{\"@id\":\"https:\\\/\\\/letrame.com\\\/catalogo\\\/#website\"},\"primaryImageOfPage\":{\"@id\":\"https:\\\/\\\/letrame.com\\\/catalogo\\\/producto\\\/cuentan-una-historia\\\/#primaryimage\"},\"image\":{\"@id\":\"https:\\\/\\\/letrame.com\\\/catalogo\\\/producto\\\/cuentan-una-historia\\\/#primaryimage\"},\"thumbnailUrl\":\"https:\\\/\\\/letrame.com\\\/catalogo\\\/wp-content\\\/uploads\\\/2024\\\/05\\\/webp_cuentanunahistoria_384mm-compressed.jpg\",\"datePublished\":\"2024-05-23T08:06:08+00:00\",\"dateModified\":\"2024-06-04T13:41:06+00:00\",\"breadcrumb\":{\"@id\":\"https:\\\/\\\/letrame.com\\\/catalogo\\\/producto\\\/cuentan-una-historia\\\/#breadcrumb\"},\"inLanguage\":\"es\",\"potentialAction\":[{\"@type\":\"ReadAction\",\"target\":[\"https:\\\/\\\/letrame.com\\\/catalogo\\\/producto\\\/cuentan-una-historia\\\/\"]}]},{\"@type\":\"ImageObject\",\"inLanguage\":\"es\",\"@id\":\"https:\\\/\\\/letrame.com\\\/catalogo\\\/producto\\\/cuentan-una-historia\\\/#primaryimage\",\"url\":\"https:\\\/\\\/letrame.com\\\/catalogo\\\/wp-content\\\/uploads\\\/2024\\\/05\\\/webp_cuentanunahistoria_384mm-compressed.jpg\",\"contentUrl\":\"https:\\\/\\\/letrame.com\\\/catalogo\\\/wp-content\\\/uploads\\\/2024\\\/05\\\/webp_cuentanunahistoria_384mm-compressed.jpg\",\"width\":1594,\"height\":2303},{\"@type\":\"BreadcrumbList\",\"@id\":\"https:\\\/\\\/letrame.com\\\/catalogo\\\/producto\\\/cuentan-una-historia\\\/#breadcrumb\",\"itemListElement\":[{\"@type\":\"ListItem\",\"position\":1,\"name\":\"Portada\",\"item\":\"https:\\\/\\\/letrame.com\\\/catalogo\\\/\"},{\"@type\":\"ListItem\",\"position\":2,\"name\":\"Cat\u00e1logo\",\"item\":\"https:\\\/\\\/letrame.com\\\/catalogo\\\/\"},{\"@type\":\"ListItem\",\"position\":3,\"name\":\"Cuentan una historia\"}]},{\"@type\":\"WebSite\",\"@id\":\"https:\\\/\\\/letrame.com\\\/catalogo\\\/#website\",\"url\":\"https:\\\/\\\/letrame.com\\\/catalogo\\\/\",\"name\":\"Catalogo | Letrame Grupo Editorial\",\"description\":\"\",\"publisher\":{\"@id\":\"https:\\\/\\\/letrame.com\\\/catalogo\\\/#organization\"},\"potentialAction\":[{\"@type\":\"SearchAction\",\"target\":{\"@type\":\"EntryPoint\",\"urlTemplate\":\"https:\\\/\\\/letrame.com\\\/catalogo\\\/?s={search_term_string}\"},\"query-input\":{\"@type\":\"PropertyValueSpecification\",\"valueRequired\":true,\"valueName\":\"search_term_string\"}}],\"inLanguage\":\"es\"},{\"@type\":\"Organization\",\"@id\":\"https:\\\/\\\/letrame.com\\\/catalogo\\\/#organization\",\"name\":\"Catalogo | Letrame Grupo Editorial\",\"url\":\"https:\\\/\\\/letrame.com\\\/catalogo\\\/\",\"logo\":{\"@type\":\"ImageObject\",\"inLanguage\":\"es\",\"@id\":\"https:\\\/\\\/letrame.com\\\/catalogo\\\/#\\\/schema\\\/logo\\\/image\\\/\",\"url\":\"https:\\\/\\\/letrame.com\\\/catalogo\\\/wp-content\\\/uploads\\\/2024\\\/03\\\/logo2.webp\",\"contentUrl\":\"https:\\\/\\\/letrame.com\\\/catalogo\\\/wp-content\\\/uploads\\\/2024\\\/03\\\/logo2.webp\",\"width\":394,\"height\":128,\"caption\":\"Catalogo | Letrame Grupo Editorial\"},\"image\":{\"@id\":\"https:\\\/\\\/letrame.com\\\/catalogo\\\/#\\\/schema\\\/logo\\\/image\\\/\"}}]}<\/script>\n<!-- \/ Yoast SEO plugin. -->","yoast_head_json":{"title":"Cuentan una historia - Catalogo | Letrame Grupo Editorial","robots":{"index":"index","follow":"follow","max-snippet":"max-snippet:-1","max-image-preview":"max-image-preview:large","max-video-preview":"max-video-preview:-1"},"canonical":"https:\/\/letrame.com\/catalogo\/producto\/cuentan-una-historia\/","og_locale":"es_ES","og_type":"article","og_title":"Cuentan una historia - Catalogo | Letrame Grupo Editorial","og_description":"ISBN:\u00a0978-84-1181-917-6 SINOPSIS  \u00abTodo tiempo pasado fue mejor \u00bb. He puesto mi mente en suspensi\u00f3n. He desempolvado mis recuerdos. He buscado la ni\u00f1a de mi infancia. He visto la luz, esa luz que mi invita a vivir una paz interior. Todo tiempo pasado fue mejor. \u00bfQu\u00e9 lo hace mejor? Acaso no soy producto de tu generaci\u00f3n. Cambiaron sue\u00f1os por mu\u00f1ecos y mu\u00f1ecas de carne y hueso. Cambiaron balones por balas, hicieron realidad sus juegos. Cambiaron cuentos de brujas, duendes y espantos por la sangre que a su paso derramaron ellos, \u00abLos Hijos de la Nada\u00bb.  Los Hijos de la Nada es una historia donde se conjuga la realidad y la ficci\u00f3n, se desenvuelve en Colombia, entre los t\u00f3rridos d\u00edas en el Valle del Cauca y las olas tranquilas en la Costa Pac\u00edfica de la zona occidental de este pa\u00eds. Cada uno de sus personajes cuenta una historia marcada por sucesos dram\u00e1ticos, lamentables, \u00fanicos, irrepetibles, en una sociedad desigual, m\u00edsera, carente de valores, indiferente, violenta e insipiente; donde se romantiza el dolor y la tragedia; como un karma es transmitido de generaci\u00f3n en generaci\u00f3n. Sus personajes principales, Teresa Matamba, Katiuska Matamba, Genoveva y Santiago Linares, dan vida a cada uno de los personajes, tejiendo historias de fracasos, amor, desamor, en una sociedad repleta de quienes milagrosamente soportan el dolor. Teresa Matamba, abandonada por su madre a los 3 a\u00f1os, no conoci\u00f3 a su padre, criada por su abuelo, ultrajada dos veces, la primera a los 14 a\u00f1os convirti\u00e9ndose en madre de forma prematura, la segunda vez no vivi\u00f3 para contarlo. Katiuska Matamba, hija de Teresa Matamba, nace producto de la violaci\u00f3n que padeci\u00f3 su madre a los 14 a\u00f1os, v\u00edctima desde la concepci\u00f3n y revictimizada por los acontecimientos que paulatinamente se suscitaron a lo largo de su vida. Genoveva, una solterona que no concibi\u00f3 descendencia, pero con sus actos nos ense\u00f1a que el amor va m\u00e1s all\u00e1 de las fronteras que delimitan los lazos sangu\u00edneos y que la vida pierde sentido si no estamos dispuestos a defender a los nuestros, incluso arriesgando nuestra propia existencia. Santiago Linares, un deportista, proveniente de un hogar de clase media, desde ni\u00f1o so\u00f1aba con ser un gran futbolista, pertenecer a las grandes ligas europeas, con el tiempo su vida dio un giro inesperado, sus sue\u00f1os se convierten en luchas y sus luchas en p\u00e9rdidas constantes, su poca resilencia le impidi\u00f3 afrontar la vida, se dej\u00f3 llevar por las malas compa\u00f1\u00edas, por el espejismo del dinero f\u00e1cil, y fracas\u00f3 en el intento de construir una vida digna. Katiuska Matamba y Santiago Linares nacen en hogares diferentes, en circunstancias distintas, el destino los uni\u00f3 y los separ\u00f3, demostr\u00e1ndoles una vez m\u00e1s que su felicidad sobre la faz de la tierra era pr\u00e1cticamente inexistente.","og_url":"https:\/\/letrame.com\/catalogo\/producto\/cuentan-una-historia\/","og_site_name":"Catalogo | Letrame Grupo Editorial","article_modified_time":"2024-06-04T13:41:06+00:00","og_image":[{"width":1594,"height":2303,"url":"https:\/\/letrame.com\/catalogo\/wp-content\/uploads\/2024\/05\/webp_cuentanunahistoria_384mm-compressed.jpg","type":"image\/jpeg"}],"twitter_card":"summary_large_image","twitter_misc":{"Tiempo de lectura":"3 minutos"},"schema":{"@context":"https:\/\/schema.org","@graph":[{"@type":"WebPage","@id":"https:\/\/letrame.com\/catalogo\/producto\/cuentan-una-historia\/","url":"https:\/\/letrame.com\/catalogo\/producto\/cuentan-una-historia\/","name":"Cuentan una historia - Catalogo | Letrame Grupo Editorial","isPartOf":{"@id":"https:\/\/letrame.com\/catalogo\/#website"},"primaryImageOfPage":{"@id":"https:\/\/letrame.com\/catalogo\/producto\/cuentan-una-historia\/#primaryimage"},"image":{"@id":"https:\/\/letrame.com\/catalogo\/producto\/cuentan-una-historia\/#primaryimage"},"thumbnailUrl":"https:\/\/letrame.com\/catalogo\/wp-content\/uploads\/2024\/05\/webp_cuentanunahistoria_384mm-compressed.jpg","datePublished":"2024-05-23T08:06:08+00:00","dateModified":"2024-06-04T13:41:06+00:00","breadcrumb":{"@id":"https:\/\/letrame.com\/catalogo\/producto\/cuentan-una-historia\/#breadcrumb"},"inLanguage":"es","potentialAction":[{"@type":"ReadAction","target":["https:\/\/letrame.com\/catalogo\/producto\/cuentan-una-historia\/"]}]},{"@type":"ImageObject","inLanguage":"es","@id":"https:\/\/letrame.com\/catalogo\/producto\/cuentan-una-historia\/#primaryimage","url":"https:\/\/letrame.com\/catalogo\/wp-content\/uploads\/2024\/05\/webp_cuentanunahistoria_384mm-compressed.jpg","contentUrl":"https:\/\/letrame.com\/catalogo\/wp-content\/uploads\/2024\/05\/webp_cuentanunahistoria_384mm-compressed.jpg","width":1594,"height":2303},{"@type":"BreadcrumbList","@id":"https:\/\/letrame.com\/catalogo\/producto\/cuentan-una-historia\/#breadcrumb","itemListElement":[{"@type":"ListItem","position":1,"name":"Portada","item":"https:\/\/letrame.com\/catalogo\/"},{"@type":"ListItem","position":2,"name":"Cat\u00e1logo","item":"https:\/\/letrame.com\/catalogo\/"},{"@type":"ListItem","position":3,"name":"Cuentan una historia"}]},{"@type":"WebSite","@id":"https:\/\/letrame.com\/catalogo\/#website","url":"https:\/\/letrame.com\/catalogo\/","name":"Catalogo | Letrame Grupo Editorial","description":"","publisher":{"@id":"https:\/\/letrame.com\/catalogo\/#organization"},"potentialAction":[{"@type":"SearchAction","target":{"@type":"EntryPoint","urlTemplate":"https:\/\/letrame.com\/catalogo\/?s={search_term_string}"},"query-input":{"@type":"PropertyValueSpecification","valueRequired":true,"valueName":"search_term_string"}}],"inLanguage":"es"},{"@type":"Organization","@id":"https:\/\/letrame.com\/catalogo\/#organization","name":"Catalogo | Letrame Grupo Editorial","url":"https:\/\/letrame.com\/catalogo\/","logo":{"@type":"ImageObject","inLanguage":"es","@id":"https:\/\/letrame.com\/catalogo\/#\/schema\/logo\/image\/","url":"https:\/\/letrame.com\/catalogo\/wp-content\/uploads\/2024\/03\/logo2.webp","contentUrl":"https:\/\/letrame.com\/catalogo\/wp-content\/uploads\/2024\/03\/logo2.webp","width":394,"height":128,"caption":"Catalogo | Letrame Grupo Editorial"},"image":{"@id":"https:\/\/letrame.com\/catalogo\/#\/schema\/logo\/image\/"}}]}},"_links":{"self":[{"href":"https:\/\/letrame.com\/catalogo\/wp-json\/wp\/v2\/product\/100832","targetHints":{"allow":["GET"]}}],"collection":[{"href":"https:\/\/letrame.com\/catalogo\/wp-json\/wp\/v2\/product"}],"about":[{"href":"https:\/\/letrame.com\/catalogo\/wp-json\/wp\/v2\/types\/product"}],"replies":[{"embeddable":true,"href":"https:\/\/letrame.com\/catalogo\/wp-json\/wp\/v2\/comments?post=100832"}],"acf:post":[{"embeddable":true,"href":"https:\/\/letrame.com\/catalogo\/wp-json\/wp\/v2\/author_book\/100645"}],"wp:featuredmedia":[{"embeddable":true,"href":"https:\/\/letrame.com\/catalogo\/wp-json\/wp\/v2\/media\/100833"}],"wp:attachment":[{"href":"https:\/\/letrame.com\/catalogo\/wp-json\/wp\/v2\/media?parent=100832"}],"wp:term":[{"taxonomy":"libro","embeddable":true,"href":"https:\/\/letrame.com\/catalogo\/wp-json\/wp\/v2\/libro?post=100832"},{"taxonomy":"product_brand","embeddable":true,"href":"https:\/\/letrame.com\/catalogo\/wp-json\/wp\/v2\/product_brand?post=100832"},{"taxonomy":"product_cat","embeddable":true,"href":"https:\/\/letrame.com\/catalogo\/wp-json\/wp\/v2\/product_cat?post=100832"},{"taxonomy":"product_tag","embeddable":true,"href":"https:\/\/letrame.com\/catalogo\/wp-json\/wp\/v2\/product_tag?post=100832"}],"curies":[{"name":"wp","href":"https:\/\/api.w.org\/{rel}","templated":true}]}}