{"id":100822,"date":"2024-05-23T10:06:08","date_gmt":"2024-05-23T08:06:08","guid":{"rendered":"https:\/\/letrame.com\/catalogo\/producto\/cronica-de-una-suerte-anunciada\/"},"modified":"2024-07-29T13:54:35","modified_gmt":"2024-07-29T11:54:35","slug":"cronica-de-una-suerte-anunciada","status":"publish","type":"product","link":"https:\/\/letrame.com\/catalogo\/producto\/cronica-de-una-suerte-anunciada\/","title":{"rendered":"Cr\u00f3nica de una suerte anunciada"},"content":{"rendered":"<p class=\"p1\">ISBN: 9788411818865<\/p>\n<p class=\"p1\">T\u00edtulo: Cr\u00f3nica de una suerte anunciada<br \/>\nFecha: 2024<br \/>\nP\u00e1ginas: 254<\/p>\n<p class=\"p1\">SINOPSIS<\/p>\n<p class=\"p1\">El protagonista de esta historia tiene, desde que naci\u00f3, una moneda lanzada al aire dentro de su mochila. Nunca la ha querido sacar de ah\u00ed, porque la cara o la cruz que cay\u00f3 antes de que naciera, dice muchas cosas de \u00e9l que no est\u00e1 seguro querer conocer: c\u00f3mo se desarrollar\u00e1 su vida y, sobre todo, c\u00f3mo ser\u00e1 su muerte.<br \/>\nEsta moneda tiene un nombre, Enfermedad de Huntington, y Cr\u00f3nica de una Suerte Anunciada, el libro, es un recorrido sobre c\u00f3mo vivir intentando mantenerla siempre de canto.<br \/>\nPorque, si pudieras conocer tu destino con s\u00f3lo lanzar una moneda, \u00bfte atrever\u00edas a mirar de qu\u00e9 lado cae?<\/p>\n","protected":false},"excerpt":{"rendered":"<p class=\"p1\">ISBN: 9788411818865<\/p>\n<p class=\"p1\">SINOPSIS<\/p>\n<p class=\"p1\">El protagonista de esta historia tiene, desde que naci\u00f3, una moneda lanzada al aire dentro de su mochila. Nunca la ha querido sacar de ah\u00ed, porque la cara o la cruz que cay\u00f3 antes de que naciera, dice muchas cosas de \u00e9l que no est\u00e1 seguro querer conocer: c\u00f3mo se desarrollar\u00e1 su vida y, sobre todo, c\u00f3mo ser\u00e1 su muerte.<br \/>\nEsta moneda tiene un nombre, Enfermedad de Huntington, y Cr\u00f3nica de una Suerte Anunciada, el libro, es un recorrido sobre c\u00f3mo vivir intentando mantenerla siempre de canto.<br \/>\nPorque, si pudieras conocer tu destino con s\u00f3lo lanzar una moneda, \u00bfte atrever\u00edas a mirar de qu\u00e9 lado cae?<\/p>\n","protected":false},"featured_media":100823,"comment_status":"closed","ping_status":"closed","template":"","meta":{"_acf_changed":false},"libro":[],"product_brand":[],"product_cat":[108],"product_tag":[],"class_list":{"0":"post-100822","1":"product","2":"type-product","3":"status-publish","4":"has-post-thumbnail","6":"product_cat-desarrollo-personal-y-autoconocimientonovela-ilustrada","8":"first","9":"instock","10":"product-type-simple"},"acf":{"autor":[100634],"enlace_de_compra":"https:\/\/www.agapea.com\/libros\/Cronica-de-una-suerte-anunciada-9788411818865-i.htm"},"yoast_head":"<!-- This site is optimized with the Yoast SEO plugin v27.4 - https:\/\/yoast.com\/product\/yoast-seo-wordpress\/ -->\n<title>Cr\u00f3nica de una suerte anunciada - Catalogo | Letrame Grupo Editorial<\/title>\n<meta name=\"robots\" content=\"index, follow, max-snippet:-1, max-image-preview:large, max-video-preview:-1\" \/>\n<link rel=\"canonical\" href=\"https:\/\/letrame.com\/catalogo\/producto\/cronica-de-una-suerte-anunciada\/\" \/>\n<meta property=\"og:locale\" content=\"es_ES\" \/>\n<meta property=\"og:type\" content=\"article\" \/>\n<meta property=\"og:title\" content=\"Cr\u00f3nica de una suerte anunciada - Catalogo | Letrame Grupo Editorial\" \/>\n<meta property=\"og:description\" content=\"ISBN: 9788411818865 SINOPSIS El protagonista de esta historia tiene, desde que naci\u00f3, una moneda lanzada al aire dentro de su mochila. Nunca la ha querido sacar de ah\u00ed, porque la cara o la cruz que cay\u00f3 antes de que naciera, dice muchas cosas de \u00e9l que no est\u00e1 seguro querer conocer: c\u00f3mo se desarrollar\u00e1 su vida y, sobre todo, c\u00f3mo ser\u00e1 su muerte. Esta moneda tiene un nombre, Enfermedad de Huntington, y Cr\u00f3nica de una Suerte Anunciada, el libro, es un recorrido sobre c\u00f3mo vivir intentando mantenerla siempre de canto. Porque, si pudieras conocer tu destino con s\u00f3lo lanzar una moneda, \u00bfte atrever\u00edas a mirar de qu\u00e9 lado cae?\" \/>\n<meta property=\"og:url\" content=\"https:\/\/letrame.com\/catalogo\/producto\/cronica-de-una-suerte-anunciada\/\" \/>\n<meta property=\"og:site_name\" content=\"Catalogo | Letrame Grupo Editorial\" \/>\n<meta property=\"article:modified_time\" content=\"2024-07-29T11:54:35+00:00\" \/>\n<meta property=\"og:image\" content=\"https:\/\/letrame.com\/catalogo\/wp-content\/uploads\/2024\/05\/webp_cronicadeuna_1465mm-scaled-1.jpg\" \/>\n\t<meta property=\"og:image:width\" content=\"1746\" \/>\n\t<meta property=\"og:image:height\" content=\"2560\" \/>\n\t<meta property=\"og:image:type\" content=\"image\/jpeg\" \/>\n<meta name=\"twitter:card\" content=\"summary_large_image\" \/>\n<meta name=\"twitter:label1\" content=\"Tiempo de lectura\" \/>\n\t<meta name=\"twitter:data1\" content=\"1 minuto\" \/>\n<script type=\"application\/ld+json\" class=\"yoast-schema-graph\">{\"@context\":\"https:\\\/\\\/schema.org\",\"@graph\":[{\"@type\":\"WebPage\",\"@id\":\"https:\\\/\\\/letrame.com\\\/catalogo\\\/producto\\\/cronica-de-una-suerte-anunciada\\\/\",\"url\":\"https:\\\/\\\/letrame.com\\\/catalogo\\\/producto\\\/cronica-de-una-suerte-anunciada\\\/\",\"name\":\"Cr\u00f3nica de una suerte anunciada - Catalogo | Letrame Grupo Editorial\",\"isPartOf\":{\"@id\":\"https:\\\/\\\/letrame.com\\\/catalogo\\\/#website\"},\"primaryImageOfPage\":{\"@id\":\"https:\\\/\\\/letrame.com\\\/catalogo\\\/producto\\\/cronica-de-una-suerte-anunciada\\\/#primaryimage\"},\"image\":{\"@id\":\"https:\\\/\\\/letrame.com\\\/catalogo\\\/producto\\\/cronica-de-una-suerte-anunciada\\\/#primaryimage\"},\"thumbnailUrl\":\"https:\\\/\\\/letrame.com\\\/catalogo\\\/wp-content\\\/uploads\\\/2024\\\/05\\\/webp_cronicadeuna_1465mm-scaled-1.jpg\",\"datePublished\":\"2024-05-23T08:06:08+00:00\",\"dateModified\":\"2024-07-29T11:54:35+00:00\",\"breadcrumb\":{\"@id\":\"https:\\\/\\\/letrame.com\\\/catalogo\\\/producto\\\/cronica-de-una-suerte-anunciada\\\/#breadcrumb\"},\"inLanguage\":\"es\",\"potentialAction\":[{\"@type\":\"ReadAction\",\"target\":[\"https:\\\/\\\/letrame.com\\\/catalogo\\\/producto\\\/cronica-de-una-suerte-anunciada\\\/\"]}]},{\"@type\":\"ImageObject\",\"inLanguage\":\"es\",\"@id\":\"https:\\\/\\\/letrame.com\\\/catalogo\\\/producto\\\/cronica-de-una-suerte-anunciada\\\/#primaryimage\",\"url\":\"https:\\\/\\\/letrame.com\\\/catalogo\\\/wp-content\\\/uploads\\\/2024\\\/05\\\/webp_cronicadeuna_1465mm-scaled-1.jpg\",\"contentUrl\":\"https:\\\/\\\/letrame.com\\\/catalogo\\\/wp-content\\\/uploads\\\/2024\\\/05\\\/webp_cronicadeuna_1465mm-scaled-1.jpg\",\"width\":1746,\"height\":2560},{\"@type\":\"BreadcrumbList\",\"@id\":\"https:\\\/\\\/letrame.com\\\/catalogo\\\/producto\\\/cronica-de-una-suerte-anunciada\\\/#breadcrumb\",\"itemListElement\":[{\"@type\":\"ListItem\",\"position\":1,\"name\":\"Portada\",\"item\":\"https:\\\/\\\/letrame.com\\\/catalogo\\\/\"},{\"@type\":\"ListItem\",\"position\":2,\"name\":\"Cat\u00e1logo\",\"item\":\"https:\\\/\\\/letrame.com\\\/catalogo\\\/\"},{\"@type\":\"ListItem\",\"position\":3,\"name\":\"Cr\u00f3nica de una suerte anunciada\"}]},{\"@type\":\"WebSite\",\"@id\":\"https:\\\/\\\/letrame.com\\\/catalogo\\\/#website\",\"url\":\"https:\\\/\\\/letrame.com\\\/catalogo\\\/\",\"name\":\"Catalogo | Letrame Grupo Editorial\",\"description\":\"\",\"publisher\":{\"@id\":\"https:\\\/\\\/letrame.com\\\/catalogo\\\/#organization\"},\"potentialAction\":[{\"@type\":\"SearchAction\",\"target\":{\"@type\":\"EntryPoint\",\"urlTemplate\":\"https:\\\/\\\/letrame.com\\\/catalogo\\\/?s={search_term_string}\"},\"query-input\":{\"@type\":\"PropertyValueSpecification\",\"valueRequired\":true,\"valueName\":\"search_term_string\"}}],\"inLanguage\":\"es\"},{\"@type\":\"Organization\",\"@id\":\"https:\\\/\\\/letrame.com\\\/catalogo\\\/#organization\",\"name\":\"Catalogo | Letrame Grupo Editorial\",\"url\":\"https:\\\/\\\/letrame.com\\\/catalogo\\\/\",\"logo\":{\"@type\":\"ImageObject\",\"inLanguage\":\"es\",\"@id\":\"https:\\\/\\\/letrame.com\\\/catalogo\\\/#\\\/schema\\\/logo\\\/image\\\/\",\"url\":\"https:\\\/\\\/letrame.com\\\/catalogo\\\/wp-content\\\/uploads\\\/2024\\\/03\\\/logo2.webp\",\"contentUrl\":\"https:\\\/\\\/letrame.com\\\/catalogo\\\/wp-content\\\/uploads\\\/2024\\\/03\\\/logo2.webp\",\"width\":394,\"height\":128,\"caption\":\"Catalogo | Letrame Grupo Editorial\"},\"image\":{\"@id\":\"https:\\\/\\\/letrame.com\\\/catalogo\\\/#\\\/schema\\\/logo\\\/image\\\/\"}}]}<\/script>\n<!-- \/ Yoast SEO plugin. -->","yoast_head_json":{"title":"Cr\u00f3nica de una suerte anunciada - Catalogo | Letrame Grupo Editorial","robots":{"index":"index","follow":"follow","max-snippet":"max-snippet:-1","max-image-preview":"max-image-preview:large","max-video-preview":"max-video-preview:-1"},"canonical":"https:\/\/letrame.com\/catalogo\/producto\/cronica-de-una-suerte-anunciada\/","og_locale":"es_ES","og_type":"article","og_title":"Cr\u00f3nica de una suerte anunciada - Catalogo | Letrame Grupo Editorial","og_description":"ISBN: 9788411818865 SINOPSIS El protagonista de esta historia tiene, desde que naci\u00f3, una moneda lanzada al aire dentro de su mochila. Nunca la ha querido sacar de ah\u00ed, porque la cara o la cruz que cay\u00f3 antes de que naciera, dice muchas cosas de \u00e9l que no est\u00e1 seguro querer conocer: c\u00f3mo se desarrollar\u00e1 su vida y, sobre todo, c\u00f3mo ser\u00e1 su muerte. Esta moneda tiene un nombre, Enfermedad de Huntington, y Cr\u00f3nica de una Suerte Anunciada, el libro, es un recorrido sobre c\u00f3mo vivir intentando mantenerla siempre de canto. Porque, si pudieras conocer tu destino con s\u00f3lo lanzar una moneda, \u00bfte atrever\u00edas a mirar de qu\u00e9 lado cae?","og_url":"https:\/\/letrame.com\/catalogo\/producto\/cronica-de-una-suerte-anunciada\/","og_site_name":"Catalogo | Letrame Grupo Editorial","article_modified_time":"2024-07-29T11:54:35+00:00","og_image":[{"width":1746,"height":2560,"url":"https:\/\/letrame.com\/catalogo\/wp-content\/uploads\/2024\/05\/webp_cronicadeuna_1465mm-scaled-1.jpg","type":"image\/jpeg"}],"twitter_card":"summary_large_image","twitter_misc":{"Tiempo de lectura":"1 minuto"},"schema":{"@context":"https:\/\/schema.org","@graph":[{"@type":"WebPage","@id":"https:\/\/letrame.com\/catalogo\/producto\/cronica-de-una-suerte-anunciada\/","url":"https:\/\/letrame.com\/catalogo\/producto\/cronica-de-una-suerte-anunciada\/","name":"Cr\u00f3nica de una suerte anunciada - Catalogo | Letrame Grupo Editorial","isPartOf":{"@id":"https:\/\/letrame.com\/catalogo\/#website"},"primaryImageOfPage":{"@id":"https:\/\/letrame.com\/catalogo\/producto\/cronica-de-una-suerte-anunciada\/#primaryimage"},"image":{"@id":"https:\/\/letrame.com\/catalogo\/producto\/cronica-de-una-suerte-anunciada\/#primaryimage"},"thumbnailUrl":"https:\/\/letrame.com\/catalogo\/wp-content\/uploads\/2024\/05\/webp_cronicadeuna_1465mm-scaled-1.jpg","datePublished":"2024-05-23T08:06:08+00:00","dateModified":"2024-07-29T11:54:35+00:00","breadcrumb":{"@id":"https:\/\/letrame.com\/catalogo\/producto\/cronica-de-una-suerte-anunciada\/#breadcrumb"},"inLanguage":"es","potentialAction":[{"@type":"ReadAction","target":["https:\/\/letrame.com\/catalogo\/producto\/cronica-de-una-suerte-anunciada\/"]}]},{"@type":"ImageObject","inLanguage":"es","@id":"https:\/\/letrame.com\/catalogo\/producto\/cronica-de-una-suerte-anunciada\/#primaryimage","url":"https:\/\/letrame.com\/catalogo\/wp-content\/uploads\/2024\/05\/webp_cronicadeuna_1465mm-scaled-1.jpg","contentUrl":"https:\/\/letrame.com\/catalogo\/wp-content\/uploads\/2024\/05\/webp_cronicadeuna_1465mm-scaled-1.jpg","width":1746,"height":2560},{"@type":"BreadcrumbList","@id":"https:\/\/letrame.com\/catalogo\/producto\/cronica-de-una-suerte-anunciada\/#breadcrumb","itemListElement":[{"@type":"ListItem","position":1,"name":"Portada","item":"https:\/\/letrame.com\/catalogo\/"},{"@type":"ListItem","position":2,"name":"Cat\u00e1logo","item":"https:\/\/letrame.com\/catalogo\/"},{"@type":"ListItem","position":3,"name":"Cr\u00f3nica de una suerte anunciada"}]},{"@type":"WebSite","@id":"https:\/\/letrame.com\/catalogo\/#website","url":"https:\/\/letrame.com\/catalogo\/","name":"Catalogo | Letrame Grupo Editorial","description":"","publisher":{"@id":"https:\/\/letrame.com\/catalogo\/#organization"},"potentialAction":[{"@type":"SearchAction","target":{"@type":"EntryPoint","urlTemplate":"https:\/\/letrame.com\/catalogo\/?s={search_term_string}"},"query-input":{"@type":"PropertyValueSpecification","valueRequired":true,"valueName":"search_term_string"}}],"inLanguage":"es"},{"@type":"Organization","@id":"https:\/\/letrame.com\/catalogo\/#organization","name":"Catalogo | Letrame Grupo Editorial","url":"https:\/\/letrame.com\/catalogo\/","logo":{"@type":"ImageObject","inLanguage":"es","@id":"https:\/\/letrame.com\/catalogo\/#\/schema\/logo\/image\/","url":"https:\/\/letrame.com\/catalogo\/wp-content\/uploads\/2024\/03\/logo2.webp","contentUrl":"https:\/\/letrame.com\/catalogo\/wp-content\/uploads\/2024\/03\/logo2.webp","width":394,"height":128,"caption":"Catalogo | Letrame Grupo Editorial"},"image":{"@id":"https:\/\/letrame.com\/catalogo\/#\/schema\/logo\/image\/"}}]}},"_links":{"self":[{"href":"https:\/\/letrame.com\/catalogo\/wp-json\/wp\/v2\/product\/100822","targetHints":{"allow":["GET"]}}],"collection":[{"href":"https:\/\/letrame.com\/catalogo\/wp-json\/wp\/v2\/product"}],"about":[{"href":"https:\/\/letrame.com\/catalogo\/wp-json\/wp\/v2\/types\/product"}],"replies":[{"embeddable":true,"href":"https:\/\/letrame.com\/catalogo\/wp-json\/wp\/v2\/comments?post=100822"}],"acf:post":[{"embeddable":true,"href":"https:\/\/letrame.com\/catalogo\/wp-json\/wp\/v2\/author_book\/100634"}],"wp:featuredmedia":[{"embeddable":true,"href":"https:\/\/letrame.com\/catalogo\/wp-json\/wp\/v2\/media\/100823"}],"wp:attachment":[{"href":"https:\/\/letrame.com\/catalogo\/wp-json\/wp\/v2\/media?parent=100822"}],"wp:term":[{"taxonomy":"libro","embeddable":true,"href":"https:\/\/letrame.com\/catalogo\/wp-json\/wp\/v2\/libro?post=100822"},{"taxonomy":"product_brand","embeddable":true,"href":"https:\/\/letrame.com\/catalogo\/wp-json\/wp\/v2\/product_brand?post=100822"},{"taxonomy":"product_cat","embeddable":true,"href":"https:\/\/letrame.com\/catalogo\/wp-json\/wp\/v2\/product_cat?post=100822"},{"taxonomy":"product_tag","embeddable":true,"href":"https:\/\/letrame.com\/catalogo\/wp-json\/wp\/v2\/product_tag?post=100822"}],"curies":[{"name":"wp","href":"https:\/\/api.w.org\/{rel}","templated":true}]}}