{"id":100821,"date":"2024-05-23T10:06:08","date_gmt":"2024-05-23T08:06:08","guid":{"rendered":"https:\/\/letrame.com\/catalogo\/producto\/la-venta-es-solo-el-comienzo\/"},"modified":"2024-05-23T12:14:15","modified_gmt":"2024-05-23T10:14:15","slug":"la-venta-es-solo-el-comienzo","status":"publish","type":"product","link":"https:\/\/letrame.com\/catalogo\/producto\/la-venta-es-solo-el-comienzo\/","title":{"rendered":"La venta es solo el comienzo"},"content":{"rendered":"<p>ISBN:\u00a0978-84-17897-91-8<br \/>\nT\u00edtulo:\u2028La venta es solo el comienzo<br \/>\nFecha:\u20282018<br \/>\nP\u00e1ginas:\u00a0352<br \/>\nSINOPSIS<\/p>\n<p>La venta consultiva no tiene una complejidad ni mayor ni menor que otros tipos de venta pero s\u00ed aspectos que la hacen muy singular.<\/p>\n<p>Una venta totalmente personalizada en la que se deber\u00e1 definir y desarrollar junto al cliente el resultado final del proyecto o servicio y, por lo tanto, donde ser\u00e1 necesario no solo demostrarle los beneficios que obtendr\u00e1, sino tambi\u00e9n, generarle la confianza necesaria sobre nuestras posibilidades de llevarlo a cabo con \u00e9xito.<\/p>\n<p>Una venta que supone solo el comienzo ya que, siendo un proceso vital para este negocio, no es suficiente para la generaci\u00f3n de ingresos y beneficios. Solo cuando se ejecute correctamente el proyecto o servicio vendido se podr\u00e1 alcanzar el \u00e9xito.<\/p>\n<p>La presente obra repasa los aspectos fundamentales de este tipo de venta, su planificaci\u00f3n estrat\u00e9gica y el proceso comercial, haciendo un an\u00e1lisis de cada una de sus fases.<\/p>\n<p>Como otras actividades, no se trata de una ciencia exacta, pero apoy\u00e1ndonos en la experiencia, expondremos las mejores pr\u00e1cticas y consejos para ayudar a emprender el camino a aquellas personas que comienzan a afrontar esta compleja, pero a la vez apasionante labor.<\/p>\n","protected":false},"excerpt":{"rendered":"<p>ISBN:\u00a0978-84-17897-91-8<\/p>\n<p>SINOPSIS<\/p>\n<p>La venta consultiva no tiene una complejidad ni mayor ni menor que otros tipos de venta pero s\u00ed aspectos que la hacen muy singular.<\/p>\n<p>Una venta totalmente personalizada en la que se deber\u00e1 definir y desarrollar junto al cliente el resultado final del proyecto o servicio y, por lo tanto, donde ser\u00e1 necesario no solo demostrarle los beneficios que obtendr\u00e1, sino tambi\u00e9n, generarle la confianza necesaria sobre nuestras posibilidades de llevarlo a cabo con \u00e9xito.<\/p>\n<p>Una venta que supone solo el comienzo ya que, siendo un proceso vital para este negocio, no es suficiente para la generaci\u00f3n de ingresos y beneficios. Solo cuando se ejecute correctamente el proyecto o servicio vendido se podr\u00e1 alcanzar el \u00e9xito.<\/p>\n<p>La presente obra repasa los aspectos fundamentales de este tipo de venta, su planificaci\u00f3n estrat\u00e9gica y el proceso comercial, haciendo un an\u00e1lisis de cada una de sus fases.<\/p>\n<p>Como otras actividades, no se trata de una ciencia exacta, pero apoy\u00e1ndonos en la experiencia, expondremos las mejores pr\u00e1cticas y consejos para ayudar a emprender el camino a aquellas personas que comienzan a afrontar esta compleja, pero a la vez apasionante labor.<\/p>\n","protected":false},"featured_media":101088,"comment_status":"closed","ping_status":"closed","template":"","meta":{"_acf_changed":false},"libro":[],"product_brand":[],"product_cat":[42],"product_tag":[],"class_list":{"0":"post-100821","1":"product","2":"type-product","3":"status-publish","4":"has-post-thumbnail","6":"product_cat-administracion-y-negocios","8":"first","9":"instock","10":"product-type-simple"},"acf":{"autor":[100632],"enlace_de_compra":"https:\/\/www.amazon.es\/VENTA-ES-SOLO-COMIENZO-CONSULTIVA\/dp\/8417897917"},"yoast_head":"<!-- This site is optimized with the Yoast SEO plugin v26.6 - https:\/\/yoast.com\/wordpress\/plugins\/seo\/ -->\n<title>La venta es solo el comienzo - Catalogo | Letrame Grupo Editorial<\/title>\n<meta name=\"robots\" content=\"index, follow, max-snippet:-1, max-image-preview:large, max-video-preview:-1\" \/>\n<link rel=\"canonical\" href=\"https:\/\/letrame.com\/catalogo\/producto\/la-venta-es-solo-el-comienzo\/\" \/>\n<meta property=\"og:locale\" content=\"es_ES\" \/>\n<meta property=\"og:type\" content=\"article\" \/>\n<meta property=\"og:title\" content=\"La venta es solo el comienzo - Catalogo | Letrame Grupo Editorial\" \/>\n<meta property=\"og:description\" content=\"ISBN:\u00a0978-84-17897-91-8  SINOPSIS  La venta consultiva no tiene una complejidad ni mayor ni menor que otros tipos de venta pero s\u00ed aspectos que la hacen muy singular.  Una venta totalmente personalizada en la que se deber\u00e1 definir y desarrollar junto al cliente el resultado final del proyecto o servicio y, por lo tanto, donde ser\u00e1 necesario no solo demostrarle los beneficios que obtendr\u00e1, sino tambi\u00e9n, generarle la confianza necesaria sobre nuestras posibilidades de llevarlo a cabo con \u00e9xito.  Una venta que supone solo el comienzo ya que, siendo un proceso vital para este negocio, no es suficiente para la generaci\u00f3n de ingresos y beneficios. Solo cuando se ejecute correctamente el proyecto o servicio vendido se podr\u00e1 alcanzar el \u00e9xito.  La presente obra repasa los aspectos fundamentales de este tipo de venta, su planificaci\u00f3n estrat\u00e9gica y el proceso comercial, haciendo un an\u00e1lisis de cada una de sus fases.  Como otras actividades, no se trata de una ciencia exacta, pero apoy\u00e1ndonos en la experiencia, expondremos las mejores pr\u00e1cticas y consejos para ayudar a emprender el camino a aquellas personas que comienzan a afrontar esta compleja, pero a la vez apasionante labor.\" \/>\n<meta property=\"og:url\" content=\"https:\/\/letrame.com\/catalogo\/producto\/la-venta-es-solo-el-comienzo\/\" \/>\n<meta property=\"og:site_name\" content=\"Catalogo | Letrame Grupo Editorial\" \/>\n<meta property=\"article:modified_time\" content=\"2024-05-23T10:14:15+00:00\" \/>\n<meta property=\"og:image\" content=\"https:\/\/letrame.com\/catalogo\/wp-content\/uploads\/2024\/05\/portada_Laventaessoloelcomienzo_163mm-compressed-scaled-1.webp\" \/>\n\t<meta property=\"og:image:width\" content=\"1813\" \/>\n\t<meta property=\"og:image:height\" content=\"2560\" \/>\n\t<meta property=\"og:image:type\" content=\"image\/webp\" \/>\n<meta name=\"twitter:card\" content=\"summary_large_image\" \/>\n<meta name=\"twitter:label1\" content=\"Tiempo de lectura\" \/>\n\t<meta name=\"twitter:data1\" content=\"1 minuto\" \/>\n<script type=\"application\/ld+json\" class=\"yoast-schema-graph\">{\"@context\":\"https:\/\/schema.org\",\"@graph\":[{\"@type\":\"WebPage\",\"@id\":\"https:\/\/letrame.com\/catalogo\/producto\/la-venta-es-solo-el-comienzo\/\",\"url\":\"https:\/\/letrame.com\/catalogo\/producto\/la-venta-es-solo-el-comienzo\/\",\"name\":\"La venta es solo el comienzo - Catalogo | Letrame Grupo Editorial\",\"isPartOf\":{\"@id\":\"https:\/\/letrame.com\/catalogo\/#website\"},\"primaryImageOfPage\":{\"@id\":\"https:\/\/letrame.com\/catalogo\/producto\/la-venta-es-solo-el-comienzo\/#primaryimage\"},\"image\":{\"@id\":\"https:\/\/letrame.com\/catalogo\/producto\/la-venta-es-solo-el-comienzo\/#primaryimage\"},\"thumbnailUrl\":\"https:\/\/letrame.com\/catalogo\/wp-content\/uploads\/2024\/05\/portada_Laventaessoloelcomienzo_163mm-compressed-scaled-1.webp\",\"datePublished\":\"2024-05-23T08:06:08+00:00\",\"dateModified\":\"2024-05-23T10:14:15+00:00\",\"breadcrumb\":{\"@id\":\"https:\/\/letrame.com\/catalogo\/producto\/la-venta-es-solo-el-comienzo\/#breadcrumb\"},\"inLanguage\":\"es\",\"potentialAction\":[{\"@type\":\"ReadAction\",\"target\":[\"https:\/\/letrame.com\/catalogo\/producto\/la-venta-es-solo-el-comienzo\/\"]}]},{\"@type\":\"ImageObject\",\"inLanguage\":\"es\",\"@id\":\"https:\/\/letrame.com\/catalogo\/producto\/la-venta-es-solo-el-comienzo\/#primaryimage\",\"url\":\"https:\/\/letrame.com\/catalogo\/wp-content\/uploads\/2024\/05\/portada_Laventaessoloelcomienzo_163mm-compressed-scaled-1.webp\",\"contentUrl\":\"https:\/\/letrame.com\/catalogo\/wp-content\/uploads\/2024\/05\/portada_Laventaessoloelcomienzo_163mm-compressed-scaled-1.webp\",\"width\":1813,\"height\":2560},{\"@type\":\"BreadcrumbList\",\"@id\":\"https:\/\/letrame.com\/catalogo\/producto\/la-venta-es-solo-el-comienzo\/#breadcrumb\",\"itemListElement\":[{\"@type\":\"ListItem\",\"position\":1,\"name\":\"Portada\",\"item\":\"https:\/\/letrame.com\/catalogo\/\"},{\"@type\":\"ListItem\",\"position\":2,\"name\":\"Cat\u00e1logo\",\"item\":\"https:\/\/letrame.com\/catalogo\/\"},{\"@type\":\"ListItem\",\"position\":3,\"name\":\"La venta es solo el comienzo\"}]},{\"@type\":\"WebSite\",\"@id\":\"https:\/\/letrame.com\/catalogo\/#website\",\"url\":\"https:\/\/letrame.com\/catalogo\/\",\"name\":\"Catalogo | Letrame Grupo Editorial\",\"description\":\"\",\"publisher\":{\"@id\":\"https:\/\/letrame.com\/catalogo\/#organization\"},\"potentialAction\":[{\"@type\":\"SearchAction\",\"target\":{\"@type\":\"EntryPoint\",\"urlTemplate\":\"https:\/\/letrame.com\/catalogo\/?s={search_term_string}\"},\"query-input\":{\"@type\":\"PropertyValueSpecification\",\"valueRequired\":true,\"valueName\":\"search_term_string\"}}],\"inLanguage\":\"es\"},{\"@type\":\"Organization\",\"@id\":\"https:\/\/letrame.com\/catalogo\/#organization\",\"name\":\"Catalogo | Letrame Grupo Editorial\",\"url\":\"https:\/\/letrame.com\/catalogo\/\",\"logo\":{\"@type\":\"ImageObject\",\"inLanguage\":\"es\",\"@id\":\"https:\/\/letrame.com\/catalogo\/#\/schema\/logo\/image\/\",\"url\":\"https:\/\/letrame.com\/catalogo\/wp-content\/uploads\/2024\/03\/logo2.webp\",\"contentUrl\":\"https:\/\/letrame.com\/catalogo\/wp-content\/uploads\/2024\/03\/logo2.webp\",\"width\":394,\"height\":128,\"caption\":\"Catalogo | Letrame Grupo Editorial\"},\"image\":{\"@id\":\"https:\/\/letrame.com\/catalogo\/#\/schema\/logo\/image\/\"}}]}<\/script>\n<!-- \/ Yoast SEO plugin. -->","yoast_head_json":{"title":"La venta es solo el comienzo - Catalogo | Letrame Grupo Editorial","robots":{"index":"index","follow":"follow","max-snippet":"max-snippet:-1","max-image-preview":"max-image-preview:large","max-video-preview":"max-video-preview:-1"},"canonical":"https:\/\/letrame.com\/catalogo\/producto\/la-venta-es-solo-el-comienzo\/","og_locale":"es_ES","og_type":"article","og_title":"La venta es solo el comienzo - Catalogo | Letrame Grupo Editorial","og_description":"ISBN:\u00a0978-84-17897-91-8  SINOPSIS  La venta consultiva no tiene una complejidad ni mayor ni menor que otros tipos de venta pero s\u00ed aspectos que la hacen muy singular.  Una venta totalmente personalizada en la que se deber\u00e1 definir y desarrollar junto al cliente el resultado final del proyecto o servicio y, por lo tanto, donde ser\u00e1 necesario no solo demostrarle los beneficios que obtendr\u00e1, sino tambi\u00e9n, generarle la confianza necesaria sobre nuestras posibilidades de llevarlo a cabo con \u00e9xito.  Una venta que supone solo el comienzo ya que, siendo un proceso vital para este negocio, no es suficiente para la generaci\u00f3n de ingresos y beneficios. Solo cuando se ejecute correctamente el proyecto o servicio vendido se podr\u00e1 alcanzar el \u00e9xito.  La presente obra repasa los aspectos fundamentales de este tipo de venta, su planificaci\u00f3n estrat\u00e9gica y el proceso comercial, haciendo un an\u00e1lisis de cada una de sus fases.  Como otras actividades, no se trata de una ciencia exacta, pero apoy\u00e1ndonos en la experiencia, expondremos las mejores pr\u00e1cticas y consejos para ayudar a emprender el camino a aquellas personas que comienzan a afrontar esta compleja, pero a la vez apasionante labor.","og_url":"https:\/\/letrame.com\/catalogo\/producto\/la-venta-es-solo-el-comienzo\/","og_site_name":"Catalogo | Letrame Grupo Editorial","article_modified_time":"2024-05-23T10:14:15+00:00","og_image":[{"width":1813,"height":2560,"url":"https:\/\/letrame.com\/catalogo\/wp-content\/uploads\/2024\/05\/portada_Laventaessoloelcomienzo_163mm-compressed-scaled-1.webp","type":"image\/webp"}],"twitter_card":"summary_large_image","twitter_misc":{"Tiempo de lectura":"1 minuto"},"schema":{"@context":"https:\/\/schema.org","@graph":[{"@type":"WebPage","@id":"https:\/\/letrame.com\/catalogo\/producto\/la-venta-es-solo-el-comienzo\/","url":"https:\/\/letrame.com\/catalogo\/producto\/la-venta-es-solo-el-comienzo\/","name":"La venta es solo el comienzo - Catalogo | Letrame Grupo Editorial","isPartOf":{"@id":"https:\/\/letrame.com\/catalogo\/#website"},"primaryImageOfPage":{"@id":"https:\/\/letrame.com\/catalogo\/producto\/la-venta-es-solo-el-comienzo\/#primaryimage"},"image":{"@id":"https:\/\/letrame.com\/catalogo\/producto\/la-venta-es-solo-el-comienzo\/#primaryimage"},"thumbnailUrl":"https:\/\/letrame.com\/catalogo\/wp-content\/uploads\/2024\/05\/portada_Laventaessoloelcomienzo_163mm-compressed-scaled-1.webp","datePublished":"2024-05-23T08:06:08+00:00","dateModified":"2024-05-23T10:14:15+00:00","breadcrumb":{"@id":"https:\/\/letrame.com\/catalogo\/producto\/la-venta-es-solo-el-comienzo\/#breadcrumb"},"inLanguage":"es","potentialAction":[{"@type":"ReadAction","target":["https:\/\/letrame.com\/catalogo\/producto\/la-venta-es-solo-el-comienzo\/"]}]},{"@type":"ImageObject","inLanguage":"es","@id":"https:\/\/letrame.com\/catalogo\/producto\/la-venta-es-solo-el-comienzo\/#primaryimage","url":"https:\/\/letrame.com\/catalogo\/wp-content\/uploads\/2024\/05\/portada_Laventaessoloelcomienzo_163mm-compressed-scaled-1.webp","contentUrl":"https:\/\/letrame.com\/catalogo\/wp-content\/uploads\/2024\/05\/portada_Laventaessoloelcomienzo_163mm-compressed-scaled-1.webp","width":1813,"height":2560},{"@type":"BreadcrumbList","@id":"https:\/\/letrame.com\/catalogo\/producto\/la-venta-es-solo-el-comienzo\/#breadcrumb","itemListElement":[{"@type":"ListItem","position":1,"name":"Portada","item":"https:\/\/letrame.com\/catalogo\/"},{"@type":"ListItem","position":2,"name":"Cat\u00e1logo","item":"https:\/\/letrame.com\/catalogo\/"},{"@type":"ListItem","position":3,"name":"La venta es solo el comienzo"}]},{"@type":"WebSite","@id":"https:\/\/letrame.com\/catalogo\/#website","url":"https:\/\/letrame.com\/catalogo\/","name":"Catalogo | Letrame Grupo Editorial","description":"","publisher":{"@id":"https:\/\/letrame.com\/catalogo\/#organization"},"potentialAction":[{"@type":"SearchAction","target":{"@type":"EntryPoint","urlTemplate":"https:\/\/letrame.com\/catalogo\/?s={search_term_string}"},"query-input":{"@type":"PropertyValueSpecification","valueRequired":true,"valueName":"search_term_string"}}],"inLanguage":"es"},{"@type":"Organization","@id":"https:\/\/letrame.com\/catalogo\/#organization","name":"Catalogo | Letrame Grupo Editorial","url":"https:\/\/letrame.com\/catalogo\/","logo":{"@type":"ImageObject","inLanguage":"es","@id":"https:\/\/letrame.com\/catalogo\/#\/schema\/logo\/image\/","url":"https:\/\/letrame.com\/catalogo\/wp-content\/uploads\/2024\/03\/logo2.webp","contentUrl":"https:\/\/letrame.com\/catalogo\/wp-content\/uploads\/2024\/03\/logo2.webp","width":394,"height":128,"caption":"Catalogo | Letrame Grupo Editorial"},"image":{"@id":"https:\/\/letrame.com\/catalogo\/#\/schema\/logo\/image\/"}}]}},"_links":{"self":[{"href":"https:\/\/letrame.com\/catalogo\/wp-json\/wp\/v2\/product\/100821","targetHints":{"allow":["GET"]}}],"collection":[{"href":"https:\/\/letrame.com\/catalogo\/wp-json\/wp\/v2\/product"}],"about":[{"href":"https:\/\/letrame.com\/catalogo\/wp-json\/wp\/v2\/types\/product"}],"replies":[{"embeddable":true,"href":"https:\/\/letrame.com\/catalogo\/wp-json\/wp\/v2\/comments?post=100821"}],"acf:post":[{"embeddable":true,"href":"https:\/\/letrame.com\/catalogo\/wp-json\/wp\/v2\/author_book\/100632"}],"wp:featuredmedia":[{"embeddable":true,"href":"https:\/\/letrame.com\/catalogo\/wp-json\/wp\/v2\/media\/101088"}],"wp:attachment":[{"href":"https:\/\/letrame.com\/catalogo\/wp-json\/wp\/v2\/media?parent=100821"}],"wp:term":[{"taxonomy":"libro","embeddable":true,"href":"https:\/\/letrame.com\/catalogo\/wp-json\/wp\/v2\/libro?post=100821"},{"taxonomy":"product_brand","embeddable":true,"href":"https:\/\/letrame.com\/catalogo\/wp-json\/wp\/v2\/product_brand?post=100821"},{"taxonomy":"product_cat","embeddable":true,"href":"https:\/\/letrame.com\/catalogo\/wp-json\/wp\/v2\/product_cat?post=100821"},{"taxonomy":"product_tag","embeddable":true,"href":"https:\/\/letrame.com\/catalogo\/wp-json\/wp\/v2\/product_tag?post=100821"}],"curies":[{"name":"wp","href":"https:\/\/api.w.org\/{rel}","templated":true}]}}