{"id":100819,"date":"2024-05-23T10:06:08","date_gmt":"2024-05-23T08:06:08","guid":{"rendered":"https:\/\/letrame.com\/catalogo\/producto\/el-camino-de-tu-vida-es-el-metodo-de-tu-exito\/"},"modified":"2024-07-22T15:02:49","modified_gmt":"2024-07-22T13:02:49","slug":"el-camino-de-tu-vida-es-el-metodo-de-tu-exito","status":"publish","type":"product","link":"https:\/\/letrame.com\/catalogo\/producto\/el-camino-de-tu-vida-es-el-metodo-de-tu-exito\/","title":{"rendered":"El camino de tu vida es el m\u00e9todo de tu \u00e9xito"},"content":{"rendered":"<p>ISBN:\u00a0978-84-1068-112-5<br \/>\nT\u00edtulo:\u2028EL CAMINO DE TU VIDA es el m\u00e9todo de TU \u00c9XITO<br \/>\nFecha:\u20282024<br \/>\nP\u00e1ginas:\u00a0138<br \/>\nSINOPSIS<br \/>\nToda vida tiene su singular historia, pero hay historias de vida que son capaces de cambiar la percepci\u00f3n de la tuya propia.<\/p>\n<p>Una vida extraordinaria que te sumerge en tu yo mas profundo, y te permite descubrir tus patrones, tus creencias, tus valores, tus miedos y todo aquello que ha frenado tu progreso y tu \u00e9xito.<\/p>\n<p>La metodolog\u00eda de crecimiento personal basada en una biograf\u00eda te permitir\u00e1 descubrir como crear tu propio m\u00e9todo para materializar tus metas y objetivos desde tu aut\u00e9ntico ser.<\/p>\n","protected":false},"excerpt":{"rendered":"<p>ISBN:\u00a0978-84-1068-112-5<\/p>\n<p>SINOPSIS<br \/>\nToda vida tiene su singular historia, pero hay historias de vida que son capaces de cambiar la percepci\u00f3n de la tuya propia.<\/p>\n<p>Una vida extraordinaria que te sumerge en tu yo mas profundo, y te permite descubrir tus patrones, tus creencias, tus valores, tus miedos y todo aquello que ha frenado tu progreso y tu \u00e9xito.<\/p>\n<p>La metodolog\u00eda de crecimiento personal basada en una biograf\u00eda te permitir\u00e1 descubrir como crear tu propio m\u00e9todo para materializar tus metas y objetivos desde tu aut\u00e9ntico ser.<\/p>\n","protected":false},"featured_media":100820,"comment_status":"closed","ping_status":"closed","template":"","meta":{"_acf_changed":false},"libro":[],"product_brand":[],"product_cat":[30],"product_tag":[],"class_list":{"0":"post-100819","1":"product","2":"type-product","3":"status-publish","4":"has-post-thumbnail","6":"product_cat-desarrollo-personal-y-autoconocimiento","8":"first","9":"instock","10":"product-type-simple"},"acf":{"autor":[100628,100630],"enlace_de_compra":"https:\/\/amzn.to\/4ctNTEC"},"yoast_head":"<!-- This site is optimized with the Yoast SEO plugin v26.6 - https:\/\/yoast.com\/wordpress\/plugins\/seo\/ -->\n<title>El camino de tu vida es el m\u00e9todo de tu \u00e9xito - Catalogo | Letrame Grupo Editorial<\/title>\n<meta name=\"robots\" content=\"index, follow, max-snippet:-1, max-image-preview:large, max-video-preview:-1\" \/>\n<link rel=\"canonical\" href=\"https:\/\/letrame.com\/catalogo\/producto\/el-camino-de-tu-vida-es-el-metodo-de-tu-exito\/\" \/>\n<meta property=\"og:locale\" content=\"es_ES\" \/>\n<meta property=\"og:type\" content=\"article\" \/>\n<meta property=\"og:title\" content=\"El camino de tu vida es el m\u00e9todo de tu \u00e9xito - Catalogo | Letrame Grupo Editorial\" \/>\n<meta property=\"og:description\" content=\"ISBN:\u00a0978-84-1068-112-5  SINOPSIS Toda vida tiene su singular historia, pero hay historias de vida que son capaces de cambiar la percepci\u00f3n de la tuya propia.  Una vida extraordinaria que te sumerge en tu yo mas profundo, y te permite descubrir tus patrones, tus creencias, tus valores, tus miedos y todo aquello que ha frenado tu progreso y tu \u00e9xito.  La metodolog\u00eda de crecimiento personal basada en una biograf\u00eda te permitir\u00e1 descubrir como crear tu propio m\u00e9todo para materializar tus metas y objetivos desde tu aut\u00e9ntico ser.\" \/>\n<meta property=\"og:url\" content=\"https:\/\/letrame.com\/catalogo\/producto\/el-camino-de-tu-vida-es-el-metodo-de-tu-exito\/\" \/>\n<meta property=\"og:site_name\" content=\"Catalogo | Letrame Grupo Editorial\" \/>\n<meta property=\"article:modified_time\" content=\"2024-07-22T13:02:49+00:00\" \/>\n<meta property=\"og:image\" content=\"https:\/\/letrame.com\/catalogo\/wp-content\/uploads\/2024\/05\/webp_elcaminodetuvida_744mm.jpg\" \/>\n\t<meta property=\"og:image:width\" content=\"1749\" \/>\n\t<meta property=\"og:image:height\" content=\"2484\" \/>\n\t<meta property=\"og:image:type\" content=\"image\/jpeg\" \/>\n<meta name=\"twitter:card\" content=\"summary_large_image\" \/>\n<meta name=\"twitter:label1\" content=\"Tiempo de lectura\" \/>\n\t<meta name=\"twitter:data1\" content=\"1 minuto\" \/>\n<script type=\"application\/ld+json\" class=\"yoast-schema-graph\">{\"@context\":\"https:\/\/schema.org\",\"@graph\":[{\"@type\":\"WebPage\",\"@id\":\"https:\/\/letrame.com\/catalogo\/producto\/el-camino-de-tu-vida-es-el-metodo-de-tu-exito\/\",\"url\":\"https:\/\/letrame.com\/catalogo\/producto\/el-camino-de-tu-vida-es-el-metodo-de-tu-exito\/\",\"name\":\"El camino de tu vida es el m\u00e9todo de tu \u00e9xito - Catalogo | Letrame Grupo Editorial\",\"isPartOf\":{\"@id\":\"https:\/\/letrame.com\/catalogo\/#website\"},\"primaryImageOfPage\":{\"@id\":\"https:\/\/letrame.com\/catalogo\/producto\/el-camino-de-tu-vida-es-el-metodo-de-tu-exito\/#primaryimage\"},\"image\":{\"@id\":\"https:\/\/letrame.com\/catalogo\/producto\/el-camino-de-tu-vida-es-el-metodo-de-tu-exito\/#primaryimage\"},\"thumbnailUrl\":\"https:\/\/letrame.com\/catalogo\/wp-content\/uploads\/2024\/05\/webp_elcaminodetuvida_744mm.jpg\",\"datePublished\":\"2024-05-23T08:06:08+00:00\",\"dateModified\":\"2024-07-22T13:02:49+00:00\",\"breadcrumb\":{\"@id\":\"https:\/\/letrame.com\/catalogo\/producto\/el-camino-de-tu-vida-es-el-metodo-de-tu-exito\/#breadcrumb\"},\"inLanguage\":\"es\",\"potentialAction\":[{\"@type\":\"ReadAction\",\"target\":[\"https:\/\/letrame.com\/catalogo\/producto\/el-camino-de-tu-vida-es-el-metodo-de-tu-exito\/\"]}]},{\"@type\":\"ImageObject\",\"inLanguage\":\"es\",\"@id\":\"https:\/\/letrame.com\/catalogo\/producto\/el-camino-de-tu-vida-es-el-metodo-de-tu-exito\/#primaryimage\",\"url\":\"https:\/\/letrame.com\/catalogo\/wp-content\/uploads\/2024\/05\/webp_elcaminodetuvida_744mm.jpg\",\"contentUrl\":\"https:\/\/letrame.com\/catalogo\/wp-content\/uploads\/2024\/05\/webp_elcaminodetuvida_744mm.jpg\",\"width\":1749,\"height\":2484},{\"@type\":\"BreadcrumbList\",\"@id\":\"https:\/\/letrame.com\/catalogo\/producto\/el-camino-de-tu-vida-es-el-metodo-de-tu-exito\/#breadcrumb\",\"itemListElement\":[{\"@type\":\"ListItem\",\"position\":1,\"name\":\"Portada\",\"item\":\"https:\/\/letrame.com\/catalogo\/\"},{\"@type\":\"ListItem\",\"position\":2,\"name\":\"Cat\u00e1logo\",\"item\":\"https:\/\/letrame.com\/catalogo\/\"},{\"@type\":\"ListItem\",\"position\":3,\"name\":\"El camino de tu vida es el m\u00e9todo de tu \u00e9xito\"}]},{\"@type\":\"WebSite\",\"@id\":\"https:\/\/letrame.com\/catalogo\/#website\",\"url\":\"https:\/\/letrame.com\/catalogo\/\",\"name\":\"Catalogo | Letrame Grupo Editorial\",\"description\":\"\",\"publisher\":{\"@id\":\"https:\/\/letrame.com\/catalogo\/#organization\"},\"potentialAction\":[{\"@type\":\"SearchAction\",\"target\":{\"@type\":\"EntryPoint\",\"urlTemplate\":\"https:\/\/letrame.com\/catalogo\/?s={search_term_string}\"},\"query-input\":{\"@type\":\"PropertyValueSpecification\",\"valueRequired\":true,\"valueName\":\"search_term_string\"}}],\"inLanguage\":\"es\"},{\"@type\":\"Organization\",\"@id\":\"https:\/\/letrame.com\/catalogo\/#organization\",\"name\":\"Catalogo | Letrame Grupo Editorial\",\"url\":\"https:\/\/letrame.com\/catalogo\/\",\"logo\":{\"@type\":\"ImageObject\",\"inLanguage\":\"es\",\"@id\":\"https:\/\/letrame.com\/catalogo\/#\/schema\/logo\/image\/\",\"url\":\"https:\/\/letrame.com\/catalogo\/wp-content\/uploads\/2024\/03\/logo2.webp\",\"contentUrl\":\"https:\/\/letrame.com\/catalogo\/wp-content\/uploads\/2024\/03\/logo2.webp\",\"width\":394,\"height\":128,\"caption\":\"Catalogo | Letrame Grupo Editorial\"},\"image\":{\"@id\":\"https:\/\/letrame.com\/catalogo\/#\/schema\/logo\/image\/\"}}]}<\/script>\n<!-- \/ Yoast SEO plugin. -->","yoast_head_json":{"title":"El camino de tu vida es el m\u00e9todo de tu \u00e9xito - Catalogo | Letrame Grupo Editorial","robots":{"index":"index","follow":"follow","max-snippet":"max-snippet:-1","max-image-preview":"max-image-preview:large","max-video-preview":"max-video-preview:-1"},"canonical":"https:\/\/letrame.com\/catalogo\/producto\/el-camino-de-tu-vida-es-el-metodo-de-tu-exito\/","og_locale":"es_ES","og_type":"article","og_title":"El camino de tu vida es el m\u00e9todo de tu \u00e9xito - Catalogo | Letrame Grupo Editorial","og_description":"ISBN:\u00a0978-84-1068-112-5  SINOPSIS Toda vida tiene su singular historia, pero hay historias de vida que son capaces de cambiar la percepci\u00f3n de la tuya propia.  Una vida extraordinaria que te sumerge en tu yo mas profundo, y te permite descubrir tus patrones, tus creencias, tus valores, tus miedos y todo aquello que ha frenado tu progreso y tu \u00e9xito.  La metodolog\u00eda de crecimiento personal basada en una biograf\u00eda te permitir\u00e1 descubrir como crear tu propio m\u00e9todo para materializar tus metas y objetivos desde tu aut\u00e9ntico ser.","og_url":"https:\/\/letrame.com\/catalogo\/producto\/el-camino-de-tu-vida-es-el-metodo-de-tu-exito\/","og_site_name":"Catalogo | Letrame Grupo Editorial","article_modified_time":"2024-07-22T13:02:49+00:00","og_image":[{"width":1749,"height":2484,"url":"https:\/\/letrame.com\/catalogo\/wp-content\/uploads\/2024\/05\/webp_elcaminodetuvida_744mm.jpg","type":"image\/jpeg"}],"twitter_card":"summary_large_image","twitter_misc":{"Tiempo de lectura":"1 minuto"},"schema":{"@context":"https:\/\/schema.org","@graph":[{"@type":"WebPage","@id":"https:\/\/letrame.com\/catalogo\/producto\/el-camino-de-tu-vida-es-el-metodo-de-tu-exito\/","url":"https:\/\/letrame.com\/catalogo\/producto\/el-camino-de-tu-vida-es-el-metodo-de-tu-exito\/","name":"El camino de tu vida es el m\u00e9todo de tu \u00e9xito - Catalogo | Letrame Grupo Editorial","isPartOf":{"@id":"https:\/\/letrame.com\/catalogo\/#website"},"primaryImageOfPage":{"@id":"https:\/\/letrame.com\/catalogo\/producto\/el-camino-de-tu-vida-es-el-metodo-de-tu-exito\/#primaryimage"},"image":{"@id":"https:\/\/letrame.com\/catalogo\/producto\/el-camino-de-tu-vida-es-el-metodo-de-tu-exito\/#primaryimage"},"thumbnailUrl":"https:\/\/letrame.com\/catalogo\/wp-content\/uploads\/2024\/05\/webp_elcaminodetuvida_744mm.jpg","datePublished":"2024-05-23T08:06:08+00:00","dateModified":"2024-07-22T13:02:49+00:00","breadcrumb":{"@id":"https:\/\/letrame.com\/catalogo\/producto\/el-camino-de-tu-vida-es-el-metodo-de-tu-exito\/#breadcrumb"},"inLanguage":"es","potentialAction":[{"@type":"ReadAction","target":["https:\/\/letrame.com\/catalogo\/producto\/el-camino-de-tu-vida-es-el-metodo-de-tu-exito\/"]}]},{"@type":"ImageObject","inLanguage":"es","@id":"https:\/\/letrame.com\/catalogo\/producto\/el-camino-de-tu-vida-es-el-metodo-de-tu-exito\/#primaryimage","url":"https:\/\/letrame.com\/catalogo\/wp-content\/uploads\/2024\/05\/webp_elcaminodetuvida_744mm.jpg","contentUrl":"https:\/\/letrame.com\/catalogo\/wp-content\/uploads\/2024\/05\/webp_elcaminodetuvida_744mm.jpg","width":1749,"height":2484},{"@type":"BreadcrumbList","@id":"https:\/\/letrame.com\/catalogo\/producto\/el-camino-de-tu-vida-es-el-metodo-de-tu-exito\/#breadcrumb","itemListElement":[{"@type":"ListItem","position":1,"name":"Portada","item":"https:\/\/letrame.com\/catalogo\/"},{"@type":"ListItem","position":2,"name":"Cat\u00e1logo","item":"https:\/\/letrame.com\/catalogo\/"},{"@type":"ListItem","position":3,"name":"El camino de tu vida es el m\u00e9todo de tu \u00e9xito"}]},{"@type":"WebSite","@id":"https:\/\/letrame.com\/catalogo\/#website","url":"https:\/\/letrame.com\/catalogo\/","name":"Catalogo | Letrame Grupo Editorial","description":"","publisher":{"@id":"https:\/\/letrame.com\/catalogo\/#organization"},"potentialAction":[{"@type":"SearchAction","target":{"@type":"EntryPoint","urlTemplate":"https:\/\/letrame.com\/catalogo\/?s={search_term_string}"},"query-input":{"@type":"PropertyValueSpecification","valueRequired":true,"valueName":"search_term_string"}}],"inLanguage":"es"},{"@type":"Organization","@id":"https:\/\/letrame.com\/catalogo\/#organization","name":"Catalogo | Letrame Grupo Editorial","url":"https:\/\/letrame.com\/catalogo\/","logo":{"@type":"ImageObject","inLanguage":"es","@id":"https:\/\/letrame.com\/catalogo\/#\/schema\/logo\/image\/","url":"https:\/\/letrame.com\/catalogo\/wp-content\/uploads\/2024\/03\/logo2.webp","contentUrl":"https:\/\/letrame.com\/catalogo\/wp-content\/uploads\/2024\/03\/logo2.webp","width":394,"height":128,"caption":"Catalogo | Letrame Grupo Editorial"},"image":{"@id":"https:\/\/letrame.com\/catalogo\/#\/schema\/logo\/image\/"}}]}},"_links":{"self":[{"href":"https:\/\/letrame.com\/catalogo\/wp-json\/wp\/v2\/product\/100819","targetHints":{"allow":["GET"]}}],"collection":[{"href":"https:\/\/letrame.com\/catalogo\/wp-json\/wp\/v2\/product"}],"about":[{"href":"https:\/\/letrame.com\/catalogo\/wp-json\/wp\/v2\/types\/product"}],"replies":[{"embeddable":true,"href":"https:\/\/letrame.com\/catalogo\/wp-json\/wp\/v2\/comments?post=100819"}],"acf:post":[{"embeddable":true,"href":"https:\/\/letrame.com\/catalogo\/wp-json\/wp\/v2\/author_book\/100630"},{"embeddable":true,"href":"https:\/\/letrame.com\/catalogo\/wp-json\/wp\/v2\/author_book\/100628"}],"wp:featuredmedia":[{"embeddable":true,"href":"https:\/\/letrame.com\/catalogo\/wp-json\/wp\/v2\/media\/100820"}],"wp:attachment":[{"href":"https:\/\/letrame.com\/catalogo\/wp-json\/wp\/v2\/media?parent=100819"}],"wp:term":[{"taxonomy":"libro","embeddable":true,"href":"https:\/\/letrame.com\/catalogo\/wp-json\/wp\/v2\/libro?post=100819"},{"taxonomy":"product_brand","embeddable":true,"href":"https:\/\/letrame.com\/catalogo\/wp-json\/wp\/v2\/product_brand?post=100819"},{"taxonomy":"product_cat","embeddable":true,"href":"https:\/\/letrame.com\/catalogo\/wp-json\/wp\/v2\/product_cat?post=100819"},{"taxonomy":"product_tag","embeddable":true,"href":"https:\/\/letrame.com\/catalogo\/wp-json\/wp\/v2\/product_tag?post=100819"}],"curies":[{"name":"wp","href":"https:\/\/api.w.org\/{rel}","templated":true}]}}